{"id":2406,"date":"2024-01-29T03:28:51","date_gmt":"2024-01-29T03:28:51","guid":{"rendered":"https:\/\/www.gamiac.com\/about-us\/"},"modified":"2024-03-18T05:42:21","modified_gmt":"2024-03-18T05:42:21","slug":"about-us","status":"publish","type":"page","link":"https:\/\/www.gamiac.com\/de\/about-us\/","title":{"rendered":"\u00dcber uns"},"content":{"rendered":"<section class=\"l-section wpb_row us_custom_b7a68ffe height_medium\"><div class=\"l-section-h i-cf\"><div class=\"g-cols vc_row via_grid cols_1 laptops-cols_inherit tablets-cols_inherit mobiles-cols_1 valign_top type_default stacking_default\"><div class=\"wpb_column vc_column_container\"><div class=\"vc_column-inner\"><div class=\"g-cols wpb_row via_grid cols_1 laptops-cols_inherit tablets-cols_inherit mobiles-cols_1 valign_top type_default stacking_default\" style=\"--gap:3rem;\"><div class=\"wpb_column vc_column_container\"><div class=\"vc_column-inner\"><div class=\"w-image align_center\"><div class=\"w-image-h\"><img decoding=\"async\" width=\"150\" height=\"150\" src=\"https:\/\/www.gamiac.com\/wp-content\/uploads\/2024\/01\/Gamiac-logo-V1.png\" class=\"attachment-us_150_0 size-us_150_0 wvs-archive-product-image\" alt=\"\" loading=\"lazy\" srcset=\"https:\/\/www.gamiac.com\/wp-content\/uploads\/2024\/01\/Gamiac-logo-V1.png 300w, https:\/\/www.gamiac.com\/wp-content\/uploads\/2024\/01\/Gamiac-logo-V1-100x100.png 100w, https:\/\/www.gamiac.com\/wp-content\/uploads\/2024\/01\/Gamiac-logo-V1-50x50.png 50w\" sizes=\"(max-width: 150px) 100vw, 150px\" \/><\/div><\/div><\/div><\/div><\/div><div class=\"w-separator size_small\"><\/div><div class=\"g-cols wpb_row via_grid cols_custom laptops-cols_inherit tablets-cols_inherit mobiles-cols_1 valign_top type_default stacking_default\" style=\"--gap:3rem;--custom-columns:0.5fr 5fr 0.5fr \"><div class=\"wpb_column vc_column_container\"><div class=\"vc_column-inner\"><\/div><\/div><div class=\"wpb_column vc_column_container\"><div class=\"vc_column-inner\">[vc_custom_heading text=&#8220;\u00dcber GAMIAC&#8220; font_container=&#8220;tag:h2|text_align:center&#8220; use_theme_fonts=&#8220;yes&#8220; css=&#8220;%7B%22default%22%3A%7B%22color%22%3A%22%23DCDBDB%22%7D%7D&#8220;]<div class=\"wpb_text_column us_custom_6df4bc3a has_text_color\"><div class=\"wpb_wrapper\"><p style=\"text-align: center;\">Willkommen zu GAMIAC &#8211; wo Gaming nicht nur ein Hobby, sondern ein farbenfroher Lifestyle mit hoher Oktanzahl ist! Wir bei GAMIAC verstehen das. Sie sind ein Gaming-Maniac und verdienen Ausr\u00fcstung, die Ihnen dabei Hilft, mit Ihrer Leidenschaft Schritt zu halten. Hier kommen wir ins Spiel, bieten eine lebhafte Auswahl an Gaming-Headsets, Tastaturen, M\u00e4usen und Mauspads. Wir glauben, dass gut gefertigte Gaming-Ausr\u00fcstung kein Luxus sein sollte &#8211; es ist eine Notwendigkeit f\u00fcr jeden Gamer da drau\u00dfen.    <\/p>\n<\/div><\/div><\/div><\/div><div class=\"wpb_column vc_column_container\"><div class=\"vc_column-inner\"><\/div><\/div><\/div><\/div><\/div><\/div><\/div><\/section><section class=\"l-section wpb_row us_custom_e9899b5c height_small\"><div class=\"l-section-h i-cf\"><div class=\"g-cols vc_row via_grid cols_1 laptops-cols_inherit tablets-cols_inherit mobiles-cols_1 valign_top type_default stacking_default\"><div class=\"wpb_column vc_column_container\"><div class=\"vc_column-inner\"><div class=\"g-cols wpb_row via_grid cols_2-3 laptops-cols_inherit tablets-cols_inherit mobiles-cols_1 valign_top type_default stacking_default\" style=\"--gap:4rem;\"><div class=\"wpb_column vc_column_container\"><div class=\"vc_column-inner\"><div class=\"w-separator size_medium\"><\/div><div class=\"wpb_text_column us_custom_6df4bc3a has_text_color\"><div class=\"wpb_wrapper\"><p style=\"text-align: left;\">Unser Motto? Qualit\u00e4t zu einem fairen Preis. Wir liefern Ausr\u00fcstung, die sowohl optisch als auch haptisch \u00fcberzeugt und professionelle Leistung erm\u00f6glicht. Egal, ob du Gelegenheitskrieger, Mitternachtsmagier oder ein Scharfsch\u00fctze bist &#8211; GAMIAC versorgt dein Gaming mit dem n\u00f6tigen Equipment.    <\/p>\n<p>Unsere Mitgliedschaft in der Pro Gamers Group erm\u00f6glicht es uns, mit jahrelanger High-End-Entwicklung und Branchenkenntnis unseren Werten gerecht zu werden. Diese Beziehung bietet die Grundlage daf\u00fcr, Produkte zu entwickeln, die nicht nur cool und farbenfroh sind, sondern deinem Spiel zu neuen H\u00f6henfl\u00fcgen verhelfen. Werde Teil der GAMIAC-Gang und r\u00fcste dich f\u00fcr den Ruhm!  <\/p>\n<\/div><\/div><\/div><\/div><div class=\"wpb_column vc_column_container\"><div class=\"vc_column-inner\"><div class=\"w-image style_shadow-1 has_ratio align_center\"><div class=\"w-image-h\"><div style=\"padding-bottom:75%\"><\/div><img decoding=\"async\" width=\"2560\" height=\"1400\" src=\"https:\/\/www.gamiac.com\/wp-content\/uploads\/2024\/01\/Category-mice-bg-2x_1.jpg\" class=\"attachment-full size-full wvs-archive-product-image\" alt=\"\" loading=\"lazy\" srcset=\"https:\/\/www.gamiac.com\/wp-content\/uploads\/2024\/01\/Category-mice-bg-2x_1.jpg 2560w, https:\/\/www.gamiac.com\/wp-content\/uploads\/2024\/01\/Category-mice-bg-2x_1-700x383.jpg 700w, https:\/\/www.gamiac.com\/wp-content\/uploads\/2024\/01\/Category-mice-bg-2x_1-300x164.jpg 300w, https:\/\/www.gamiac.com\/wp-content\/uploads\/2024\/01\/Category-mice-bg-2x_1-600x328.jpg 600w, https:\/\/www.gamiac.com\/wp-content\/uploads\/2024\/01\/Category-mice-bg-2x_1-450x246.jpg 450w, https:\/\/www.gamiac.com\/wp-content\/uploads\/2024\/01\/Category-mice-bg-2x_1-150x82.jpg 150w\" sizes=\"(max-width: 2560px) 100vw, 2560px\" \/><\/div><\/div><\/div><\/div><\/div><div class=\"w-separator size_medium\"><\/div><\/div><\/div><\/div><\/div><\/section>\n","protected":false},"excerpt":{"rendered":"[vc_custom_heading text=\"\u00dcber GAMIAC\" font_container=\"tag:h2|text_align:center\" use_theme_fonts=\"yes\" css=\"%7B%22default%22%3A%7B%22color%22%3A%22%23DCDBDB%22%7D%7D\"] Willkommen zu GAMIAC &#8211; wo Gaming nicht nur ein Hobby, sondern ein farbenfroher Lifestyle mit hoher Oktanzahl ist! Wir bei GAMIAC verstehen das. Sie sind ein Gaming-Maniac und verdienen Ausr\u00fcstung, die Ihnen dabei Hilft, mit Ihrer Leidenschaft Schritt zu halten. Hier kommen wir ins Spiel, bieten eine lebhafte Auswahl...","protected":false},"author":7,"featured_media":0,"parent":0,"menu_order":0,"comment_status":"closed","ping_status":"closed","template":"","meta":{"inline_featured_image":false,"footnotes":""},"class_list":["post-2406","page","type-page","status-publish","hentry"],"_links":{"self":[{"href":"https:\/\/www.gamiac.com\/de\/wp-json\/wp\/v2\/pages\/2406"}],"collection":[{"href":"https:\/\/www.gamiac.com\/de\/wp-json\/wp\/v2\/pages"}],"about":[{"href":"https:\/\/www.gamiac.com\/de\/wp-json\/wp\/v2\/types\/page"}],"author":[{"embeddable":true,"href":"https:\/\/www.gamiac.com\/de\/wp-json\/wp\/v2\/users\/7"}],"replies":[{"embeddable":true,"href":"https:\/\/www.gamiac.com\/de\/wp-json\/wp\/v2\/comments?post=2406"}],"version-history":[{"count":8,"href":"https:\/\/www.gamiac.com\/de\/wp-json\/wp\/v2\/pages\/2406\/revisions"}],"predecessor-version":[{"id":2797,"href":"https:\/\/www.gamiac.com\/de\/wp-json\/wp\/v2\/pages\/2406\/revisions\/2797"}],"wp:attachment":[{"href":"https:\/\/www.gamiac.com\/de\/wp-json\/wp\/v2\/media?parent=2406"}],"curies":[{"name":"wp","href":"https:\/\/api.w.org\/{rel}","templated":true}]}}