{"id":2484,"date":"2024-01-26T03:42:51","date_gmt":"2024-01-26T03:42:51","guid":{"rendered":"https:\/\/www.gamiac.com\/tech-support\/"},"modified":"2024-02-26T06:34:35","modified_gmt":"2024-02-26T06:34:35","slug":"tech-support","status":"publish","type":"page","link":"https:\/\/www.gamiac.com\/de\/tech-support\/","title":{"rendered":"Technischer Kundendienst"},"content":{"rendered":"<section class=\"l-section wpb_row height_small width_custom\" style=\"--site-content-width:1600px;\"><div class=\"l-section-h i-cf\"><div class=\"g-cols vc_row via_grid cols_1 laptops-cols_inherit tablets-cols_inherit mobiles-cols_1 valign_middle type_default stacking_default\"><div class=\"wpb_column vc_column_container\"><div class=\"vc_column-inner\"><div class=\"g-cols wpb_row via_grid cols_1 laptops-cols_inherit tablets-cols_inherit mobiles-cols_1 valign_middle type_default stacking_default\" style=\"--gap:3rem;\"><div class=\"wpb_column vc_column_container\"><div class=\"vc_column-inner\"><div class=\"w-image us_custom_e5a1bcaa style_shadow-1 align_center\"><div class=\"w-image-h\"><img decoding=\"async\" width=\"1600\" height=\"500\" src=\"https:\/\/www.gamiac.com\/wp-content\/uploads\/2024\/01\/FP-techsupport-bg.jpg\" class=\"attachment-full size-full wvs-archive-product-image\" alt=\"\" loading=\"lazy\" srcset=\"https:\/\/www.gamiac.com\/wp-content\/uploads\/2024\/01\/FP-techsupport-bg.jpg 1600w, https:\/\/www.gamiac.com\/wp-content\/uploads\/2024\/01\/FP-techsupport-bg-700x219.jpg 700w, https:\/\/www.gamiac.com\/wp-content\/uploads\/2024\/01\/FP-techsupport-bg-300x94.jpg 300w, https:\/\/www.gamiac.com\/wp-content\/uploads\/2024\/01\/FP-techsupport-bg-600x188.jpg 600w, https:\/\/www.gamiac.com\/wp-content\/uploads\/2024\/01\/FP-techsupport-bg-450x141.jpg 450w\" sizes=\"(max-width: 1600px) 100vw, 1600px\" \/><\/div><\/div><\/div><\/div><\/div><div class=\"w-separator size_small\"><\/div><div class=\"g-cols wpb_row via_grid cols_1-3 laptops-cols_inherit tablets-cols_inherit mobiles-cols_1 valign_middle type_default stacking_default\" style=\"--gap:3rem;\"><div class=\"wpb_column vc_column_container\"><div class=\"vc_column-inner\"><span class=\"w-text us_custom_eb5d1f53 has_text_color\"><span class=\"w-text-h\"><span class=\"w-text-value\">Technischer Kundendienst<\/span><\/span><\/span><\/div><\/div><div class=\"wpb_column vc_column_container\"><div class=\"vc_column-inner\"><\/div><\/div><\/div><\/div><\/div><\/div><\/div><\/section><section class=\"l-section wpb_row height_small\"><div class=\"l-section-h i-cf\"><div class=\"g-cols vc_row via_grid cols_1 laptops-cols_inherit tablets-cols_inherit mobiles-cols_1 valign_top type_default stacking_default\"><div class=\"wpb_column vc_column_container\"><div class=\"vc_column-inner\"><div class=\"g-cols wpb_row via_grid cols_custom laptops-cols_inherit tablets-cols_inherit mobiles-cols_1 valign_top type_default stacking_default\" style=\"--gap:3rem;--custom-columns:1fr 4fr 1fr \"><div class=\"wpb_column vc_column_container\"><div class=\"vc_column-inner\"><\/div><\/div><div class=\"wpb_column vc_column_container\"><div class=\"vc_column-inner\"><div class=\"wpb_text_column\"><div class=\"wpb_wrapper\"><p style=\"text-align: center;\">Bitte f\u00fcllen Sie das nachstehende Formular mit allen Fragen aus, die Sie m\u00f6glicherweise in Bezug auf unsere Produkte haben. Wir werden Ihnen so schnell wie m\u00f6glich antworten.<\/p>\n<\/div><\/div><\/div><\/div><div class=\"wpb_column vc_column_container\"><div class=\"vc_column-inner\"><\/div><\/div><\/div><div class=\"w-separator size_small\"><\/div><div class=\"g-cols wpb_row via_grid cols_custom laptops-cols_inherit tablets-cols_inherit mobiles-cols_1 valign_top type_default stacking_default\" style=\"--gap:3rem;--custom-columns:1fr 4fr 1fr \"><div class=\"wpb_column vc_column_container\"><div class=\"vc_column-inner\"><\/div><\/div><div class=\"wpb_column vc_column_container\"><div class=\"vc_column-inner\">\n<div class=\"wpcf7 no-js\" id=\"wpcf7-f2475-o1\" lang=\"de-DE\" dir=\"ltr\">\n<div class=\"screen-reader-response\"><p role=\"status\" aria-live=\"polite\" aria-atomic=\"true\"><\/p> <ul><\/ul><\/div>\n<form action=\"\/de\/wp-json\/wp\/v2\/pages\/2484#wpcf7-f2475-o1\" method=\"post\" class=\"wpcf7-form init\" aria-label=\"Kontaktformular\" novalidate=\"novalidate\" data-status=\"init\">\n<div style=\"display: none;\">\n<input type=\"hidden\" name=\"_wpcf7\" value=\"2475\" \/>\n<input type=\"hidden\" name=\"_wpcf7_version\" value=\"5.9.8\" \/>\n<input type=\"hidden\" name=\"_wpcf7_locale\" value=\"de_DE\" \/>\n<input type=\"hidden\" name=\"_wpcf7_unit_tag\" value=\"wpcf7-f2475-o1\" \/>\n<input type=\"hidden\" name=\"_wpcf7_container_post\" value=\"0\" \/>\n<input type=\"hidden\" name=\"_wpcf7_posted_data_hash\" value=\"\" \/>\n<input type=\"hidden\" name=\"_wpcf7_recaptcha_response\" value=\"\" \/>\n<\/div>\n<p><label>Produkttyp*<br \/>\n<span class=\"wpcf7-form-control-wrap\" data-name=\"Product\"><select class=\"wpcf7-form-control wpcf7-select wpcf7-validates-as-required\" aria-required=\"true\" aria-invalid=\"false\" name=\"Product\"><option value=\"Select\">Select<\/option><option value=\"M\u00e4use\">M\u00e4use<\/option><option value=\"Tastaturen\">Tastaturen<\/option><option value=\"Headsets\">Headsets<\/option><option value=\"Mauspads\">Mauspads<\/option><\/select><\/span><br \/>\n<\/label>\n<\/p>\n<p><label>Modell*<br \/>\n<span class=\"wpcf7-form-control-wrap\" data-name=\"Model\"><input size=\"40\" maxlength=\"400\" class=\"wpcf7-form-control wpcf7-text\" aria-invalid=\"false\" placeholder=\"Model Name\" value=\"\" type=\"text\" name=\"Model\" \/><\/span><\/label>\n<\/p>\n<p><label> Name*<br \/>\n<span class=\"wpcf7-form-control-wrap\" data-name=\"your-name\"><input size=\"40\" maxlength=\"400\" class=\"wpcf7-form-control wpcf7-text wpcf7-validates-as-required\" aria-required=\"true\" aria-invalid=\"false\" placeholder=\"Name*\" value=\"\" type=\"text\" name=\"your-name\" \/><\/span> <\/label>\n<\/p>\n<p><label> E-Mail-Adresse *<br \/>\n<span class=\"wpcf7-form-control-wrap\" data-name=\"your-email\"><input size=\"40\" maxlength=\"400\" class=\"wpcf7-form-control wpcf7-email wpcf7-validates-as-required wpcf7-text wpcf7-validates-as-email\" aria-required=\"true\" aria-invalid=\"false\" placeholder=\"E-Mail-Adresse *\" value=\"\" type=\"email\" name=\"your-email\" \/><\/span> <\/label>\n<\/p>\n<p><label> Land* <\/label><br \/>\n<span class=\"wpcf7-form-control-wrap\" data-name=\"Country\"><select class=\"wpcf7-form-control wpcf7-select\" aria-invalid=\"false\" name=\"Country\"><option value=\"Aruba\">Aruba<\/option><option value=\"Afghanistan\">Afghanistan<\/option><option value=\"Angola\">Angola<\/option><option value=\"Albanien\">Albanien<\/option><option value=\"Andorra\">Andorra<\/option><option value=\"Vereinigte Arabische Emirate\">Vereinigte Arabische Emirate<\/option><option value=\"Argentinien\">Argentinien<\/option><option value=\"Armenien\">Armenien<\/option><option value=\"Amerikanisch-Samoa\">Amerikanisch-Samoa<\/option><option value=\"Antigua und Barbuda\">Antigua und Barbuda<\/option><option value=\"Australien\">Australien<\/option><option value=\"\u00d6sterreich\">\u00d6sterreich<\/option><option value=\"Aserbaidschan\">Aserbaidschan<\/option><option value=\"Burundi\">Burundi<\/option><option value=\"Belgien\">Belgien<\/option><option value=\"Benin\">Benin<\/option><option value=\"Burkina Faso\">Burkina Faso<\/option><option value=\"Bangladesch\">Bangladesch<\/option><option value=\"Bulgarien\">Bulgarien<\/option><option value=\"Bahrain\">Bahrain<\/option><option value=\"Bahamas\">Bahamas<\/option><option value=\"Bosnien und Herzegowina\">Bosnien und Herzegowina<\/option><option value=\"Wei\u00dfrussland\">Wei\u00dfrussland<\/option><option value=\"Belize\">Belize<\/option><option value=\"Bermuda\">Bermuda<\/option><option value=\"Bolivien\">Bolivien<\/option><option value=\"Brasilien\">Brasilien<\/option><option value=\"Barbados\">Barbados<\/option><option value=\"Brunei\">Brunei<\/option><option value=\"Bhutan\">Bhutan<\/option><option value=\"Botswana\">Botswana<\/option><option value=\"Zentralafrikanische Republik\">Zentralafrikanische Republik<\/option><option value=\"Kanada\">Kanada<\/option><option value=\"Schweiz\">Schweiz<\/option><option value=\"Chile\">Chile<\/option><option value=\"China\">China<\/option><option value=\"Elfenbeink\u00fcste\">Elfenbeink\u00fcste<\/option><option value=\"Kamerun\">Kamerun<\/option><option value=\"Demokratische Republik Kongo\">Demokratische Republik Kongo<\/option><option value=\"Kongo\">Kongo<\/option><option value=\"Cookinseln\">Cookinseln<\/option><option value=\"Kolumbien\">Kolumbien<\/option><option value=\"Komoren\">Komoren<\/option><option value=\"Kap Verde\">Kap Verde<\/option><option value=\"Costa Rica\">Costa Rica<\/option><option value=\"Kuba\">Kuba<\/option><option value=\"Kaimaninseln\">Kaimaninseln<\/option><option value=\"Zypern\">Zypern<\/option><option value=\"Tschechien\">Tschechien<\/option><option value=\"Deutschland\">Deutschland<\/option><option value=\"Dschibuti\">Dschibuti<\/option><option value=\"Dominica\">Dominica<\/option><option value=\"D\u00e4nemark\">D\u00e4nemark<\/option><option value=\"Dominikanische Republik\">Dominikanische Republik<\/option><option value=\"Algerien\">Algerien<\/option><option value=\"Ecuador\">Ecuador<\/option><option value=\"\u00c4gypten\">\u00c4gypten<\/option><option value=\"Eritrea\">Eritrea<\/option><option value=\"Spanien\">Spanien<\/option><option value=\"Estland\">Estland<\/option><option value=\"\u00c4thiopien\">\u00c4thiopien<\/option><option value=\"Finnland\">Finnland<\/option><option value=\"Fidschi\">Fidschi<\/option><option value=\"Frankreich\">Frankreich<\/option><option value=\"Mikronesien, F\u00f6derierte Staaten von\">Mikronesien, F\u00f6derierte Staaten von<\/option><option value=\"Gabun\">Gabun<\/option><option value=\"Vereinigtes K\u00f6nigreich von Gro\u00dfbritannien und Nordirland\">Vereinigtes K\u00f6nigreich von Gro\u00dfbritannien und Nordirland<\/option><option value=\"Georgien\">Georgien<\/option><option value=\"Ghana\">Ghana<\/option><option value=\"Guinea\">Guinea<\/option><option value=\"Gambia\">Gambia<\/option><option value=\"Guinea-Bissau\">Guinea-Bissau<\/option><option value=\"\u00c4quatorialguinea\">\u00c4quatorialguinea<\/option><option value=\"Griechenland\">Griechenland<\/option><option value=\"Grenada\">Grenada<\/option><option value=\"Guatemala\">Guatemala<\/option><option value=\"Guam\">Guam<\/option><option value=\"Guyana\">Guyana<\/option><option value=\"Hongkong\">Hongkong<\/option><option value=\"Honduras\">Honduras<\/option><option value=\"Kroatien\">Kroatien<\/option><option value=\"Haiti\">Haiti<\/option><option value=\"Ungarn\">Ungarn<\/option><option value=\"Indonesien\">Indonesien<\/option><option value=\"Indien\">Indien<\/option><option value=\"Irland\">Irland<\/option><option value=\"Iran\">Iran<\/option><option value=\"Irak\">Irak<\/option><option value=\"Island\">Island<\/option><option value=\"Israel\">Israel<\/option><option value=\"Italien\">Italien<\/option><option value=\"Jamaika\">Jamaika<\/option><option value=\"Jordanien\">Jordanien<\/option><option value=\"Japan\">Japan<\/option><option value=\"Kasachstan\">Kasachstan<\/option><option value=\"Kenia\">Kenia<\/option><option value=\"Kirgisistan\">Kirgisistan<\/option><option value=\"Kambodscha\">Kambodscha<\/option><option value=\"Kiribati\">Kiribati<\/option><option value=\"St. Kitts und Nevis\">St. Kitts und Nevis<\/option><option value=\"S\u00fcdkorea\">S\u00fcdkorea<\/option><option value=\"Kuwait\">Kuwait<\/option><option value=\"Laos\">Laos<\/option><option value=\"Libanon\">Libanon<\/option><option value=\"Liberia\">Liberia<\/option><option value=\"Libyen\">Libyen<\/option><option value=\"St. Lucia\">St. Lucia<\/option><option value=\"Liechtenstein\">Liechtenstein<\/option><option value=\"Sri Lanka\">Sri Lanka<\/option><option value=\"Lesotho\">Lesotho<\/option><option value=\"Litauen\">Litauen<\/option><option value=\"Luxemburg\">Luxemburg<\/option><option value=\"Lettland\">Lettland<\/option><option value=\"Marokko\">Marokko<\/option><option value=\"Monaco\">Monaco<\/option><option value=\"Moldawien\">Moldawien<\/option><option value=\"Madagaskar\">Madagaskar<\/option><option value=\"Malediven\">Malediven<\/option><option value=\"Mexiko\">Mexiko<\/option><option value=\"Marshallinseln\">Marshallinseln<\/option><option value=\"Nordmazedonien\">Nordmazedonien<\/option><option value=\"Mali\">Mali<\/option><option value=\"Malta\">Malta<\/option><option value=\"Myanmar\">Myanmar<\/option><option value=\"Montenegro\">Montenegro<\/option><option value=\"Mongolei\">Mongolei<\/option><option value=\"Mosambik\">Mosambik<\/option><option value=\"Mauretanien\">Mauretanien<\/option><option value=\"Mauritius\">Mauritius<\/option><option value=\"Malawi\">Malawi<\/option><option value=\"Malaysia\">Malaysia<\/option><option value=\"Namibia\">Namibia<\/option><option value=\"Niger\">Niger<\/option><option value=\"Nigeria\">Nigeria<\/option><option value=\"Nicaragua\">Nicaragua<\/option><option value=\"K\u00f6nigreich der Niederlande\">K\u00f6nigreich der Niederlande<\/option><option value=\"Norwegen\">Norwegen<\/option><option value=\"Nepal\">Nepal<\/option><option value=\"Nauru\">Nauru<\/option><option value=\"Neuseeland\">Neuseeland<\/option><option value=\"Oman\">Oman<\/option><option value=\"Pakistan\">Pakistan<\/option><option value=\"Panama\">Panama<\/option><option value=\"Peru\">Peru<\/option><option value=\"Philippinen\">Philippinen<\/option><option value=\"Palau\">Palau<\/option><option value=\"Papua-Neuguinea\">Papua-Neuguinea<\/option><option value=\"Polen\">Polen<\/option><option value=\"Puerto Rico\">Puerto Rico<\/option><option value=\"Nordkorea\">Nordkorea<\/option><option value=\"Portugal\">Portugal<\/option><option value=\"Paraguay\">Paraguay<\/option><option value=\"Pal\u00e4stina\">Pal\u00e4stina<\/option><option value=\"Katar\">Katar<\/option><option value=\"Rum\u00e4nien\">Rum\u00e4nien<\/option><option value=\"Russland\">Russland<\/option><option value=\"Ruanda\">Ruanda<\/option><option value=\"Saudi-Arabien\">Saudi-Arabien<\/option><option value=\"Sudan\">Sudan<\/option><option value=\"Senegal\">Senegal<\/option><option value=\"Singapur\">Singapur<\/option><option value=\"Salomonen\">Salomonen<\/option><option value=\"Sierra Leone\">Sierra Leone<\/option><option value=\"El Salvador\">El Salvador<\/option><option value=\"San Marino\">San Marino<\/option><option value=\"Somalia\">Somalia<\/option><option value=\"Serbien\">Serbien<\/option><option value=\"S\u00fcdsudan\">S\u00fcdsudan<\/option><option value=\"S\u00e3o Tom\u00e9 und Pr\u00edncipe\">S\u00e3o Tom\u00e9 und Pr\u00edncipe<\/option><option value=\"Suriname\">Suriname<\/option><option value=\"Slowakei\">Slowakei<\/option><option value=\"Slowenien\">Slowenien<\/option><option value=\"Schweden\">Schweden<\/option><option value=\"Eswatini\">Eswatini<\/option><option value=\"Seychellen\">Seychellen<\/option><option value=\"Syrien\">Syrien<\/option><option value=\"Tschad\">Tschad<\/option><option value=\"Togo\">Togo<\/option><option value=\"Thailand\">Thailand<\/option><option value=\"Tadschikistan\">Tadschikistan<\/option><option value=\"Turkmenistan\">Turkmenistan<\/option><option value=\"Osttimor\">Osttimor<\/option><option value=\"Tonga\">Tonga<\/option><option value=\"Trinidad und Tobago\">Trinidad und Tobago<\/option><option value=\"Tunesien\">Tunesien<\/option><option value=\"T\u00fcrkei\">T\u00fcrkei<\/option><option value=\"Tuvalu\">Tuvalu<\/option><option value=\"Taiwan\">Taiwan<\/option><option value=\"Tansania\">Tansania<\/option><option value=\"Uganda\">Uganda<\/option><option value=\"Ukraine\">Ukraine<\/option><option value=\"Uruguay\">Uruguay<\/option><option value=\"Vereinigte Staaten von Amerika\">Vereinigte Staaten von Amerika<\/option><option value=\"Usbekistan\">Usbekistan<\/option><option value=\"St. Vincent und die Grenadinen\">St. Vincent und die Grenadinen<\/option><option value=\"Venezuela\">Venezuela<\/option><option value=\"Britische Jungferninseln\">Britische Jungferninseln<\/option><option value=\"Amerikanische Jungferninseln\">Amerikanische Jungferninseln<\/option><option value=\"Vietnam\">Vietnam<\/option><option value=\"Vanuatu\">Vanuatu<\/option><option value=\"Samoa\">Samoa<\/option><option value=\"Jemen\">Jemen<\/option><option value=\"S\u00fcdafrika\">S\u00fcdafrika<\/option><option value=\"Sambia\">Sambia<\/option><option value=\"Simbabwe\">Simbabwe<\/option><\/select><\/span>\n<\/p>\n<p><label> Betreff*<br \/>\n<span class=\"wpcf7-form-control-wrap\" data-name=\"your-subject\"><input size=\"40\" maxlength=\"400\" class=\"wpcf7-form-control wpcf7-text wpcf7-validates-as-required\" aria-required=\"true\" aria-invalid=\"false\" placeholder=\"Betreff\" value=\"\" type=\"text\" name=\"your-subject\" \/><\/span> <\/label>\n<\/p>\n<p><label> Mitteilung<br \/>\n<span class=\"wpcf7-form-control-wrap\" data-name=\"your-message\"><textarea cols=\"40\" rows=\"10\" maxlength=\"2000\" class=\"wpcf7-form-control wpcf7-textarea\" aria-invalid=\"false\" placeholder=\"Bitte seien Sie in Ihrer Nachricht so ausf\u00fchrlich wie m\u00f6glich.\" name=\"your-message\"><\/textarea><\/span> <\/label>\n<\/p>\n<p><input class=\"wpcf7-form-control wpcf7-submit has-spinner\" type=\"submit\" value=\"Senden\" \/>\n<\/p><div class=\"wpcf7-response-output\" aria-hidden=\"true\"><\/div>\n<\/form>\n<\/div>\n<\/div><\/div><div class=\"wpb_column vc_column_container\"><div class=\"vc_column-inner\"><\/div><\/div><\/div><\/div><\/div><\/div><\/div><\/section>\n","protected":false},"excerpt":{"rendered":"Technischer Kundendienst Bitte f\u00fcllen Sie das nachstehende Formular mit allen Fragen aus, die Sie m\u00f6glicherweise in Bezug auf unsere Produkte haben. Wir werden Ihnen so schnell wie m\u00f6glich antworten. Produkttyp* SelectM\u00e4useTastaturenHeadsetsMauspads Modell* Name* E-Mail-Adresse * Land* ArubaAfghanistanAngolaAlbanienAndorraVereinigte Arabische EmirateArgentinienArmenienAmerikanisch-SamoaAntigua und BarbudaAustralien\u00d6sterreichAserbaidschanBurundiBelgienBeninBurkina FasoBangladeschBulgarienBahrainBahamasBosnien und HerzegowinaWei\u00dfrusslandBelizeBermudaBolivienBrasilienBarbadosBruneiBhutanBotswanaZentralafrikanische RepublikKanadaSchweizChileChinaElfenbeink\u00fcsteKamerunDemokratische Republik KongoKongoCookinselnKolumbienKomorenKap VerdeCosta RicaKubaKaimaninselnZypernTschechienDeutschlandDschibutiDominicaD\u00e4nemarkDominikanische RepublikAlgerienEcuador\u00c4gyptenEritreaSpanienEstland\u00c4thiopienFinnlandFidschiFrankreichMikronesien, F\u00f6derierte Staaten vonGabunVereinigtes K\u00f6nigreich von...","protected":false},"author":7,"featured_media":0,"parent":0,"menu_order":0,"comment_status":"closed","ping_status":"closed","template":"","meta":{"inline_featured_image":false,"footnotes":""},"class_list":["post-2484","page","type-page","status-publish","hentry"],"_links":{"self":[{"href":"https:\/\/www.gamiac.com\/de\/wp-json\/wp\/v2\/pages\/2484"}],"collection":[{"href":"https:\/\/www.gamiac.com\/de\/wp-json\/wp\/v2\/pages"}],"about":[{"href":"https:\/\/www.gamiac.com\/de\/wp-json\/wp\/v2\/types\/page"}],"author":[{"embeddable":true,"href":"https:\/\/www.gamiac.com\/de\/wp-json\/wp\/v2\/users\/7"}],"replies":[{"embeddable":true,"href":"https:\/\/www.gamiac.com\/de\/wp-json\/wp\/v2\/comments?post=2484"}],"version-history":[{"count":3,"href":"https:\/\/www.gamiac.com\/de\/wp-json\/wp\/v2\/pages\/2484\/revisions"}],"predecessor-version":[{"id":2498,"href":"https:\/\/www.gamiac.com\/de\/wp-json\/wp\/v2\/pages\/2484\/revisions\/2498"}],"wp:attachment":[{"href":"https:\/\/www.gamiac.com\/de\/wp-json\/wp\/v2\/media?parent=2484"}],"curies":[{"name":"wp","href":"https:\/\/api.w.org\/{rel}","templated":true}]}}