{"id":2537,"date":"2023-08-01T07:46:25","date_gmt":"2023-08-01T07:46:25","guid":{"rendered":"https:\/\/www.gamiac.com\/?page_id=2537"},"modified":"2024-03-18T06:00:09","modified_gmt":"2024-03-18T06:00:09","slug":"privacy-policy","status":"publish","type":"page","link":"https:\/\/www.gamiac.com\/de\/privacy-policy\/","title":{"rendered":"DATENSCHUTZERKL\u00c4RUNG"},"content":{"rendered":"<section class=\"l-section wpb_row us_custom_e9899b5c height_auto width_custom\" style=\"--site-content-width:1330px;\"><div class=\"l-section-h i-cf\"><div class=\"g-cols vc_row via_grid cols_1 laptops-cols_inherit tablets-cols_inherit mobiles-cols_1 valign_middle type_default stacking_default\"><div class=\"wpb_column vc_column_container\"><div class=\"vc_column-inner\"><div class=\"w-separator size_custom\" style=\"height:10px\" id=\"i09d\"><style><\/style><\/div><div class=\"g-cols wpb_row via_grid cols_2 laptops-cols_inherit tablets-cols_inherit mobiles-cols_1 valign_middle type_default stacking_default\" style=\"--gap:3rem;\"><div class=\"wpb_column vc_column_container\"><div class=\"vc_column-inner\"><div class=\"wpb_text_column us_custom_6df4bc3a has_text_color\"><div class=\"wpb_wrapper\"><p>Bitte lesen Sie Folgendes, um mehr \u00fcber unsere Datenschutzerkl\u00e4rung zu erfahren.<\/p>\n<\/div><\/div><\/div><\/div><div class=\"wpb_column vc_column_container\"><div class=\"vc_column-inner\"><div class=\"w-image align_center\"><div class=\"w-image-h\"><img decoding=\"async\" width=\"150\" height=\"150\" src=\"https:\/\/www.gamiac.com\/wp-content\/uploads\/2024\/01\/Gamiac-logo-V1.png\" class=\"attachment-us_150_0 size-us_150_0 wvs-archive-product-image\" alt=\"\" loading=\"lazy\" srcset=\"https:\/\/www.gamiac.com\/wp-content\/uploads\/2024\/01\/Gamiac-logo-V1.png 300w, https:\/\/www.gamiac.com\/wp-content\/uploads\/2024\/01\/Gamiac-logo-V1-100x100.png 100w, https:\/\/www.gamiac.com\/wp-content\/uploads\/2024\/01\/Gamiac-logo-V1-50x50.png 50w\" sizes=\"(max-width: 150px) 100vw, 150px\" \/><\/div><\/div><\/div><\/div><\/div><div class=\"w-separator size_custom\" style=\"height:10px\" id=\"n4b8\"><style><\/style><\/div><\/div><\/div><\/div><\/div><\/section><section class=\"l-section wpb_row height_medium width_custom\" style=\"--site-content-width:1330px;\"><div class=\"l-section-h i-cf\"><div class=\"g-cols vc_row via_grid cols_1 laptops-cols_inherit tablets-cols_inherit mobiles-cols_1 valign_middle type_default stacking_default\"><div class=\"wpb_column vc_column_container\"><div class=\"vc_column-inner\"><div class=\"g-cols wpb_row via_grid cols_1 laptops-cols_inherit tablets-cols_inherit mobiles-cols_1 valign_middle type_default stacking_default\" style=\"--gap:3rem;\"><div class=\"wpb_column vc_column_container\"><div class=\"vc_column-inner\"><div class=\"wpb_text_column\"><div class=\"wpb_wrapper\"><p><strong>Was diese Datenschutzerkl\u00e4rung abdeckt<\/strong><\/p>\n<ul>\n<li>Diese Richtlinie deckt ab, wie GAMIAC personenbezogene Daten behandelt, die GAMIAC sammelt und empf\u00e4ngt, einschlie\u00dflich Daten in Bezug auf Ihre fr\u00fchere Nutzung von GAMIAC-Produkten und -Diensten. Personenbezogene Daten sind Daten, die Sie pers\u00f6nlich identifizieren k\u00f6nnen, wie Ihr Name, Ihre Anschrift, Ihre E-Mail-Adresse oder Telefonnummer, und die nicht anderweitig \u00f6ffentlich verf\u00fcgbar sind.<\/li>\n<li>Diese Richtlinie gilt nicht f\u00fcr die Praktiken von Unternehmen, die nicht Eigentum von GAMIAC oder unter GAMIACs Kontrolle stehen, sowie f\u00fcr Personen, die nicht bei GAMIAC besch\u00e4ftigt sind oder von GAMIAC verwaltet werden. Zudem k\u00f6nnten bestimmte mit GAMIAC verbundene Unternehmen ihre eigenen Datenschutzerkl\u00e4rungen haben.<\/li>\n<\/ul>\n<\/div><\/div><div class=\"w-separator size_small\"><\/div><div class=\"wpb_text_column\"><div class=\"wpb_wrapper\"><p><strong>Erfassung und Nutzung von Daten<\/strong><\/p>\n<ul>\n<li>GAMIAC sammelt und speichert Ihre personenbezogenen Daten, wenn Sie sich bei GAMIAC registrieren, wenn Sie GAMIAC-Produkte oder -Dienste nutzen, GAMIAC-Seiten oder Seiten bestimmter GAMIAC-Partner besuchen und an Werbeaktionen oder Gewinnspielen teilnehmen.<\/li>\n<li>Wenn Sie sich auf unserer Website registrieren, bittet Sie GAMIAC um die Eingabe einiger personenbezogener Daten, was Ihren Namen, Ihre Anschrift, Ihre E-Mail-Adresse, Ihr Geburtsdatum, Ihr Geschlecht, Ihre Postleitzahl, Ihren Beruf, Ihre Branche, pers\u00f6nliche Interessen und andere Informationen \u00fcber Ihre Verm\u00f6genswerte beinhaltet, und die zuvor genannten Informationen werden basierend auf Ihrer Zustimmung an GAMIAC weitergegeben und von GAMIAC gespeichert und verwendet. Wenn Sie sich erfolgreich auf unserer Website registrieren, wird dies als Best\u00e4tigung Ihrer Zustimmung gewertet. Wenn Sie sich auf unserer Website registrieren und an unseren Diensten anmelden, sind Sie f\u00fcr GAMIAC kein anonymer Nutzer mehr.<\/li>\n<li>Zur Verbesserung des Dienstes und zur Wahrung einer ausgezeichneten Kommunikation mit Kunden nutzt GAMIAC die zuvor erw\u00e4hnten Daten f\u00fcr folgende allgemeine Zwecke:\n<ul>\n<li>Zur Anpassung von Werbung und Inhalten, zur Beantwortung Ihrer Anfragen nach Produkten und Diensten, zur Verbesserung unserer Dienste, zur Kontaktaufnahme mit Ihnen, zur Durchf\u00fchrung von Forschungsarbeiten und zur Bereitstellung anonymer Berichte f\u00fcr interne und externe Kunden.<\/li>\n<li>Zur Erfassung, Speicherung und Kombination der Daten und zur Weitergabe an GAMIACs Tochtergesellschaften und vertrauensw\u00fcrdigen Partner, die im Namen von oder mit GAMIAC basierend auf Vertraulichkeitsvereinbarungen an der Einrichtung eines \u00f6ffentlichen Verwaltungssystems von Kunden arbeiten. Diese Unternehmen k\u00f6nnten Ihre personenbezogenen Daten nutzen, um GAMIAC bei der Kommunikation mit Ihnen \u00fcber Angebote von GAMIAC und unseren Marketing-Partnern zu unterst\u00fctzen. Diese Unternehmen haben jedoch kein unabh\u00e4ngiges Recht, diese Daten weiterzugeben.<\/li>\n<li>Zur Kommunikation mit Ihnen oder zur Best\u00e4tigung Ihrer Anfrage \u00fcber Online-Frageb\u00f6gen, wenn die Daten von GAMIACs Gesch\u00e4ftspartnern oder Unterauftragnehmern verwendet werden, um die Produkt-, Service- und Verkaufsinformationen von GAMIAC zu empfehlen oder vorzustellen.<\/li>\n<\/ul>\n<\/li>\n<\/ul>\n<p>Es wird davon ausgegangen, dass Sie zustimmen, GAMIAC die Sammlung und Verwendung der zuvor genannten Daten basierend auf dieser Datenschutzerkl\u00e4rung zu genehmigen. Sie haben aber dennoch das Recht, die von Ihnen an GAMIAC bereitgestellten Daten zur\u00fcckzuziehen. Zum Schutz Ihrer Rechte k\u00f6nnen Sie eine pers\u00f6nlich von Ihnen unterschriebene Anfrage zum Widerrufen der Rechte per Post an GAMIAC senden. Ihre Anfrage wird innerhalb von sieben (7) Werktagen verarbeitet. GAMIAC verarbeitet Ihre Daten in \u00dcbereinstimmung mit den Gesetzen und Richtlinien der Republik China (Taiwan).<\/p>\n<\/div><\/div><div class=\"w-separator size_small\"><\/div><div class=\"wpb_text_column\"><div class=\"wpb_wrapper\"><p><strong>Cookies<\/strong><\/p>\n<p>Cookies sind kleine Dateien, die eine Website oder ihr Serviceanbieter \u00fcber Ihren Webbrowser auf die Festplatte Ihres Computers \u00fcbertr\u00e4gt (wenn Sie dies zulassen), damit die Systeme der Website oder des Serviceanbieters Ihren Browser erkennen und bestimmte Informationen erfassen und speichern k\u00f6nnen. Beispielsweise helfen uns Cookies dabei, die Artikel in Ihrem Warenkorb zu erfassen und zu verarbeiten. Sie helfen uns au\u00dferdem dabei, Ihre Pr\u00e4ferenzen basierend auf Ihrer fr\u00fcheren oder aktuellen Website-Aktivit\u00e4t zu verstehen, sodass wir Ihnen verbessere Dienste bieten k\u00f6nnen. Zudem nutzen wir Cookies zum Zusammenstellen aggregierter Daten \u00fcber Website-Datenverkehr und -Interaktionen, damit wir k\u00fcnftig bessere Website-Erfahrungen und -Tools bereitstellen k\u00f6nnen.<\/p>\n<p><strong>Wir nutzen Cookies zu folgenden Zwecken:<\/strong><\/p>\n<ul>\n<li>Verstehen und Speichern der Pr\u00e4ferenzen von Nutzern f\u00fcr k\u00fcnftige Besuche.<\/li>\n<li>Verfolgen von Werbeaktionen.<\/li>\n<\/ul>\n<p>Sie k\u00f6nnen sich dazu entscheiden, dass Ihr Computer Sie jedes Mal warnt, wenn ein Cookie gesendet wird, oder Sie k\u00f6nnen alle Cookies abschalten. Sie k\u00f6nnen dies \u00fcber Ihre Browser-Einstellungen (z. B. Internet Explorer) tun. Jeder Browser hat andere Einstellungen. Schauen Sie bitte im Hilfe-Men\u00fc Ihres Browsers nach, wie Sie Ihre Cookie-Einstellungen \u00e4ndern k\u00f6nnen. Wenn Sie Cookies deaktivieren, ist Ihr Website-Erlebnis durch fehlende oder eingeschr\u00e4nkte Funktionen und Merkmale m\u00f6glicherweise beeintr\u00e4chtigt oder einige unserer Dienste funktionieren nicht richtig.<\/p>\n<\/div><\/div><div class=\"w-separator size_small\"><\/div><div class=\"wpb_text_column\"><div class=\"wpb_wrapper\"><p><strong>Haftungsausschluss<\/strong><\/p>\n<p>Diese Website ist das Eigentum von GAMIAC. GAMIAC garantiert jedoch nicht die Sicherheit, Privatsph\u00e4re oder andere relevante Inhalte anderer mit dieser Website verkn\u00fcpfter Websites oder Inhalte. Links begr\u00fcnden keine Mitarbeiter-, Agentur-, Vertreter- oder Partnerschaftsbeziehung.<\/p>\n<p><strong>Vertraulichkeit und Sicherheit<\/strong><\/p>\n<ul>\n<li>Zum Schutz Ihrer Sicherheit und Privatsph\u00e4re werden Ihre Informationen im GAMIAC-Konto durch ein Kennwort gesch\u00fctzt.<\/li>\n<li>In einigen F\u00e4llen nutzt GAMIAC das SSL-Sicherheitssystem zum Schutz von Informationen w\u00e4hrend der \u00dcbertragung.<\/li>\n<li>Wir beschr\u00e4nken den Zugriff auf personenbezogene Daten \u00fcber Sie auf Mitarbeiter, die unserer Meinung nach darauf angewiesen sind, diese Informationen zu nutzen, damit sie Ihnen zur Erf\u00fcllung ihrer Pflichten Produkte oder Dienstleistungen bereitstellen k\u00f6nnen.<\/li>\n<li>Wir haben zum Schutz der personenbezogenen Daten \u00fcber Sie physische, elektronische und verfahrensm\u00e4\u00dfige Sicherheitsvorkehrungen implementiert, die mit Richtlinien auf Bundesebene \u00fcbereinstimmen.<\/li>\n<\/ul>\n<\/div><\/div><div class=\"w-separator size_small\"><\/div><div class=\"wpb_text_column\"><div class=\"wpb_wrapper\"><p><strong>\u00c4nderungen an dieser Datenschutzerkl\u00e4rung<\/strong><\/p>\n<p>GAMIAC beh\u00e4lt sich das Recht vor, diese Richtlinie in Reaktion auf die aktuellsten Bedingungen hin und wieder zu \u00e4ndern oder zu widerrufen. Wir empfehlen Ihnen, diese Richtlinie sorgf\u00e4ltig zu lesen, wann immer dies zum Umgang mit einer neuen Bedingung erforderlich ist. Wir geben etwaige wesentliche \u00c4nderungen auf dieser Website bekannt.<\/p>\n<p><strong>Fragen und Anregungen<\/strong><\/p>\n<p>Sollten Sie Fragen oder Anregungen haben, k\u00f6nnen Sie sich gerne auf folgendem Weg an uns wenden:<\/p>\n<ol>\n<li>Per E-Mail: <a style=\"color: #1e1e1e;\" href=\"mailto:info@gamiac.onmicrosoft.com\" target=\"_blank\" rel=\"noopener\">info@gamiac.onmicrosoft.com<\/a><\/li>\n<\/ol>\n<\/div><\/div><\/div><\/div><\/div><\/div><\/div><\/div><\/div><\/section>\n","protected":false},"excerpt":{"rendered":"Bitte lesen Sie Folgendes, um mehr \u00fcber unsere Datenschutzerkl\u00e4rung zu erfahren. Was diese Datenschutzerkl\u00e4rung abdeckt Diese Richtlinie deckt ab, wie GAMIAC personenbezogene Daten behandelt, die GAMIAC sammelt und empf\u00e4ngt, einschlie\u00dflich Daten in Bezug auf Ihre fr\u00fchere Nutzung von GAMIAC-Produkten und -Diensten. Personenbezogene Daten sind Daten, die Sie pers\u00f6nlich identifizieren k\u00f6nnen, wie Ihr Name, Ihre Anschrift,...","protected":false},"author":7,"featured_media":0,"parent":0,"menu_order":0,"comment_status":"closed","ping_status":"closed","template":"","meta":{"inline_featured_image":false,"footnotes":""},"class_list":["post-2537","page","type-page","status-publish","hentry"],"_links":{"self":[{"href":"https:\/\/www.gamiac.com\/de\/wp-json\/wp\/v2\/pages\/2537"}],"collection":[{"href":"https:\/\/www.gamiac.com\/de\/wp-json\/wp\/v2\/pages"}],"about":[{"href":"https:\/\/www.gamiac.com\/de\/wp-json\/wp\/v2\/types\/page"}],"author":[{"embeddable":true,"href":"https:\/\/www.gamiac.com\/de\/wp-json\/wp\/v2\/users\/7"}],"replies":[{"embeddable":true,"href":"https:\/\/www.gamiac.com\/de\/wp-json\/wp\/v2\/comments?post=2537"}],"version-history":[{"count":5,"href":"https:\/\/www.gamiac.com\/de\/wp-json\/wp\/v2\/pages\/2537\/revisions"}],"predecessor-version":[{"id":2839,"href":"https:\/\/www.gamiac.com\/de\/wp-json\/wp\/v2\/pages\/2537\/revisions\/2839"}],"wp:attachment":[{"href":"https:\/\/www.gamiac.com\/de\/wp-json\/wp\/v2\/media?parent=2537"}],"curies":[{"name":"wp","href":"https:\/\/api.w.org\/{rel}","templated":true}]}}