{"id":2608,"date":"2024-01-26T06:48:56","date_gmt":"2024-01-26T06:48:56","guid":{"rendered":"https:\/\/www.gamiac.com\/gamiac-homepage\/"},"modified":"2024-11-18T09:57:09","modified_gmt":"2024-11-18T09:57:09","slug":"gamiac-homepage","status":"publish","type":"page","link":"https:\/\/www.gamiac.com\/de\/","title":{"rendered":"Gamiac Homepage"},"content":{"rendered":"<section class=\"l-section wpb_row height_medium full_height valign_center with_video\"><div id=\"us_bg_video_o607\" class=\"l-section-video\"><script>!function(w){var node = document.getElementById( 'us_bg_video_o607' );if ( w.innerWidth <= 100 ) { node.remove() }}(window);<\/script><style>@media(max-width:100px){#us_bg_video_o607{display:none!important}}<\/style><video  autoplay loop muted playsinline preload=\"auto\"><source type=\"video\/mp4\" src=\"\/wp-content\/uploads\/2024\/01\/GAMICA-FP-Video.mp4\" \/><\/video><\/div><div class=\"l-section-h i-cf\"><div class=\"g-cols vc_row via_grid cols_1 laptops-cols_inherit tablets-cols_inherit mobiles-cols_1 valign_middle type_default stacking_default\"><div class=\"wpb_column vc_column_container\"><div class=\"vc_column-inner\"><div class=\"g-cols wpb_row via_grid cols_1-2-1 laptops-cols_inherit tablets-cols_inherit mobiles-cols_1 valign_top type_default stacking_default\" style=\"--gap:3rem;\"><div class=\"wpb_column vc_column_container\"><div class=\"vc_column-inner\"><\/div><\/div><div class=\"wpb_column vc_column_container\"><div class=\"vc_column-inner\">[vc_custom_heading text=&#8220;Bist du ein GAMIAC?&#8220; font_container=&#8220;tag:h2|text_align:center&#8220; use_theme_fonts=&#8220;yes&#8220; css=&#8220;%7B%22default%22%3A%7B%22color%22%3A%22%23DCDBDB%22%7D%7D&#8220;]<\/div><\/div><div class=\"wpb_column vc_column_container\"><div class=\"vc_column-inner\"><\/div><\/div><\/div><\/div><\/div><\/div><\/div><\/section><section class=\"l-section wpb_row us_custom_0d15be52 height_large width_custom\" style=\"--site-content-width:1640px;\"><div class=\"l-section-h i-cf\"><div class=\"g-cols vc_row via_grid cols_1 laptops-cols_inherit tablets-cols_inherit mobiles-cols_1 valign_top type_default stacking_default\"><div class=\"wpb_column vc_column_container us_custom_fa465e80 has_bg_color\"><div class=\"vc_column-inner\"><div class=\"w-separator size_custom\" style=\"height:9dvh\" id=\"pe44\"><style>@media(max-width:1024px){ #pe44{height:5dvh!important}}@media(max-width:600px){ #pe44{height:0dvh!important}}<\/style><\/div><div class=\"g-cols wpb_row via_grid cols_custom laptops-cols_inherit tablets-cols_inherit mobiles-cols_1 valign_top type_default stacking_default\" style=\"--gap:3rem;--custom-columns:0.5fr 2.5fr 3fr \"><div class=\"wpb_column vc_column_container\"><div class=\"vc_column-inner\"><\/div><\/div><div class=\"wpb_column vc_column_container\"><div class=\"vc_column-inner\">[vc_custom_heading text=&#8220;M\u00c4USE&#8220; use_theme_fonts=&#8220;yes&#8220; css=&#8220;%7B%22default%22%3A%7B%22color%22%3A%22%23f8f8f8%22%7D%7D&#8220;]<div class=\"wpb_text_column us_custom_d5f80afc has_text_color\"><div class=\"wpb_wrapper\"><p style=\"text-align: left;\">Zielgenaue Bewegungen mit unseren RGB-Gaming-M\u00e4usen: Leicht wie eine Feder, aber feurig im Gefecht. Dank PixArt-Sensoren mit technischer Pr\u00e4zision und dezentem RGB stehen sie dir in Gaming-Schlachten verl\u00e4sslich zur Seite.<\/p>\n<\/div><\/div><div class=\"w-separator size_small\"><\/div><div class=\"w-btn-wrapper default_align_none laptops_align_none tablets_align_none mobiles_align_center\"><a class=\"w-btn us-btn-style_3\" href=\"https:\/\/www.gamiac.com\/de\/products\/#mice-category\"><span class=\"w-btn-label\">Entdecken<\/span><\/a><\/div><\/div><\/div><div class=\"wpb_column vc_column_container\"><div class=\"vc_column-inner\"><\/div><\/div><\/div><div class=\"g-cols wpb_row hide_on_mobiles via_grid cols_1 laptops-cols_inherit tablets-cols_inherit mobiles-cols_1 valign_top type_default stacking_default\" style=\"--gap:3rem;\"><div class=\"wpb_column vc_column_container\"><div class=\"vc_column-inner\"><div id=\"ult-easy-separator-320850301669fd1913b837b\" class=\"ult-easy-separator-wrapper ult-responsive ult-top-easy-separator ult-easy-separator-no-default ult-right-img\" style=\"transform: translate(0,-90%)!important;-ms-transform: translate(0,-90%)!important;-webkit-transform: translate(0,-90%)!important;right:15%;transform: translate(15%,-90%);-ms-transform: translate(15%,-90%);-webkit-transform: translate(15%,-90%);\" data-vc-row=\"wpb_row\"  data-ultimate-target='#ult-easy-separator-320850301669fd1913b837b'  data-responsive-json-new='{\"width\":\"desktop:530px;tablet:250px;tablet_portrait:200px;mobile_landscape:200px;\"}' ><div class=\"ult-easy-separator-inner-wrapper\"><div class=\"ult-no-animation\" style=\"opacity:0;\"   ><img decoding=\"async\" class=\"ult-easy-separator-img\" alt=\"null\" src=\"https:\/\/www.gamiac.com\/wp-content\/uploads\/2024\/01\/FP-mouse-banner-1-1.png\" \/><\/div><\/div><\/div><\/div><\/div><\/div><div class=\"g-cols wpb_row hide_on_default hide_on_laptops hide_on_tablets via_grid cols_1 laptops-cols_inherit tablets-cols_inherit mobiles-cols_1 valign_top type_default stacking_default\" style=\"--gap:3rem;\"><div class=\"wpb_column vc_column_container\"><div class=\"vc_column-inner\"><div class=\"w-image align_center\"><div class=\"w-image-h\"><img decoding=\"async\" width=\"300\" height=\"300\" src=\"https:\/\/www.gamiac.com\/wp-content\/uploads\/2024\/01\/FP-mouse-banner-1-1-300x300.png\" class=\"attachment-us_300_0 size-us_300_0 wvs-archive-product-image\" alt=\"\" loading=\"lazy\" srcset=\"https:\/\/www.gamiac.com\/wp-content\/uploads\/2024\/01\/FP-mouse-banner-1-1-300x300.png 300w, https:\/\/www.gamiac.com\/wp-content\/uploads\/2024\/01\/FP-mouse-banner-1-1-100x100.png 100w, https:\/\/www.gamiac.com\/wp-content\/uploads\/2024\/01\/FP-mouse-banner-1-1-400x400.png 400w, https:\/\/www.gamiac.com\/wp-content\/uploads\/2024\/01\/FP-mouse-banner-1-1-450x450.png 450w, https:\/\/www.gamiac.com\/wp-content\/uploads\/2024\/01\/FP-mouse-banner-1-1-50x50.png 50w, https:\/\/www.gamiac.com\/wp-content\/uploads\/2024\/01\/FP-mouse-banner-1-1.png 600w\" sizes=\"(max-width: 300px) 100vw, 300px\" \/><\/div><\/div><\/div><\/div><\/div><div class=\"w-separator size_custom\" style=\"height:10dvh\" id=\"k0f7\"><style>@media(max-width:1024px){ #k0f7{height:5dvh!important}}@media(max-width:600px){ #k0f7{height:0dvh!important}}<\/style><\/div><\/div><\/div><\/div><\/div><\/section><section class=\"l-section wpb_row us_custom_8cd4af33 height_large width_custom\" style=\"--site-content-width:1640px;\"><div class=\"l-section-h i-cf\"><div class=\"g-cols vc_row via_grid cols_1 laptops-cols_inherit tablets-cols_inherit mobiles-cols_1 valign_middle type_default stacking_default\"><div class=\"wpb_column vc_column_container us_custom_e4992ac4 has_bg_color\"><div class=\"vc_column-inner\"><div class=\"w-separator size_custom\" style=\"height:9dvh\" id=\"i7a7\"><style>@media(max-width:1024px){ #i7a7{height:5dvh!important}}@media(max-width:600px){ #i7a7{height:0dvh!important}}<\/style><\/div><div class=\"g-cols wpb_row via_grid cols_2 laptops-cols_inherit tablets-cols_inherit mobiles-cols_1 valign_middle type_default reversed stacking_default\" style=\"--gap:3rem;\"><div class=\"wpb_column vc_column_container\"><div class=\"vc_column-inner\"><div class=\"w-image align_center\"><div class=\"w-image-h\"><img decoding=\"async\" width=\"800\" height=\"350\" src=\"https:\/\/www.gamiac.com\/wp-content\/uploads\/2024\/01\/FP-keyboard-banner-01-2.png\" class=\"attachment-full size-full wvs-archive-product-image\" alt=\"\" loading=\"lazy\" \/><\/div><\/div><\/div><\/div><div class=\"wpb_column vc_column_container us_custom_5701f5bf\"><div class=\"vc_column-inner\">[vc_custom_heading text=&#8220;Tastaturen&#8220; use_theme_fonts=&#8220;yes&#8220; css=&#8220;%7B%22default%22%3A%7B%22color%22%3A%22%23DCDBDB%22%7D%2C%22laptops%22%3A%7B%22color%22%3A%22%23DCDBDB%22%7D%2C%22tablets%22%3A%7B%22color%22%3A%22%23DCDBDB%22%7D%2C%22mobiles%22%3A%7B%22color%22%3A%22%23DCDBDB%22%7D%7D&#8220;]<div class=\"wpb_text_column us_custom_d5f80afc has_text_color\"><div class=\"wpb_wrapper\"><p style=\"text-align: left;\">Entfessel deinen Skill mit unseren Gaming-Tastaturen. Vollgepackt mit kraftvollen RGB-Leuchten, austauschbaren Switches und PBT-Tastenkappen sind sie deine treuen Komplizen. Ideal f\u00fcr stilbewusste Gamer, die dominieren wollen.<\/p>\n<\/div><\/div><div class=\"w-separator size_small\"><\/div><div class=\"w-btn-wrapper default_align_none laptops_align_none tablets_align_none mobiles_align_center\"><a class=\"w-btn us-btn-style_3\" href=\"https:\/\/www.gamiac.com\/de\/products\/#gaming-keyboards\"><span class=\"w-btn-label\">Entdecken<\/span><\/a><\/div><\/div><\/div><\/div><div class=\"w-separator size_custom\" style=\"height:10dvh\" id=\"n7c2\"><style>@media(max-width:1024px){ #n7c2{height:5dvh!important}}@media(max-width:600px){ #n7c2{height:0dvh!important}}<\/style><\/div><\/div><\/div><\/div><\/div><\/section><section class=\"l-section wpb_row us_custom_4fb9e5a3 height_medium width_custom\" style=\"--site-content-width:1640px;\"><div class=\"l-section-h i-cf\"><div class=\"g-cols vc_row via_grid cols_1 laptops-cols_inherit tablets-cols_inherit mobiles-cols_1 valign_top type_default stacking_default\"><div class=\"wpb_column vc_column_container us_custom_9c0790cc has_bg_color\"><div class=\"vc_column-inner\"><div class=\"w-separator size_custom\" style=\"height:9dvh\" id=\"kdf9\"><style>@media(max-width:1024px){ #kdf9{height:5dvh!important}}@media(max-width:600px){ #kdf9{height:0dvh!important}}<\/style><\/div><div class=\"g-cols wpb_row via_grid cols_2 laptops-cols_inherit tablets-cols_inherit mobiles-cols_1 valign_top type_default stacking_default\" style=\"--gap:3rem;\"><div class=\"wpb_column vc_column_container us_custom_32e5f36f\"><div class=\"vc_column-inner\">[vc_custom_heading text=&#8220;Headsets&#8220; use_theme_fonts=&#8220;yes&#8220; css=&#8220;%7B%22default%22%3A%7B%22color%22%3A%22%23333333%22%7D%7D&#8220;]<div class=\"wpb_text_column us_custom_4076faf9 has_text_color\"><div class=\"wpb_wrapper\"><p style=\"text-align: left;\">Erlebe mit unseren RGB-Gaming-Headsets herrlichen Komfort: genie\u00dfe bequeme H\u00f6rmuscheln mit 7.1-Surround-Sound. Neben einem ger\u00e4uschunterdr\u00fcckenden Mikrofon f\u00fcr kristallklare Gespr\u00e4che liefern sie atmosph\u00e4risches Gameplay.<\/p>\n<\/div><\/div><div class=\"w-separator size_small\"><\/div><div class=\"w-btn-wrapper default_align_none laptops_align_none tablets_align_none mobiles_align_center\"><a class=\"w-btn us-btn-style_3\" href=\"https:\/\/www.gamiac.com\/de\/products\/#gaming-headsets\"><span class=\"w-btn-label\">Entdecken<\/span><\/a><\/div><\/div><\/div><div class=\"wpb_column vc_column_container us_custom_c481fbcc\"><div class=\"vc_column-inner\"><\/div><\/div><\/div><div class=\"g-cols wpb_row hide_on_mobiles via_grid cols_1 laptops-cols_inherit tablets-cols_inherit mobiles-cols_1 valign_top type_default stacking_default\" style=\"--gap:3rem;\"><div class=\"wpb_column vc_column_container\"><div class=\"vc_column-inner\"><div id=\"ult-easy-separator-335041951169fd1913bbb54\" class=\"ult-easy-separator-wrapper ult-responsive ult-top-easy-separator ult-easy-separator-no-default ult-right-img\" style=\"transform: translate(0,-70%)!important;-ms-transform: translate(0,-70%)!important;-webkit-transform: translate(0,-70%)!important;right:10%;transform: translate(10%,-70%);-ms-transform: translate(10%,-70%);-webkit-transform: translate(10%,-70%);\" data-vc-row=\"wpb_row\"  data-ultimate-target='#ult-easy-separator-335041951169fd1913bbb54'  data-responsive-json-new='{\"width\":\"desktop:530px;tablet:320px;tablet_portrait:250px;mobile_landscape:200px;\"}' ><div class=\"ult-easy-separator-inner-wrapper\"><div class=\"ult-no-animation\" style=\"opacity:0;\"   ><img decoding=\"async\" class=\"ult-easy-separator-img\" alt=\"null\" src=\"https:\/\/www.gamiac.com\/wp-content\/uploads\/2024\/01\/FP-headset-banner-1.png\" \/><\/div><\/div><\/div><\/div><\/div><\/div><div class=\"w-separator size_custom\" style=\"height:8dvh\" id=\"hca5\"><style>@media(max-width:1024px){ #hca5{height:5dvh!important}}@media(max-width:600px){ #hca5{height:0dvh!important}}<\/style><\/div><\/div><\/div><\/div><\/div><\/section><section class=\"l-section wpb_row us_custom_0d15be52 height_large width_custom\" style=\"--site-content-width:1640px;\"><div class=\"l-section-h i-cf\"><div class=\"g-cols vc_row via_grid cols_1 laptops-cols_inherit tablets-cols_inherit mobiles-cols_1 valign_middle type_default stacking_default\"><div class=\"wpb_column vc_column_container us_custom_11f878a8 has_bg_color\"><div class=\"vc_column-inner\"><div class=\"w-separator size_custom\" style=\"height:4dvh\" id=\"i257\"><style>@media(max-width:1024px){ #i257{height:2dvh!important}}@media(max-width:600px){ #i257{height:0dvh!important}}<\/style><\/div><div class=\"g-cols wpb_row via_grid cols_2 laptops-cols_inherit tablets-cols_inherit mobiles-cols_1 valign_middle type_default reversed stacking_default\" style=\"--gap:3rem;\"><div class=\"wpb_column vc_column_container\"><div class=\"vc_column-inner\"><div class=\"w-image align_center\"><div class=\"w-image-h\"><img decoding=\"async\" width=\"700\" height=\"371\" src=\"https:\/\/www.gamiac.com\/wp-content\/uploads\/2024\/03\/FP-mousepad-banner-1-700x371.png\" class=\"attachment-woocommerce_single size-woocommerce_single wvs-archive-product-image\" alt=\"\" loading=\"lazy\" srcset=\"https:\/\/www.gamiac.com\/wp-content\/uploads\/2024\/03\/FP-mousepad-banner-1-700x371.png 700w, https:\/\/www.gamiac.com\/wp-content\/uploads\/2024\/03\/FP-mousepad-banner-1-300x159.png 300w, https:\/\/www.gamiac.com\/wp-content\/uploads\/2024\/03\/FP-mousepad-banner-1-600x318.png 600w, https:\/\/www.gamiac.com\/wp-content\/uploads\/2024\/03\/FP-mousepad-banner-1-450x239.png 450w, https:\/\/www.gamiac.com\/wp-content\/uploads\/2024\/03\/FP-mousepad-banner-1-150x80.png 150w, https:\/\/www.gamiac.com\/wp-content\/uploads\/2024\/03\/FP-mousepad-banner-1-200x106.png 200w, https:\/\/www.gamiac.com\/wp-content\/uploads\/2024\/03\/FP-mousepad-banner-1.png 762w\" sizes=\"(max-width: 700px) 100vw, 700px\" \/><\/div><\/div><\/div><\/div><div class=\"wpb_column vc_column_container us_custom_5701f5bf\"><div class=\"vc_column-inner\">[vc_custom_heading text=&#8220;Mauspads&#8220; use_theme_fonts=&#8220;yes&#8220; css=&#8220;%7B%22default%22%3A%7B%22color%22%3A%22%23DCDBDB%22%7D%2C%22laptops%22%3A%7B%22color%22%3A%22%23DCDBDB%22%7D%2C%22tablets%22%3A%7B%22color%22%3A%22%23DCDBDB%22%7D%2C%22mobiles%22%3A%7B%22color%22%3A%22%23DCDBDB%22%7D%7D&#8220;]<div class=\"wpb_text_column us_custom_d5f80afc has_text_color\"><div class=\"wpb_wrapper\"><p style=\"text-align: left;\">Gleite mit unseren Gaming-Mauspads zum Sieg. Ihre glatte, gro\u00dfz\u00fcgige Oberfl\u00e4che bietet die ideale Grundlage f\u00fcr deine Gaming-Sessions. Sie sind rutschfest und spritzwassergesch\u00fctzt, weil wir wissen, dass es beim Gaming wild zugehen kann.<\/p>\n<\/div><\/div><div class=\"w-separator size_small\"><\/div><div class=\"w-btn-wrapper default_align_none laptops_align_none tablets_align_none mobiles_align_center\"><a class=\"w-btn us-btn-style_3\" href=\"\/de\/products\/#gaming-mousepad\"><span class=\"w-btn-label\">Entdecken<\/span><\/a><\/div><\/div><\/div><\/div><div class=\"w-separator size_custom\" style=\"height:4dvh\" id=\"d970\"><style>@media(max-width:1024px){ #d970{height:2dvh!important}}@media(max-width:600px){ #d970{height:0dvh!important}}<\/style><\/div><\/div><\/div><\/div><\/div><\/section>\n","protected":false},"excerpt":{"rendered":"[vc_custom_heading text=\"Bist du ein GAMIAC?\" font_container=\"tag:h2|text_align:center\" use_theme_fonts=\"yes\" css=\"%7B%22default%22%3A%7B%22color%22%3A%22%23DCDBDB%22%7D%7D\"][vc_custom_heading text=\"M\u00c4USE\" use_theme_fonts=\"yes\" css=\"%7B%22default%22%3A%7B%22color%22%3A%22%23f8f8f8%22%7D%7D\"] Zielgenaue Bewegungen mit unseren RGB-Gaming-M\u00e4usen: Leicht wie eine Feder, aber feurig im Gefecht. Dank PixArt-Sensoren mit technischer Pr\u00e4zision und dezentem RGB stehen sie dir in Gaming-Schlachten verl\u00e4sslich zur Seite. Entdecken[vc_custom_heading text=\"Tastaturen\" use_theme_fonts=\"yes\" css=\"%7B%22default%22%3A%7B%22color%22%3A%22%23DCDBDB%22%7D%2C%22laptops%22%3A%7B%22color%22%3A%22%23DCDBDB%22%7D%2C%22tablets%22%3A%7B%22color%22%3A%22%23DCDBDB%22%7D%2C%22mobiles%22%3A%7B%22color%22%3A%22%23DCDBDB%22%7D%7D\"] Entfessel deinen Skill mit unseren Gaming-Tastaturen. Vollgepackt mit kraftvollen RGB-Leuchten, austauschbaren...","protected":false},"author":7,"featured_media":0,"parent":0,"menu_order":0,"comment_status":"closed","ping_status":"closed","template":"","meta":{"inline_featured_image":false,"footnotes":""},"class_list":["post-2608","page","type-page","status-publish","hentry"],"_links":{"self":[{"href":"https:\/\/www.gamiac.com\/de\/wp-json\/wp\/v2\/pages\/2608"}],"collection":[{"href":"https:\/\/www.gamiac.com\/de\/wp-json\/wp\/v2\/pages"}],"about":[{"href":"https:\/\/www.gamiac.com\/de\/wp-json\/wp\/v2\/types\/page"}],"author":[{"embeddable":true,"href":"https:\/\/www.gamiac.com\/de\/wp-json\/wp\/v2\/users\/7"}],"replies":[{"embeddable":true,"href":"https:\/\/www.gamiac.com\/de\/wp-json\/wp\/v2\/comments?post=2608"}],"version-history":[{"count":10,"href":"https:\/\/www.gamiac.com\/de\/wp-json\/wp\/v2\/pages\/2608\/revisions"}],"predecessor-version":[{"id":4057,"href":"https:\/\/www.gamiac.com\/de\/wp-json\/wp\/v2\/pages\/2608\/revisions\/4057"}],"wp:attachment":[{"href":"https:\/\/www.gamiac.com\/de\/wp-json\/wp\/v2\/media?parent=2608"}],"curies":[{"name":"wp","href":"https:\/\/api.w.org\/{rel}","templated":true}]}}