{"id":2489,"date":"2024-01-26T03:42:51","date_gmt":"2024-01-26T03:42:51","guid":{"rendered":"https:\/\/www.gamiac.com\/tech-support\/"},"modified":"2024-10-25T06:01:42","modified_gmt":"2024-10-25T06:01:42","slug":"tech-support","status":"publish","type":"page","link":"https:\/\/www.gamiac.com\/es\/tech-support\/","title":{"rendered":"Tech Support"},"content":{"rendered":"<section class=\"l-section wpb_row height_small width_custom\" style=\"--site-content-width:1600px;\"><div class=\"l-section-h i-cf\"><div class=\"g-cols vc_row via_grid cols_1 laptops-cols_inherit tablets-cols_inherit mobiles-cols_1 valign_middle type_default stacking_default\"><div class=\"wpb_column vc_column_container\"><div class=\"vc_column-inner\"><div class=\"g-cols wpb_row via_grid cols_1 laptops-cols_inherit tablets-cols_inherit mobiles-cols_1 valign_middle type_default stacking_default\" style=\"--gap:3rem;\"><div class=\"wpb_column vc_column_container\"><div class=\"vc_column-inner\"><div class=\"w-image us_custom_e5a1bcaa style_shadow-1 align_center\"><div class=\"w-image-h\"><img decoding=\"async\" width=\"1600\" height=\"500\" src=\"https:\/\/www.gamiac.com\/wp-content\/uploads\/2024\/01\/FP-techsupport-bg.jpg\" class=\"attachment-full size-full wvs-archive-product-image\" alt=\"\" loading=\"lazy\" srcset=\"https:\/\/www.gamiac.com\/wp-content\/uploads\/2024\/01\/FP-techsupport-bg.jpg 1600w, https:\/\/www.gamiac.com\/wp-content\/uploads\/2024\/01\/FP-techsupport-bg-700x219.jpg 700w, https:\/\/www.gamiac.com\/wp-content\/uploads\/2024\/01\/FP-techsupport-bg-300x94.jpg 300w, https:\/\/www.gamiac.com\/wp-content\/uploads\/2024\/01\/FP-techsupport-bg-600x188.jpg 600w, https:\/\/www.gamiac.com\/wp-content\/uploads\/2024\/01\/FP-techsupport-bg-450x141.jpg 450w\" sizes=\"(max-width: 1600px) 100vw, 1600px\" \/><\/div><\/div><\/div><\/div><\/div><div class=\"w-separator size_small\"><\/div><div class=\"g-cols wpb_row via_grid cols_1-3 laptops-cols_inherit tablets-cols_inherit mobiles-cols_1 valign_middle type_default stacking_default\" style=\"--gap:3rem;\"><div class=\"wpb_column vc_column_container\"><div class=\"vc_column-inner\"><span class=\"w-text us_custom_eb5d1f53 has_text_color\"><span class=\"w-text-h\"><span class=\"w-text-value\">Soporte T\u00e9cnico<\/span><\/span><\/span><\/div><\/div><div class=\"wpb_column vc_column_container\"><div class=\"vc_column-inner\"><\/div><\/div><\/div><\/div><\/div><\/div><\/div><\/section><section class=\"l-section wpb_row height_small\"><div class=\"l-section-h i-cf\"><div class=\"g-cols vc_row via_grid cols_1 laptops-cols_inherit tablets-cols_inherit mobiles-cols_1 valign_top type_default stacking_default\"><div class=\"wpb_column vc_column_container\"><div class=\"vc_column-inner\"><div class=\"g-cols wpb_row via_grid cols_custom laptops-cols_inherit tablets-cols_inherit mobiles-cols_1 valign_top type_default stacking_default\" style=\"--gap:3rem;--custom-columns:1fr 4fr 1fr \"><div class=\"wpb_column vc_column_container\"><div class=\"vc_column-inner\"><\/div><\/div><div class=\"wpb_column vc_column_container\"><div class=\"vc_column-inner\"><div class=\"wpb_text_column\"><div class=\"wpb_wrapper\"><p style=\"text-align: center;\">Complete el siguiente formulario con cualquier pregunta que pueda tener sobre nuestros productos , y nos pondremos en contacto con usted lo antes posible.<\/p>\n<\/div><\/div><\/div><\/div><div class=\"wpb_column vc_column_container\"><div class=\"vc_column-inner\"><\/div><\/div><\/div><div class=\"w-separator size_small\"><\/div><div class=\"g-cols wpb_row via_grid cols_custom laptops-cols_inherit tablets-cols_inherit mobiles-cols_1 valign_top type_default stacking_default\" style=\"--gap:3rem;--custom-columns:1fr 4fr 1fr \"><div class=\"wpb_column vc_column_container\"><div class=\"vc_column-inner\"><\/div><\/div><div class=\"wpb_column vc_column_container\"><div class=\"vc_column-inner\">\n<div class=\"wpcf7 no-js\" id=\"wpcf7-f2474-o1\" lang=\"es-ES\" dir=\"ltr\">\n<div class=\"screen-reader-response\"><p role=\"status\" aria-live=\"polite\" aria-atomic=\"true\"><\/p> <ul><\/ul><\/div>\n<form action=\"\/es\/wp-json\/wp\/v2\/pages\/2489#wpcf7-f2474-o1\" method=\"post\" class=\"wpcf7-form init\" aria-label=\"Formulario de contacto\" novalidate=\"novalidate\" data-status=\"init\">\n<div style=\"display: none;\">\n<input type=\"hidden\" name=\"_wpcf7\" value=\"2474\" \/>\n<input type=\"hidden\" name=\"_wpcf7_version\" value=\"5.9.8\" \/>\n<input type=\"hidden\" name=\"_wpcf7_locale\" value=\"es_ES\" \/>\n<input type=\"hidden\" name=\"_wpcf7_unit_tag\" value=\"wpcf7-f2474-o1\" \/>\n<input type=\"hidden\" name=\"_wpcf7_container_post\" value=\"0\" \/>\n<input type=\"hidden\" name=\"_wpcf7_posted_data_hash\" value=\"\" \/>\n<input type=\"hidden\" name=\"_wpcf7_recaptcha_response\" value=\"\" \/>\n<\/div>\n<p><label>Tipo de Producto*<br \/>\n<span class=\"wpcf7-form-control-wrap\" data-name=\"Product\"><select class=\"wpcf7-form-control wpcf7-select wpcf7-validates-as-required\" aria-required=\"true\" aria-invalid=\"false\" name=\"Product\"><option value=\"Select\">Select<\/option><option value=\"Ratones\">Ratones<\/option><option value=\"Teclados\">Teclados<\/option><option value=\"Auriculares\">Auriculares<\/option><option value=\"Alfombrillas de rat\u00f3n\">Alfombrillas de rat\u00f3n<\/option><\/select><\/span><br \/>\n<\/label>\n<\/p>\n<p><label>Modelo<br \/>\n<span class=\"wpcf7-form-control-wrap\" data-name=\"Model\"><input size=\"40\" maxlength=\"400\" class=\"wpcf7-form-control wpcf7-text\" aria-invalid=\"false\" placeholder=\"Model Name\" value=\"\" type=\"text\" name=\"Model\" \/><\/span><\/label>\n<\/p>\n<p><label> Nombre*<br \/>\n<span class=\"wpcf7-form-control-wrap\" data-name=\"your-name\"><input size=\"40\" maxlength=\"400\" class=\"wpcf7-form-control wpcf7-text wpcf7-validates-as-required\" aria-required=\"true\" aria-invalid=\"false\" placeholder=\"Nombre*\" value=\"\" type=\"text\" name=\"your-name\" \/><\/span> <\/label>\n<\/p>\n<p><label> Correo electr\u00f3nico*<br \/>\n<span class=\"wpcf7-form-control-wrap\" data-name=\"your-email\"><input size=\"40\" maxlength=\"400\" class=\"wpcf7-form-control wpcf7-email wpcf7-validates-as-required wpcf7-text wpcf7-validates-as-email\" aria-required=\"true\" aria-invalid=\"false\" placeholder=\"Correo electr\u00f3nico*\" value=\"\" type=\"email\" name=\"your-email\" \/><\/span> <\/label>\n<\/p>\n<p><label> Pa\u00eds* <\/label><br \/>\n<span class=\"wpcf7-form-control-wrap\" data-name=\"Country\"><select class=\"wpcf7-form-control wpcf7-select\" aria-invalid=\"false\" name=\"Country\"><option value=\"Aruba\">Aruba<\/option><option value=\"Afganist\u00e1n\">Afganist\u00e1n<\/option><option value=\"Angola\">Angola<\/option><option value=\"Albania\">Albania<\/option><option value=\"Andorra\">Andorra<\/option><option value=\"Emiratos \u00c1rabes Unidos\">Emiratos \u00c1rabes Unidos<\/option><option value=\"Argentina\">Argentina<\/option><option value=\"Armenia\">Armenia<\/option><option value=\"Samoa Americana\">Samoa Americana<\/option><option value=\"Antigua and Barbuda\">Antigua and Barbuda<\/option><option value=\"Australia\">Australia<\/option><option value=\"Austria\">Austria<\/option><option value=\"Azerbay\u00e1n\">Azerbay\u00e1n<\/option><option value=\"Burundi\">Burundi<\/option><option value=\"B\u00e9lgica\">B\u00e9lgica<\/option><option value=\"Ben\u00edn\">Ben\u00edn<\/option><option value=\"Burkina Faso\">Burkina Faso<\/option><option value=\"Bangladesh\">Bangladesh<\/option><option value=\"Bulgaria\">Bulgaria<\/option><option value=\"Bahrein\">Bahrein<\/option><option value=\"Bahamas\">Bahamas<\/option><option value=\"Bosnia and Herzegovina\">Bosnia and Herzegovina<\/option><option value=\"Bielorrusia\">Bielorrusia<\/option><option value=\"Belice\">Belice<\/option><option value=\"Islas Bermudas\">Islas Bermudas<\/option><option value=\"Bolivia\">Bolivia<\/option><option value=\"Brasil\">Brasil<\/option><option value=\"Barbados\">Barbados<\/option><option value=\"Brun\u00e9i\">Brun\u00e9i<\/option><option value=\"Bhut\u00e1n\">Bhut\u00e1n<\/option><option value=\"Botsuana\">Botsuana<\/option><option value=\"Rep\u00fablica Centroafricana\">Rep\u00fablica Centroafricana<\/option><option value=\"Canada\">Canada<\/option><option value=\"Suiza\">Suiza<\/option><option value=\"Chile\">Chile<\/option><option value=\"China\">China<\/option><option value=\"Costa de Marfil\">Costa de Marfil<\/option><option value=\"Camer\u00fan\">Camer\u00fan<\/option><option value=\"Congo, Rep\u00fablica Democr\u00e1tica del\">Congo, Rep\u00fablica Democr\u00e1tica del<\/option><option value=\"Congo\">Congo<\/option><option value=\"Islas Cook\">Islas Cook<\/option><option value=\"Colombia\">Colombia<\/option><option value=\"Comoras\">Comoras<\/option><option value=\"Cabo Verde\">Cabo Verde<\/option><option value=\"Costa Rica\">Costa Rica<\/option><option value=\"Cuba\">Cuba<\/option><option value=\"Islas Caim\u00e1n\">Islas Caim\u00e1n<\/option><option value=\"Chipre\">Chipre<\/option><option value=\"Czechia\">Czechia<\/option><option value=\"Alemania\">Alemania<\/option><option value=\"Yibuti\">Yibuti<\/option><option value=\"Dominica\">Dominica<\/option><option value=\"Dinamarca\">Dinamarca<\/option><option value=\"Rep\u00fablica Dominicana\">Rep\u00fablica Dominicana<\/option><option value=\"Argelia\">Argelia<\/option><option value=\"Ecuador\">Ecuador<\/option><option value=\"Egipto\">Egipto<\/option><option value=\"Eritrea\">Eritrea<\/option><option value=\"Espa\u00f1a\">Espa\u00f1a<\/option><option value=\"Estonia\">Estonia<\/option><option value=\"Etiop\u00eda\">Etiop\u00eda<\/option><option value=\"Finlandia\">Finlandia<\/option><option value=\"Fiji\">Fiji<\/option><option value=\"Francia\">Francia<\/option><option value=\"Micronesia\">Micronesia<\/option><option value=\"Gabon\">Gabon<\/option><option value=\"United Kingdom of Great Britain and Northern Ireland\">United Kingdom of Great Britain and Northern Ireland<\/option><option value=\"Georgia\">Georgia<\/option><option value=\"Ghana\">Ghana<\/option><option value=\"Guinea\">Guinea<\/option><option value=\"Gambia\">Gambia<\/option><option value=\"Guinea-Bissau\">Guinea-Bissau<\/option><option value=\"Guinea Ecuatorial\">Guinea Ecuatorial<\/option><option value=\"Grecia\">Grecia<\/option><option value=\"Granada\">Granada<\/option><option value=\"Guatemala\">Guatemala<\/option><option value=\"Guam\">Guam<\/option><option value=\"Guyana\">Guyana<\/option><option value=\"Hong Kong\">Hong Kong<\/option><option value=\"Honduras\">Honduras<\/option><option value=\"Croacia\">Croacia<\/option><option value=\"Hait\u00ed\">Hait\u00ed<\/option><option value=\"Hungr\u00eda\">Hungr\u00eda<\/option><option value=\"Indonesia\">Indonesia<\/option><option value=\"India\">India<\/option><option value=\"Irlanda\">Irlanda<\/option><option value=\"Ir\u00e1n, Rep\u00fablica Isl\u00e1mica de\">Ir\u00e1n, Rep\u00fablica Isl\u00e1mica de<\/option><option value=\"Irak\">Irak<\/option><option value=\"Islandia\">Islandia<\/option><option value=\"Israel\">Israel<\/option><option value=\"Italia\">Italia<\/option><option value=\"Jamaica\">Jamaica<\/option><option value=\"Jordania\">Jordania<\/option><option value=\"Jap\u00f3n\">Jap\u00f3n<\/option><option value=\"Kazajist\u00e1n\">Kazajist\u00e1n<\/option><option value=\"Kenia\">Kenia<\/option><option value=\"Kirgizst\u00e1n\">Kirgizst\u00e1n<\/option><option value=\"Camboya\">Camboya<\/option><option value=\"Kiribati\">Kiribati<\/option><option value=\"Saint Kitts and Nevis\">Saint Kitts and Nevis<\/option><option value=\"Corea del Sur\">Corea del Sur<\/option><option value=\"Kuwait\">Kuwait<\/option><option value=\"Rep\u00fablica Popular Democr\u00e1tica de Laos\">Rep\u00fablica Popular Democr\u00e1tica de Laos<\/option><option value=\"Lebanon\">Lebanon<\/option><option value=\"Liberia\">Liberia<\/option><option value=\"Libia\">Libia<\/option><option value=\"Santa Luc\u00eda\">Santa Luc\u00eda<\/option><option value=\"Liechtenstein\">Liechtenstein<\/option><option value=\"Sri Lanka\">Sri Lanka<\/option><option value=\"Lesoto\">Lesoto<\/option><option value=\"Lituania\">Lituania<\/option><option value=\"Luxemburgo\">Luxemburgo<\/option><option value=\"Letonia\">Letonia<\/option><option value=\"Marruecos\">Marruecos<\/option><option value=\"Monaco\">Monaco<\/option><option value=\"Moldavia\">Moldavia<\/option><option value=\"Madagascar\">Madagascar<\/option><option value=\"Islas Maldivas\">Islas Maldivas<\/option><option value=\"Mexico\">Mexico<\/option><option value=\"Islas Marshall\">Islas Marshall<\/option><option value=\"North Macedonia\">North Macedonia<\/option><option value=\"Mali\">Mali<\/option><option value=\"Malta\">Malta<\/option><option value=\"Birmania\">Birmania<\/option><option value=\"Montenegro\">Montenegro<\/option><option value=\"Mongolia\">Mongolia<\/option><option value=\"Mozambique\">Mozambique<\/option><option value=\"Mauritania\">Mauritania<\/option><option value=\"Mauricio\">Mauricio<\/option><option value=\"Malawi\">Malawi<\/option><option value=\"Malasia\">Malasia<\/option><option value=\"Namibia\">Namibia<\/option><option value=\"Niger\">Niger<\/option><option value=\"Nigeria\">Nigeria<\/option><option value=\"Nicaragua\">Nicaragua<\/option><option value=\"Netherlands, Kingdom of the\">Netherlands, Kingdom of the<\/option><option value=\"Norway\">Norway<\/option><option value=\"Nepal\">Nepal<\/option><option value=\"Nauru\">Nauru<\/option><option value=\"Nueva Zelanda\">Nueva Zelanda<\/option><option value=\"Om\u00e1n\">Om\u00e1n<\/option><option value=\"Pakist\u00e1n\">Pakist\u00e1n<\/option><option value=\"Panam\u00e1\">Panam\u00e1<\/option><option value=\"Per\u00fa\">Per\u00fa<\/option><option value=\"Filipinas\">Filipinas<\/option><option value=\"Palau\">Palau<\/option><option value=\"Pap\u00faa Nueva Guinea\">Pap\u00faa Nueva Guinea<\/option><option value=\"Polonia\">Polonia<\/option><option value=\"Puerto Rico\">Puerto Rico<\/option><option value=\"Corea del Norte\">Corea del Norte<\/option><option value=\"Portugal\">Portugal<\/option><option value=\"Paraguay\">Paraguay<\/option><option value=\"Palestina\">Palestina<\/option><option value=\"Qatar\">Qatar<\/option><option value=\"Ruman\u00eda\">Ruman\u00eda<\/option><option value=\"Rusia\">Rusia<\/option><option value=\"Ruanda\">Ruanda<\/option><option value=\"Arabia Saudita\">Arabia Saudita<\/option><option value=\"Sud\u00e1n\">Sud\u00e1n<\/option><option value=\"Senegal\">Senegal<\/option><option value=\"Singapur\">Singapur<\/option><option value=\"Solomon Islands\">Solomon Islands<\/option><option value=\"Sierra Leona\">Sierra Leona<\/option><option value=\"El Salvador\">El Salvador<\/option><option value=\"San Marino\">San Marino<\/option><option value=\"Somalia\">Somalia<\/option><option value=\"Serbia\">Serbia<\/option><option value=\"Sud\u00e1n del Sur\">Sud\u00e1n del Sur<\/option><option value=\"Santo Tom\u00e9 y Pr\u00edncipe\">Santo Tom\u00e9 y Pr\u00edncipe<\/option><option value=\"Surin\u00e1m\">Surin\u00e1m<\/option><option value=\"Eslovaquia\">Eslovaquia<\/option><option value=\"Eslovenia\">Eslovenia<\/option><option value=\"Suecia\">Suecia<\/option><option value=\"Eswatini\">Eswatini<\/option><option value=\"Seychelles\">Seychelles<\/option><option value=\"Siria\">Siria<\/option><option value=\"Chad\">Chad<\/option><option value=\"Togo\">Togo<\/option><option value=\"Tailandia\">Tailandia<\/option><option value=\"Tadjikist\u00e1n\">Tadjikist\u00e1n<\/option><option value=\"Turkmenistan\">Turkmenistan<\/option><option value=\"Timor Oriental\">Timor Oriental<\/option><option value=\"Tonga\">Tonga<\/option><option value=\"Trinidad y Tobago\">Trinidad y Tobago<\/option><option value=\"Tunez\">Tunez<\/option><option value=\"Turqu\u00eda\">Turqu\u00eda<\/option><option value=\"Tuvalu\">Tuvalu<\/option><option value=\"Taiw\u00e1n\">Taiw\u00e1n<\/option><option value=\"Tanzania\">Tanzania<\/option><option value=\"Uganda\">Uganda<\/option><option value=\"Ucrania\">Ucrania<\/option><option value=\"Uruguay\">Uruguay<\/option><option value=\"United States of America\">United States of America<\/option><option value=\"Uzbekist\u00e1n\">Uzbekist\u00e1n<\/option><option value=\"San Vicente y las Granadinas\">San Vicente y las Granadinas<\/option><option value=\"Venezuela\">Venezuela<\/option><option value=\"Islas V\u00edrgenes Brit\u00e1nicas\">Islas V\u00edrgenes Brit\u00e1nicas<\/option><option value=\"Islas V\u00edrgenes de los Estados Unidos\">Islas V\u00edrgenes de los Estados Unidos<\/option><option value=\"Vietnam\">Vietnam<\/option><option value=\"Vanuatu\">Vanuatu<\/option><option value=\"Samoa\">Samoa<\/option><option value=\"Yemen\">Yemen<\/option><option value=\"Sud\u00e1frica\">Sud\u00e1frica<\/option><option value=\"Zambia\">Zambia<\/option><option value=\"Zimbabwe\">Zimbabwe<\/option><\/select><\/span>\n<\/p>\n<p><label> Asunto*<br \/>\n<span class=\"wpcf7-form-control-wrap\" data-name=\"your-subject\"><input size=\"40\" maxlength=\"400\" class=\"wpcf7-form-control wpcf7-text wpcf7-validates-as-required\" aria-required=\"true\" aria-invalid=\"false\" placeholder=\"Asunto\" value=\"\" type=\"text\" name=\"your-subject\" \/><\/span> <\/label>\n<\/p>\n<p><label> Mensaje*<br \/>\n<span class=\"wpcf7-form-control-wrap\" data-name=\"your-message\"><textarea cols=\"40\" rows=\"10\" maxlength=\"2000\" class=\"wpcf7-form-control wpcf7-textarea\" aria-invalid=\"false\" placeholder=\"Por favor, s\u00e9 lo m\u00e1s detallado posible en tu mensaje.\" name=\"your-message\"><\/textarea><\/span> <\/label>\n<\/p>\n<p><input class=\"wpcf7-form-control wpcf7-submit has-spinner\" type=\"submit\" value=\"Enviar Mensaje\" \/>\n<\/p><div class=\"wpcf7-response-output\" aria-hidden=\"true\"><\/div>\n<\/form>\n<\/div>\n<\/div><\/div><div class=\"wpb_column vc_column_container\"><div class=\"vc_column-inner\"><\/div><\/div><\/div><\/div><\/div><\/div><\/div><\/section>\n","protected":false},"excerpt":{"rendered":"Soporte T\u00e9cnico Complete el siguiente formulario con cualquier pregunta que pueda tener sobre nuestros productos , y nos pondremos en contacto con usted lo antes posible. Tipo de Producto* SelectRatonesTecladosAuricularesAlfombrillas de rat\u00f3n Modelo Nombre* Correo electr\u00f3nico* Pa\u00eds* ArubaAfganist\u00e1nAngolaAlbaniaAndorraEmiratos \u00c1rabes UnidosArgentinaArmeniaSamoa AmericanaAntigua and BarbudaAustraliaAustriaAzerbay\u00e1nBurundiB\u00e9lgicaBen\u00ednBurkina FasoBangladeshBulgariaBahreinBahamasBosnia and HerzegovinaBielorrusiaBeliceIslas BermudasBoliviaBrasilBarbadosBrun\u00e9iBhut\u00e1nBotsuanaRep\u00fablica CentroafricanaCanadaSuizaChileChinaCosta de MarfilCamer\u00fanCongo, Rep\u00fablica Democr\u00e1tica delCongoIslas CookColombiaComorasCabo VerdeCosta...","protected":false},"author":7,"featured_media":0,"parent":0,"menu_order":0,"comment_status":"closed","ping_status":"closed","template":"","meta":{"inline_featured_image":false,"footnotes":""},"class_list":["post-2489","page","type-page","status-publish","hentry"],"_links":{"self":[{"href":"https:\/\/www.gamiac.com\/es\/wp-json\/wp\/v2\/pages\/2489"}],"collection":[{"href":"https:\/\/www.gamiac.com\/es\/wp-json\/wp\/v2\/pages"}],"about":[{"href":"https:\/\/www.gamiac.com\/es\/wp-json\/wp\/v2\/types\/page"}],"author":[{"embeddable":true,"href":"https:\/\/www.gamiac.com\/es\/wp-json\/wp\/v2\/users\/7"}],"replies":[{"embeddable":true,"href":"https:\/\/www.gamiac.com\/es\/wp-json\/wp\/v2\/comments?post=2489"}],"version-history":[{"count":2,"href":"https:\/\/www.gamiac.com\/es\/wp-json\/wp\/v2\/pages\/2489\/revisions"}],"predecessor-version":[{"id":3408,"href":"https:\/\/www.gamiac.com\/es\/wp-json\/wp\/v2\/pages\/2489\/revisions\/3408"}],"wp:attachment":[{"href":"https:\/\/www.gamiac.com\/es\/wp-json\/wp\/v2\/media?parent=2489"}],"curies":[{"name":"wp","href":"https:\/\/api.w.org\/{rel}","templated":true}]}}