{"id":2602,"date":"2024-01-26T06:48:56","date_gmt":"2024-01-26T06:48:56","guid":{"rendered":"https:\/\/www.gamiac.com\/gamiac-homepage\/"},"modified":"2024-11-18T09:59:36","modified_gmt":"2024-11-18T09:59:36","slug":"gamiac-homepage","status":"publish","type":"page","link":"https:\/\/www.gamiac.com\/es\/","title":{"rendered":"Gamiac Homepage"},"content":{"rendered":"<section class=\"l-section wpb_row height_medium full_height valign_center with_video\"><div id=\"us_bg_video_ge06\" class=\"l-section-video\"><script>!function(w){var node = document.getElementById( 'us_bg_video_ge06' );if ( w.innerWidth <= 100 ) { node.remove() }}(window);<\/script><style>@media(max-width:100px){#us_bg_video_ge06{display:none!important}}<\/style><video  autoplay loop muted playsinline preload=\"auto\"><source type=\"video\/mp4\" src=\"\/wp-content\/uploads\/2024\/01\/GAMICA-FP-Video.mp4\" \/><\/video><\/div><div class=\"l-section-h i-cf\"><div class=\"g-cols vc_row via_grid cols_1 laptops-cols_inherit tablets-cols_inherit mobiles-cols_1 valign_middle type_default stacking_default\"><div class=\"wpb_column vc_column_container\"><div class=\"vc_column-inner\"><div class=\"g-cols wpb_row via_grid cols_1-2-1 laptops-cols_inherit tablets-cols_inherit mobiles-cols_1 valign_top type_default stacking_default\" style=\"--gap:3rem;\"><div class=\"wpb_column vc_column_container\"><div class=\"vc_column-inner\"><\/div><\/div><div class=\"wpb_column vc_column_container\"><div class=\"vc_column-inner\">[vc_custom_heading text=\u00bb\u00bfEres un GAMIAC?\u00bb font_container=\u00bbtag:h2|text_align:center\u00bb use_theme_fonts=\u00bbyes\u00bb css=\u00bb%7B%22default%22%3A%7B%22color%22%3A%22%23DCDBDB%22%7D%7D\u00bb]<\/div><\/div><div class=\"wpb_column vc_column_container\"><div class=\"vc_column-inner\"><\/div><\/div><\/div><\/div><\/div><\/div><\/div><\/section><section class=\"l-section wpb_row us_custom_0d15be52 height_large width_custom\" style=\"--site-content-width:1640px;\"><div class=\"l-section-h i-cf\"><div class=\"g-cols vc_row via_grid cols_1 laptops-cols_inherit tablets-cols_inherit mobiles-cols_1 valign_top type_default stacking_default\"><div class=\"wpb_column vc_column_container us_custom_fa465e80 has_bg_color\"><div class=\"vc_column-inner\"><div class=\"w-separator size_custom\" style=\"height:9dvh\" id=\"x457\"><style>@media(max-width:1024px){ #x457{height:5dvh!important}}@media(max-width:600px){ #x457{height:0dvh!important}}<\/style><\/div><div class=\"g-cols wpb_row via_grid cols_custom laptops-cols_inherit tablets-cols_inherit mobiles-cols_1 valign_top type_default stacking_default\" style=\"--gap:3rem;--custom-columns:0.5fr 2.5fr 3fr \"><div class=\"wpb_column vc_column_container\"><div class=\"vc_column-inner\"><\/div><\/div><div class=\"wpb_column vc_column_container\"><div class=\"vc_column-inner\">[vc_custom_heading text=\u00bbRATONES\u00bb use_theme_fonts=\u00bbyes\u00bb css=\u00bb%7B%22default%22%3A%7B%22color%22%3A%22%23f8f8f8%22%7D%7D\u00bb]<div class=\"wpb_text_column us_custom_d5f80afc has_text_color\"><div class=\"wpb_wrapper\"><p style=\"text-align: left;\">Mueve, haz clic y desliza con precisi\u00f3n de p\u00edxeles gracias a nuestros ratones gaming RGB. Disfruta de su construcci\u00f3n ligera y de los sensores de alta calidad PixArt para derrotar a tus enemigos en el juego con facilidad.<\/p>\n<\/div><\/div><div class=\"w-separator size_small\"><\/div><div class=\"w-btn-wrapper default_align_none laptops_align_none tablets_align_none mobiles_align_center\"><a class=\"w-btn us-btn-style_3\" href=\"https:\/\/www.gamiac.com\/es\/products\/#mice-category\"><span class=\"w-btn-label\">Explorar<\/span><\/a><\/div><\/div><\/div><div class=\"wpb_column vc_column_container\"><div class=\"vc_column-inner\"><\/div><\/div><\/div><div class=\"g-cols wpb_row hide_on_mobiles via_grid cols_1 laptops-cols_inherit tablets-cols_inherit mobiles-cols_1 valign_top type_default stacking_default\" style=\"--gap:3rem;\"><div class=\"wpb_column vc_column_container\"><div class=\"vc_column-inner\"><div id=\"ult-easy-separator-119283139169e2e8bc2a997\" class=\"ult-easy-separator-wrapper ult-responsive ult-top-easy-separator ult-easy-separator-no-default ult-right-img\" style=\"transform: translate(0,-90%)!important;-ms-transform: translate(0,-90%)!important;-webkit-transform: translate(0,-90%)!important;right:15%;transform: translate(15%,-90%);-ms-transform: translate(15%,-90%);-webkit-transform: translate(15%,-90%);\" data-vc-row=\"wpb_row\"  data-ultimate-target='#ult-easy-separator-119283139169e2e8bc2a997'  data-responsive-json-new='{\"width\":\"desktop:530px;tablet:250px;tablet_portrait:200px;mobile_landscape:200px;\"}' ><div class=\"ult-easy-separator-inner-wrapper\"><div class=\"ult-no-animation\" style=\"opacity:0;\"   ><img decoding=\"async\" class=\"ult-easy-separator-img\" alt=\"null\" src=\"https:\/\/www.gamiac.com\/wp-content\/uploads\/2024\/01\/FP-mouse-banner-1-1.png\" \/><\/div><\/div><\/div><\/div><\/div><\/div><div class=\"g-cols wpb_row hide_on_default hide_on_laptops hide_on_tablets via_grid cols_1 laptops-cols_inherit tablets-cols_inherit mobiles-cols_1 valign_top type_default stacking_default\" style=\"--gap:3rem;\"><div class=\"wpb_column vc_column_container\"><div class=\"vc_column-inner\"><div class=\"w-image align_center\"><div class=\"w-image-h\"><img decoding=\"async\" width=\"300\" height=\"300\" src=\"https:\/\/www.gamiac.com\/wp-content\/uploads\/2024\/01\/FP-mouse-banner-1-1-300x300.png\" class=\"attachment-us_300_0 size-us_300_0 wvs-archive-product-image\" alt=\"\" loading=\"lazy\" srcset=\"https:\/\/www.gamiac.com\/wp-content\/uploads\/2024\/01\/FP-mouse-banner-1-1-300x300.png 300w, https:\/\/www.gamiac.com\/wp-content\/uploads\/2024\/01\/FP-mouse-banner-1-1-100x100.png 100w, https:\/\/www.gamiac.com\/wp-content\/uploads\/2024\/01\/FP-mouse-banner-1-1-400x400.png 400w, https:\/\/www.gamiac.com\/wp-content\/uploads\/2024\/01\/FP-mouse-banner-1-1-450x450.png 450w, https:\/\/www.gamiac.com\/wp-content\/uploads\/2024\/01\/FP-mouse-banner-1-1-50x50.png 50w, https:\/\/www.gamiac.com\/wp-content\/uploads\/2024\/01\/FP-mouse-banner-1-1.png 600w\" sizes=\"(max-width: 300px) 100vw, 300px\" \/><\/div><\/div><\/div><\/div><\/div><div class=\"w-separator size_custom\" style=\"height:10dvh\" id=\"x6ad\"><style>@media(max-width:1024px){ #x6ad{height:5dvh!important}}@media(max-width:600px){ #x6ad{height:0dvh!important}}<\/style><\/div><\/div><\/div><\/div><\/div><\/section><section class=\"l-section wpb_row us_custom_8cd4af33 height_large width_custom\" style=\"--site-content-width:1640px;\"><div class=\"l-section-h i-cf\"><div class=\"g-cols vc_row via_grid cols_1 laptops-cols_inherit tablets-cols_inherit mobiles-cols_1 valign_middle type_default stacking_default\"><div class=\"wpb_column vc_column_container us_custom_e4992ac4 has_bg_color\"><div class=\"vc_column-inner\"><div class=\"w-separator size_custom\" style=\"height:9dvh\" id=\"yd2b\"><style>@media(max-width:1024px){ #yd2b{height:5dvh!important}}@media(max-width:600px){ #yd2b{height:0dvh!important}}<\/style><\/div><div class=\"g-cols wpb_row via_grid cols_2 laptops-cols_inherit tablets-cols_inherit mobiles-cols_1 valign_middle type_default reversed stacking_default\" style=\"--gap:3rem;\"><div class=\"wpb_column vc_column_container\"><div class=\"vc_column-inner\"><div class=\"w-image align_center\"><div class=\"w-image-h\"><img decoding=\"async\" width=\"800\" height=\"350\" src=\"https:\/\/www.gamiac.com\/wp-content\/uploads\/2024\/01\/FP-keyboard-banner-01-2.png\" class=\"attachment-full size-full wvs-archive-product-image\" alt=\"\" loading=\"lazy\" \/><\/div><\/div><\/div><\/div><div class=\"wpb_column vc_column_container us_custom_5701f5bf\"><div class=\"vc_column-inner\">[vc_custom_heading text=\u00bbTeclados\u00bb use_theme_fonts=\u00bbyes\u00bb css=\u00bb%7B%22default%22%3A%7B%22color%22%3A%22%23DCDBDB%22%7D%2C%22laptops%22%3A%7B%22color%22%3A%22%23DCDBDB%22%7D%2C%22tablets%22%3A%7B%22color%22%3A%22%23DCDBDB%22%7D%2C%22mobiles%22%3A%7B%22color%22%3A%22%23DCDBDB%22%7D%7D\u00bb]<div class=\"wpb_text_column us_custom_d5f80afc has_text_color\"><div class=\"wpb_wrapper\"><p style=\"text-align: left;\">Libera tu verdadero potencial con nuestra completa gama de teclados gaming. Equipados con elegante iluminaci\u00f3n RGB, switches hot-swappable y teclas PBT duraderas, estos teclados tienen todo lo que necesitas para dominar a la competencia.<\/p>\n<\/div><\/div><div class=\"w-separator size_small\"><\/div><div class=\"w-btn-wrapper default_align_none laptops_align_none tablets_align_none mobiles_align_center\"><a class=\"w-btn us-btn-style_3\" href=\"https:\/\/www.gamiac.com\/es\/products\/#gaming-keyboards\"><span class=\"w-btn-label\">Explorar<\/span><\/a><\/div><\/div><\/div><\/div><div class=\"w-separator size_custom\" style=\"height:10dvh\" id=\"xc78\"><style>@media(max-width:1024px){ #xc78{height:5dvh!important}}@media(max-width:600px){ #xc78{height:0dvh!important}}<\/style><\/div><\/div><\/div><\/div><\/div><\/section><section class=\"l-section wpb_row us_custom_4fb9e5a3 height_medium width_custom\" style=\"--site-content-width:1640px;\"><div class=\"l-section-h i-cf\"><div class=\"g-cols vc_row via_grid cols_1 laptops-cols_inherit tablets-cols_inherit mobiles-cols_1 valign_top type_default stacking_default\"><div class=\"wpb_column vc_column_container us_custom_9c0790cc has_bg_color\"><div class=\"vc_column-inner\"><div class=\"w-separator size_custom\" style=\"height:9dvh\" id=\"j2e0\"><style>@media(max-width:1024px){ #j2e0{height:5dvh!important}}@media(max-width:600px){ #j2e0{height:0dvh!important}}<\/style><\/div><div class=\"g-cols wpb_row via_grid cols_2 laptops-cols_inherit tablets-cols_inherit mobiles-cols_1 valign_top type_default stacking_default\" style=\"--gap:3rem;\"><div class=\"wpb_column vc_column_container us_custom_32e5f36f\"><div class=\"vc_column-inner\">[vc_custom_heading text=\u00bbAuriculares\u00bb use_theme_fonts=\u00bbyes\u00bb css=\u00bb%7B%22default%22%3A%7B%22color%22%3A%22%23333333%22%7D%7D\u00bb]<div class=\"wpb_text_column us_custom_4076faf9 has_text_color\"><div class=\"wpb_wrapper\"><p style=\"text-align: left;\">Sum\u00e9rgete en tus mundos de videojuegos favoritos con los auriculares gaming GAMIAC RGB. D\u00e9jate llevar por las bandas sonoras de tus juegos gracias al sonido surround 7.1. Adem\u00e1s, el micr\u00f3fono integrado con cancelaci\u00f3n de ruido asegura que tus compa\u00f1eros de equipo te escuchar\u00e1n con total claridad, sin interferencias de fondo no deseadas.<\/p>\n<\/div><\/div><div class=\"w-separator size_small\"><\/div><div class=\"w-btn-wrapper default_align_none laptops_align_none tablets_align_none mobiles_align_center\"><a class=\"w-btn us-btn-style_3\" href=\"https:\/\/www.gamiac.com\/es\/products\/#gaming-headsets\"><span class=\"w-btn-label\">Explorar<\/span><\/a><\/div><\/div><\/div><div class=\"wpb_column vc_column_container us_custom_c481fbcc\"><div class=\"vc_column-inner\"><\/div><\/div><\/div><div class=\"g-cols wpb_row hide_on_mobiles via_grid cols_1 laptops-cols_inherit tablets-cols_inherit mobiles-cols_1 valign_top type_default stacking_default\" style=\"--gap:3rem;\"><div class=\"wpb_column vc_column_container\"><div class=\"vc_column-inner\"><div id=\"ult-easy-separator-393496472269e2e8bc2e01b\" class=\"ult-easy-separator-wrapper ult-responsive ult-top-easy-separator ult-easy-separator-no-default ult-right-img\" style=\"transform: translate(0,-70%)!important;-ms-transform: translate(0,-70%)!important;-webkit-transform: translate(0,-70%)!important;right:10%;transform: translate(10%,-70%);-ms-transform: translate(10%,-70%);-webkit-transform: translate(10%,-70%);\" data-vc-row=\"wpb_row\"  data-ultimate-target='#ult-easy-separator-393496472269e2e8bc2e01b'  data-responsive-json-new='{\"width\":\"desktop:530px;tablet:320px;tablet_portrait:250px;mobile_landscape:200px;\"}' ><div class=\"ult-easy-separator-inner-wrapper\"><div class=\"ult-no-animation\" style=\"opacity:0;\"   ><img decoding=\"async\" class=\"ult-easy-separator-img\" alt=\"null\" src=\"https:\/\/www.gamiac.com\/wp-content\/uploads\/2024\/01\/FP-headset-banner-1.png\" \/><\/div><\/div><\/div><\/div><\/div><\/div><div class=\"w-separator size_custom\" style=\"height:8dvh\" id=\"a159\"><style>@media(max-width:1024px){ #a159{height:5dvh!important}}@media(max-width:600px){ #a159{height:0dvh!important}}<\/style><\/div><\/div><\/div><\/div><\/div><\/section><section class=\"l-section wpb_row us_custom_0d15be52 height_large width_custom\" style=\"--site-content-width:1640px;\"><div class=\"l-section-h i-cf\"><div class=\"g-cols vc_row via_grid cols_1 laptops-cols_inherit tablets-cols_inherit mobiles-cols_1 valign_middle type_default stacking_default\"><div class=\"wpb_column vc_column_container us_custom_11f878a8 has_bg_color\"><div class=\"vc_column-inner\"><div class=\"w-separator size_custom\" style=\"height:4dvh\" id=\"h6e6\"><style>@media(max-width:1024px){ #h6e6{height:2dvh!important}}@media(max-width:600px){ #h6e6{height:0dvh!important}}<\/style><\/div><div class=\"g-cols wpb_row via_grid cols_2 laptops-cols_inherit tablets-cols_inherit mobiles-cols_1 valign_middle type_default reversed stacking_default\" style=\"--gap:3rem;\"><div class=\"wpb_column vc_column_container\"><div class=\"vc_column-inner\"><div class=\"w-image align_center\"><div class=\"w-image-h\"><img decoding=\"async\" width=\"700\" height=\"371\" src=\"https:\/\/www.gamiac.com\/wp-content\/uploads\/2024\/03\/FP-mousepad-banner-1-700x371.png\" class=\"attachment-woocommerce_single size-woocommerce_single wvs-archive-product-image\" alt=\"\" loading=\"lazy\" srcset=\"https:\/\/www.gamiac.com\/wp-content\/uploads\/2024\/03\/FP-mousepad-banner-1-700x371.png 700w, https:\/\/www.gamiac.com\/wp-content\/uploads\/2024\/03\/FP-mousepad-banner-1-300x159.png 300w, https:\/\/www.gamiac.com\/wp-content\/uploads\/2024\/03\/FP-mousepad-banner-1-600x318.png 600w, https:\/\/www.gamiac.com\/wp-content\/uploads\/2024\/03\/FP-mousepad-banner-1-450x239.png 450w, https:\/\/www.gamiac.com\/wp-content\/uploads\/2024\/03\/FP-mousepad-banner-1-150x80.png 150w, https:\/\/www.gamiac.com\/wp-content\/uploads\/2024\/03\/FP-mousepad-banner-1-200x106.png 200w, https:\/\/www.gamiac.com\/wp-content\/uploads\/2024\/03\/FP-mousepad-banner-1.png 762w\" sizes=\"(max-width: 700px) 100vw, 700px\" \/><\/div><\/div><\/div><\/div><div class=\"wpb_column vc_column_container us_custom_5701f5bf\"><div class=\"vc_column-inner\">[vc_custom_heading text=\u00bbAlfombrillas de rat\u00f3n\u00bb use_theme_fonts=\u00bbyes\u00bb css=\u00bb%7B%22default%22%3A%7B%22color%22%3A%22%23DCDBDB%22%7D%2C%22laptops%22%3A%7B%22color%22%3A%22%23DCDBDB%22%7D%2C%22tablets%22%3A%7B%22color%22%3A%22%23DCDBDB%22%7D%2C%22mobiles%22%3A%7B%22color%22%3A%22%23DCDBDB%22%7D%7D\u00bb]<div class=\"wpb_text_column us_custom_d5f80afc has_text_color\"><div class=\"wpb_wrapper\"><p style=\"text-align: left;\">Asegurar esa victoria es f\u00e1cil gracias a nuestras alfombrillas gaming para rat\u00f3n. Disfruta de su superficie suave y expansiva para asegurar que cada clic del rat\u00f3n se registre con un control y precisi\u00f3n superiores. La base antideslizante garantiza que la alfombrilla no se enrolle ni se mueva durante una partida intensa. Adem\u00e1s, tendr\u00e1s una protecci\u00f3n adicional contra derrames accidentales gracias al material resistente a salpicaduras.<\/p>\n<\/div><\/div><div class=\"w-separator size_small\"><\/div><div class=\"w-btn-wrapper default_align_none laptops_align_none tablets_align_none mobiles_align_center\"><a class=\"w-btn us-btn-style_3\" href=\"\/es\/products\/#gaming-mousepad\"><span class=\"w-btn-label\">Explorar<\/span><\/a><\/div><\/div><\/div><\/div><div class=\"w-separator size_custom\" style=\"height:4dvh\" id=\"t70c\"><style>@media(max-width:1024px){ #t70c{height:2dvh!important}}@media(max-width:600px){ #t70c{height:0dvh!important}}<\/style><\/div><\/div><\/div><\/div><\/div><\/section>\n","protected":false},"excerpt":{"rendered":"[vc_custom_heading text=\"\u00bfEres un GAMIAC?\" font_container=\"tag:h2|text_align:center\" use_theme_fonts=\"yes\" css=\"%7B%22default%22%3A%7B%22color%22%3A%22%23DCDBDB%22%7D%7D\"][vc_custom_heading text=\"RATONES\" use_theme_fonts=\"yes\" css=\"%7B%22default%22%3A%7B%22color%22%3A%22%23f8f8f8%22%7D%7D\"] Mueve, haz clic y desliza con precisi\u00f3n de p\u00edxeles gracias a nuestros ratones gaming RGB. Disfruta de su construcci\u00f3n ligera y de los sensores de alta calidad PixArt para derrotar a tus enemigos en el juego con facilidad. Explorar[vc_custom_heading text=\"Teclados\" use_theme_fonts=\"yes\" css=\"%7B%22default%22%3A%7B%22color%22%3A%22%23DCDBDB%22%7D%2C%22laptops%22%3A%7B%22color%22%3A%22%23DCDBDB%22%7D%2C%22tablets%22%3A%7B%22color%22%3A%22%23DCDBDB%22%7D%2C%22mobiles%22%3A%7B%22color%22%3A%22%23DCDBDB%22%7D%7D\"] Libera tu verdadero...","protected":false},"author":7,"featured_media":0,"parent":0,"menu_order":0,"comment_status":"closed","ping_status":"closed","template":"","meta":{"inline_featured_image":false,"footnotes":""},"class_list":["post-2602","page","type-page","status-publish","hentry"],"_links":{"self":[{"href":"https:\/\/www.gamiac.com\/es\/wp-json\/wp\/v2\/pages\/2602"}],"collection":[{"href":"https:\/\/www.gamiac.com\/es\/wp-json\/wp\/v2\/pages"}],"about":[{"href":"https:\/\/www.gamiac.com\/es\/wp-json\/wp\/v2\/types\/page"}],"author":[{"embeddable":true,"href":"https:\/\/www.gamiac.com\/es\/wp-json\/wp\/v2\/users\/7"}],"replies":[{"embeddable":true,"href":"https:\/\/www.gamiac.com\/es\/wp-json\/wp\/v2\/comments?post=2602"}],"version-history":[{"count":9,"href":"https:\/\/www.gamiac.com\/es\/wp-json\/wp\/v2\/pages\/2602\/revisions"}],"predecessor-version":[{"id":4061,"href":"https:\/\/www.gamiac.com\/es\/wp-json\/wp\/v2\/pages\/2602\/revisions\/4061"}],"wp:attachment":[{"href":"https:\/\/www.gamiac.com\/es\/wp-json\/wp\/v2\/media?parent=2602"}],"curies":[{"name":"wp","href":"https:\/\/api.w.org\/{rel}","templated":true}]}}