{"id":1704,"date":"2024-01-16T08:20:32","date_gmt":"2024-01-16T08:20:32","guid":{"rendered":"https:\/\/www.gamiac.com\/product\/sin%20categor\u00eda\/hs71\/"},"modified":"2024-03-14T06:10:14","modified_gmt":"2024-03-14T06:10:14","slug":"hs71","status":"publish","type":"product","link":"https:\/\/www.gamiac.com\/es\/product\/gaming-headsets-es\/hs71\/","title":{"rendered":"HS71"},"content":{"rendered":"<section class=\"l-section wpb_row us_custom_8a8cf4e3 height_auto\"><div class=\"l-section-h i-cf\"><div class=\"g-cols vc_row via_grid cols_1 laptops-cols_inherit tablets-cols_inherit mobiles-cols_1 valign_middle type_default stacking_default\"><div class=\"wpb_column vc_column_container\"><div class=\"vc_column-inner\"><div class=\"w-hwrapper valign_middle align_center\" style=\"--hwrapper-gap:3rem\"><div class=\"w-post-elm post_title us_custom_ab1cb444 has_text_color entry-title color_link_inherit\"><a href=\"#product-top\">HS71<\/a><\/div><div class=\"w-btn-wrapper align_right\"><a class=\"w-btn us-btn-style_3\" href=\"https:\/\/www.gamiac.com\/es\/where-to-buy\/\"><span class=\"w-btn-label\">Buscar un Vendedor<\/span><\/a><\/div><\/div><\/div><\/div><\/div><\/div><\/section><section class=\"l-section wpb_row height_auto width_full\"><div class=\"l-section-h i-cf\"><div class=\"g-cols vc_row via_grid cols_1 laptops-cols_inherit tablets-cols_inherit mobiles-cols_1 valign_top type_default stacking_default\"><div class=\"wpb_column vc_column_container\"><div class=\"vc_column-inner\"><div class=\"w-separator size_custom\" style=\"height:45dvh\" id=\"r6a3\"><style>@media(max-width:1024px){ #r6a3{height:18dvh!important}}@media(max-width:600px){ #r6a3{height:0px!important}}<\/style><\/div><div class=\"g-cols wpb_row hide_on_default hide_on_laptops hide_on_tablets via_grid cols_1 laptops-cols_inherit tablets-cols_inherit mobiles-cols_1 valign_top type_default stacking_default\" style=\"--gap:3rem;\"><div class=\"wpb_column vc_column_container\"><div class=\"vc_column-inner\"><div class=\"w-image align_none\"><div class=\"w-image-h\"><img decoding=\"async\" width=\"768\" height=\"900\" src=\"https:\/\/www.gamiac.com\/wp-content\/uploads\/2024\/01\/HS71-KVRD.jpg\" class=\"attachment-full size-full wvs-archive-product-image\" alt=\"\" loading=\"lazy\" srcset=\"https:\/\/www.gamiac.com\/wp-content\/uploads\/2024\/01\/HS71-KVRD.jpg 768w, https:\/\/www.gamiac.com\/wp-content\/uploads\/2024\/01\/HS71-KVRD-700x820.jpg 700w, https:\/\/www.gamiac.com\/wp-content\/uploads\/2024\/01\/HS71-KVRD-300x352.jpg 300w, https:\/\/www.gamiac.com\/wp-content\/uploads\/2024\/01\/HS71-KVRD-341x400.jpg 341w, https:\/\/www.gamiac.com\/wp-content\/uploads\/2024\/01\/HS71-KVRD-600x703.jpg 600w\" sizes=\"(max-width: 768px) 100vw, 768px\" \/><\/div><\/div><\/div><\/div><\/div><div class=\"w-separator size_custom\" style=\"height:45dvh\" id=\"y2af\"><style>@media(max-width:1024px){ #y2af{height:18dvh!important}}@media(max-width:600px){ #y2af{height:0px!important}}<\/style><\/div><\/div><\/div><\/div><\/div><\/section><!-- Row Backgrounds --><div class=\"upb_bg_img\" data-ultimate-bg=\"url(https:\/\/www.gamiac.com\/wp-content\/uploads\/2024\/01\/HS71-KV-2x.jpg)\" data-image-id=\"id^599|url^https:\/\/www.gamiac.com\/wp-content\/uploads\/2024\/01\/HS71-KV-2x.jpg|caption^null|alt^null|title^HS71-KV-2x|description^null\" data-ultimate-bg-style=\"vcpb-default\" data-bg-img-repeat=\"no-repeat\" data-bg-img-size=\"cover\" data-bg-img-position=\"35%\" data-parallx_sense=\"30\" data-bg-override=\"0\" data-bg_img_attach=\"scroll\" data-upb-overlay-color=\"\" data-upb-bg-animation=\"\" data-fadeout=\"\" data-bg-animation=\"left-animation\" data-bg-animation-type=\"h\" data-animation-repeat=\"repeat\" data-fadeout-percentage=\"30\" data-parallax-content=\"\" data-parallax-content-sense=\"30\" data-row-effect-mobile-disable=\"true\" data-img-parallax-mobile-disable=\"true\" data-rtl=\"false\"  data-custom-vc-row=\"\"  data-vc=\"7.5\"  data-is_old_vc=\"\"  data-theme-support=\"\"   data-overlay=\"false\" data-overlay-color=\"\" data-overlay-pattern=\"\" data-overlay-pattern-opacity=\"\" data-overlay-pattern-size=\"\"    ><\/div><section class=\"l-section wpb_row us_custom_b6c52b05 height_medium\"><div class=\"l-section-h i-cf\"><div class=\"g-cols vc_row via_grid cols_1 laptops-cols_inherit tablets-cols_inherit mobiles-cols_1 valign_middle type_default stacking_default\"><div class=\"wpb_column vc_column_container\"><div class=\"vc_column-inner\"><div class=\"g-cols wpb_row via_grid cols_2 laptops-cols_inherit tablets-cols_inherit mobiles-cols_1 valign_middle type_default stacking_default\" style=\"--gap:3rem;\"><div class=\"wpb_column vc_column_container\"><div class=\"vc_column-inner\">[vc_custom_heading text=\u00bbSinfon\u00eda Cristalina\u00bb css=\u00bb%7B%22default%22%3A%7B%22color%22%3A%22%23ffffff%22%2C%22font-family%22%3A%22body%22%2C%22font-weight%22%3A%22400%22%7D%2C%22laptops%22%3A%7B%22color%22%3A%22%23ffffff%22%2C%22font-family%22%3A%22body%22%2C%22font-weight%22%3A%22400%22%7D%2C%22tablets%22%3A%7B%22color%22%3A%22%23ffffff%22%2C%22font-family%22%3A%22body%22%2C%22font-weight%22%3A%22400%22%7D%2C%22mobiles%22%3A%7B%22color%22%3A%22%23ffffff%22%2C%22font-family%22%3A%22body%22%2C%22font-weight%22%3A%22400%22%7D%7D\u00bb]<div class=\"wpb_text_column us_custom_d5f80afc has_text_color\"><div class=\"wpb_wrapper\"><p style=\"text-align: left;\">Tanto si se trata de un susurro como de un estruendo, el canal surround virtual 7.1 y los altavoces de 50 mm ofrecen un rendimiento n\u00edtido y perfecto para tus o\u00eddos.<\/p>\n<\/div><\/div><\/div><\/div><div class=\"wpb_column vc_column_container\"><div class=\"vc_column-inner\"><div data-us-scroll=\"{&quot;from_initial_position&quot;:&quot;0&quot;,&quot;start_position&quot;:&quot;10%&quot;,&quot;end_position&quot;:&quot;100%&quot;,&quot;delay&quot;:&quot;0.4s&quot;,&quot;translate_y_direction&quot;:&quot;up&quot;,&quot;translate_y_speed&quot;:&quot;0.8x&quot;}\" class=\"w-image has_scroll_effects has_translate_y align_center\"><div class=\"w-image-h\"><img decoding=\"async\" width=\"600\" height=\"700\" src=\"https:\/\/www.gamiac.com\/wp-content\/uploads\/2024\/01\/HS71-FH-1.png\" class=\"attachment-full size-full wvs-archive-product-image\" alt=\"\" loading=\"lazy\" srcset=\"https:\/\/www.gamiac.com\/wp-content\/uploads\/2024\/01\/HS71-FH-1.png 600w, https:\/\/www.gamiac.com\/wp-content\/uploads\/2024\/01\/HS71-FH-1-300x350.png 300w, https:\/\/www.gamiac.com\/wp-content\/uploads\/2024\/01\/HS71-FH-1-343x400.png 343w\" sizes=\"(max-width: 600px) 100vw, 600px\" \/><\/div><\/div><\/div><\/div><\/div><\/div><\/div><\/div><\/div><\/section><section class=\"l-section wpb_row us_custom_19cd38b6 height_auto\"><div class=\"l-section-h i-cf\"><div class=\"g-cols vc_row via_grid cols_1 laptops-cols_inherit tablets-cols_inherit mobiles-cols_1 valign_bottom type_default stacking_default\"><div class=\"wpb_column vc_column_container\"><div class=\"vc_column-inner\"><div class=\"w-separator size_custom\" style=\"height:7dvh\" id=\"md41\"><style>@media(max-width:1024px){ #md41{height:2dvh!important}}@media(max-width:600px){ #md41{height:5dvh!important}}<\/style><\/div><div class=\"g-cols wpb_row via_grid cols_7-5 laptops-cols_inherit tablets-cols_inherit mobiles-cols_1 valign_middle type_default reversed stacking_default\" style=\"--gap:3rem;\"><div class=\"wpb_column vc_column_container\"><div class=\"vc_column-inner\"><div class=\"w-image align_none\"><div class=\"w-image-h\"><img decoding=\"async\" width=\"450\" height=\"712\" src=\"https:\/\/www.gamiac.com\/wp-content\/uploads\/2024\/01\/HS71-FH-2.png\" class=\"attachment-full size-full wvs-archive-product-image\" alt=\"\" loading=\"lazy\" srcset=\"https:\/\/www.gamiac.com\/wp-content\/uploads\/2024\/01\/HS71-FH-2.png 450w, https:\/\/www.gamiac.com\/wp-content\/uploads\/2024\/01\/HS71-FH-2-300x475.png 300w, https:\/\/www.gamiac.com\/wp-content\/uploads\/2024\/01\/HS71-FH-2-253x400.png 253w\" sizes=\"(max-width: 450px) 100vw, 450px\" \/><\/div><\/div><\/div><\/div><div class=\"wpb_column vc_column_container\"><div class=\"vc_column-inner\">[vc_custom_heading text=\u00bbCostura Confortable\u00bb css=\u00bb%7B%22default%22%3A%7B%22color%22%3A%22%23333333%22%2C%22font-family%22%3A%22body%22%2C%22font-weight%22%3A%22400%22%7D%7D\u00bb]<div class=\"wpb_text_column\"><div class=\"wpb_wrapper\"><p style=\"text-align: left;\">Su dise\u00f1o ligero y ergon\u00f3mico, con un marco resistente y una banda de cabeza flexible, permite que los auriculares se adapten perfectamente a la cabeza.<\/p>\n<\/div><\/div><div class=\"w-separator size_custom\" style=\"height:15dvh\" id=\"h878\"><style>@media(max-width:1024px){ #h878{height:2dvh!important}}@media(max-width:600px){ #h878{height:2dvh!important}}<\/style><\/div><\/div><\/div><\/div><div class=\"w-separator size_custom\" style=\"height:7dvh\" id=\"r96b\"><style>@media(max-width:1024px){ #r96b{height:2dvh!important}}@media(max-width:600px){ #r96b{height:5dvh!important}}<\/style><\/div><\/div><\/div><\/div><\/div><\/section><!-- Row Backgrounds --><div class=\"upb_bg_img\" data-ultimate-bg=\"url(https:\/\/www.gamiac.com\/wp-content\/uploads\/2024\/01\/HS71-BG-2-2x.jpg)\" data-image-id=\"id^608|url^https:\/\/www.gamiac.com\/wp-content\/uploads\/2024\/01\/HS71-BG-2-2x.jpg|caption^null|alt^null|title^HS71-BG-2-2x|description^null\" data-ultimate-bg-style=\"vcpb-vz-jquery\" data-bg-img-repeat=\"no-repeat\" data-bg-img-size=\"cover\" data-bg-img-position=\"\" data-parallx_sense=\"45\" data-bg-override=\"0\" data-bg_img_attach=\"scroll\" data-upb-overlay-color=\"\" data-upb-bg-animation=\"\" data-fadeout=\"fadeout_row_value\" data-bg-animation=\"left-animation\" data-bg-animation-type=\"h\" data-animation-repeat=\"repeat\" data-fadeout-percentage=\"50\" data-parallax-content=\"parallax_content_value\" data-parallax-content-sense=\"45\" data-row-effect-mobile-disable=\"true\" data-img-parallax-mobile-disable=\"true\" data-rtl=\"false\"  data-custom-vc-row=\"\"  data-vc=\"7.5\"  data-is_old_vc=\"\"  data-theme-support=\"\"   data-overlay=\"false\" data-overlay-color=\"\" data-overlay-pattern=\"\" data-overlay-pattern-opacity=\"\" data-overlay-pattern-size=\"\"    ><\/div><section class=\"l-section wpb_row height_auto\"><div class=\"l-section-h i-cf\"><div class=\"g-cols vc_row via_grid cols_1 laptops-cols_inherit tablets-cols_inherit mobiles-cols_1 valign_bottom type_default stacking_default\"><div class=\"wpb_column vc_column_container\"><div class=\"vc_column-inner\"><div class=\"w-separator size_custom\" style=\"height:7dvh\" id=\"s04d\"><style>@media(max-width:1024px){ #s04d{height:4dvh!important}}@media(max-width:600px){ #s04d{height:5dvh!important}}<\/style><\/div><div class=\"g-cols wpb_row via_grid cols_2 laptops-cols_inherit tablets-cols_inherit mobiles-cols_1 valign_middle type_default stacking_default\" style=\"--gap:3rem;\"><div class=\"wpb_column vc_column_container\"><div class=\"vc_column-inner\">[vc_custom_heading text=\u00bbConfort Rotativo\u00bb css=\u00bb%7B%22default%22%3A%7B%22color%22%3A%22%23333333%22%2C%22font-family%22%3A%22body%22%2C%22font-weight%22%3A%22400%22%7D%7D\u00bb]<div class=\"wpb_text_column\"><div class=\"wpb_wrapper\"><p style=\"text-align: left;\">Los auriculares giratorios de 90\u00b0 ofrecen mayor comodidad para largas horas de trabajo o diversi\u00f3n.<\/p>\n<\/div><\/div><div class=\"w-separator size_medium\"><\/div><div class=\"w-image us_custom_d508c094 align_none\"><div class=\"w-image-h\"><img decoding=\"async\" width=\"300\" height=\"301\" src=\"https:\/\/www.gamiac.com\/wp-content\/uploads\/2024\/01\/HS71-FH-4.png\" class=\"attachment-us_300_0 size-us_300_0 wvs-archive-product-image\" alt=\"\" loading=\"lazy\" srcset=\"https:\/\/www.gamiac.com\/wp-content\/uploads\/2024\/01\/HS71-FH-4.png 300w, https:\/\/www.gamiac.com\/wp-content\/uploads\/2024\/01\/HS71-FH-4-100x100.png 100w, https:\/\/www.gamiac.com\/wp-content\/uploads\/2024\/01\/HS71-FH-4-50x50.png 50w\" sizes=\"(max-width: 300px) 100vw, 300px\" \/><\/div><\/div><\/div><\/div><div class=\"wpb_column vc_column_container\"><div class=\"vc_column-inner\"><div class=\"w-image align_none\"><div class=\"w-image-h\"><img decoding=\"async\" width=\"600\" height=\"700\" src=\"https:\/\/www.gamiac.com\/wp-content\/uploads\/2024\/01\/HS71-FH-3.png\" class=\"attachment-full size-full wvs-archive-product-image\" alt=\"\" loading=\"lazy\" srcset=\"https:\/\/www.gamiac.com\/wp-content\/uploads\/2024\/01\/HS71-FH-3.png 600w, https:\/\/www.gamiac.com\/wp-content\/uploads\/2024\/01\/HS71-FH-3-300x350.png 300w, https:\/\/www.gamiac.com\/wp-content\/uploads\/2024\/01\/HS71-FH-3-343x400.png 343w, https:\/\/www.gamiac.com\/wp-content\/uploads\/2024\/01\/HS71-FH-3-450x525.png 450w\" sizes=\"(max-width: 600px) 100vw, 600px\" \/><\/div><\/div><\/div><\/div><\/div><div class=\"w-separator size_custom\" style=\"height:7dvh\" id=\"lec3\"><style>@media(max-width:1024px){ #lec3{height:2dvh!important}}@media(max-width:600px){ #lec3{height:5dvh!important}}<\/style><\/div><\/div><\/div><\/div><\/div><\/section><!-- Row Backgrounds --><div class=\"upb_bg_img\" data-ultimate-bg=\"url(https:\/\/www.gamiac.com\/wp-content\/uploads\/2024\/01\/HS71-BG-03-2x.jpg)\" data-image-id=\"id^623|url^https:\/\/www.gamiac.com\/wp-content\/uploads\/2024\/01\/HS71-BG-03-2x.jpg|caption^null|alt^null|title^HS71-BG-03-2x|description^null\" data-ultimate-bg-style=\"vcpb-vz-jquery\" data-bg-img-repeat=\"no-repeat\" data-bg-img-size=\"cover\" data-bg-img-position=\"\" data-parallx_sense=\"45\" data-bg-override=\"0\" data-bg_img_attach=\"scroll\" data-upb-overlay-color=\"\" data-upb-bg-animation=\"\" data-fadeout=\"fadeout_row_value\" data-bg-animation=\"left-animation\" data-bg-animation-type=\"h\" data-animation-repeat=\"repeat\" data-fadeout-percentage=\"70\" data-parallax-content=\"parallax_content_value\" data-parallax-content-sense=\"45\" data-row-effect-mobile-disable=\"true\" data-img-parallax-mobile-disable=\"true\" data-rtl=\"false\"  data-custom-vc-row=\"\"  data-vc=\"7.5\"  data-is_old_vc=\"\"  data-theme-support=\"\"   data-overlay=\"false\" data-overlay-color=\"\" data-overlay-pattern=\"\" data-overlay-pattern-opacity=\"\" data-overlay-pattern-size=\"\"    ><\/div><section class=\"l-section wpb_row us_custom_2c809040 height_auto\"><div class=\"l-section-h i-cf\"><div class=\"g-cols vc_row via_grid cols_1 laptops-cols_inherit tablets-cols_inherit mobiles-cols_1 valign_top type_default stacking_default\" style=\"--gap:0rem;\"><div class=\"wpb_column vc_column_container\"><div class=\"vc_column-inner\"><div class=\"g-cols wpb_row via_grid cols_2 laptops-cols_inherit tablets-cols_inherit mobiles-cols_1 valign_middle type_default reversed stacking_default\" style=\"--gap:3rem;--laptops-gap:3rem;--tablets-gap:3rem;--mobiles-gap:2rem;\"><div class=\"wpb_column vc_column_container us_custom_bd52fd84 has_bg_color stretched\"><div class=\"vc_column-inner\"><div class=\"w-image align_none\"><div class=\"w-image-h\"><img decoding=\"async\" width=\"960\" height=\"800\" src=\"https:\/\/www.gamiac.com\/wp-content\/uploads\/2024\/01\/HS71-FH-5.png\" class=\"attachment-full size-full wvs-archive-product-image\" alt=\"\" loading=\"lazy\" srcset=\"https:\/\/www.gamiac.com\/wp-content\/uploads\/2024\/01\/HS71-FH-5.png 960w, https:\/\/www.gamiac.com\/wp-content\/uploads\/2024\/01\/HS71-FH-5-700x583.png 700w, https:\/\/www.gamiac.com\/wp-content\/uploads\/2024\/01\/HS71-FH-5-300x250.png 300w, https:\/\/www.gamiac.com\/wp-content\/uploads\/2024\/01\/HS71-FH-5-480x400.png 480w, https:\/\/www.gamiac.com\/wp-content\/uploads\/2024\/01\/HS71-FH-5-600x500.png 600w, https:\/\/www.gamiac.com\/wp-content\/uploads\/2024\/01\/HS71-FH-5-450x375.png 450w\" sizes=\"(max-width: 960px) 100vw, 960px\" \/><\/div><\/div><\/div><\/div><div class=\"wpb_column vc_column_container us_custom_4a051866\"><div class=\"vc_column-inner\"><div class=\"w-separator hide_on_default hide_on_laptops hide_on_tablets size_medium\"><\/div>[vc_custom_heading text=\u00bbMisi\u00f3n Silenciosa\u00bb css=\u00bb%7B%22default%22%3A%7B%22color%22%3A%22%23ffffff%22%2C%22font-family%22%3A%22body%22%2C%22font-weight%22%3A%22400%22%7D%7D\u00bb]<div class=\"wpb_text_column us_custom_5423ae05 has_text_color\"><div class=\"wpb_wrapper\"><p style=\"text-align: left;\">El micr\u00f3fono desmontable con cancelaci\u00f3n de ruido protege a tus colegas de equipo del ruido exterior y bloquea cualquier distracci\u00f3n.<\/p>\n<\/div><\/div><\/div><\/div><\/div><\/div><\/div><\/div><\/div><\/section><section class=\"l-section wpb_row us_custom_564f8d2e height_medium\"><div class=\"l-section-h i-cf\"><div class=\"g-cols vc_row via_grid cols_1 laptops-cols_inherit tablets-cols_inherit mobiles-cols_1 valign_top type_default stacking_default\"><div class=\"wpb_column vc_column_container\"><div class=\"vc_column-inner\"><div class=\"w-separator size_medium\"><\/div><div class=\"g-cols wpb_row via_grid cols_7-5 laptops-cols_inherit tablets-cols_inherit mobiles-cols_1 valign_middle type_default reversed stacking_default\" style=\"--gap:3rem;\"><div class=\"wpb_column vc_column_container\"><div class=\"vc_column-inner\"><div class=\"w-image align_none\"><div class=\"w-image-h\"><img decoding=\"async\" width=\"746\" height=\"389\" src=\"https:\/\/www.gamiac.com\/wp-content\/uploads\/2024\/01\/HS71-FH-6.jpg\" class=\"attachment-full size-full wvs-archive-product-image\" alt=\"\" loading=\"lazy\" srcset=\"https:\/\/www.gamiac.com\/wp-content\/uploads\/2024\/01\/HS71-FH-6.jpg 746w, https:\/\/www.gamiac.com\/wp-content\/uploads\/2024\/01\/HS71-FH-6-700x365.jpg 700w, https:\/\/www.gamiac.com\/wp-content\/uploads\/2024\/01\/HS71-FH-6-300x156.jpg 300w, https:\/\/www.gamiac.com\/wp-content\/uploads\/2024\/01\/HS71-FH-6-600x313.jpg 600w, https:\/\/www.gamiac.com\/wp-content\/uploads\/2024\/01\/HS71-FH-6-450x235.jpg 450w\" sizes=\"(max-width: 746px) 100vw, 746px\" \/><\/div><\/div><\/div><\/div><div class=\"wpb_column vc_column_container\"><div class=\"vc_column-inner\">[vc_custom_heading text=\u00bbCables M\u00e1gicos\u00bb css=\u00bb%7B%22default%22%3A%7B%22color%22%3A%22%23333333%22%2C%22font-family%22%3A%22body%22%2C%22font-weight%22%3A%22400%22%7D%7D\u00bb]<div class=\"wpb_text_column us_custom_4076faf9 has_text_color\"><div class=\"wpb_wrapper\"><p style=\"text-align: left;\">El cable adaptador USB-C a USB-A se puede quitar y volver a conectar f\u00e1cilmente al conector de audio de 3,5 mm.<\/p>\n<\/div><\/div><\/div><\/div><\/div><div class=\"w-separator size_medium\"><\/div><div class=\"g-cols wpb_row via_grid cols_5-7 laptops-cols_inherit tablets-cols_inherit mobiles-cols_1 valign_middle type_default stacking_default\" style=\"--gap:3rem;\"><div class=\"wpb_column vc_column_container\"><div class=\"vc_column-inner\">[vc_custom_heading text=\u00bbIluminaci\u00f3n RGB\u00bb css=\u00bb%7B%22default%22%3A%7B%22color%22%3A%22%23333333%22%2C%22font-family%22%3A%22body%22%2C%22font-weight%22%3A%22400%22%7D%7D\u00bb]<div class=\"wpb_text_column us_custom_4076faf9 has_text_color\"><div class=\"wpb_wrapper\"><p style=\"text-align: left;\">El logotipo con 16,8 millones de colores RGB ofrece un bello complemento a tu configuraci\u00f3n.<\/p>\n<\/div><\/div><\/div><\/div><div class=\"wpb_column vc_column_container\"><div class=\"vc_column-inner\"><div class=\"w-image align_none\"><div class=\"w-image-h\"><img decoding=\"async\" width=\"746\" height=\"389\" src=\"https:\/\/www.gamiac.com\/wp-content\/uploads\/2024\/01\/HS71-FH-7.jpg\" class=\"attachment-full size-full wvs-archive-product-image\" alt=\"\" loading=\"lazy\" srcset=\"https:\/\/www.gamiac.com\/wp-content\/uploads\/2024\/01\/HS71-FH-7.jpg 746w, https:\/\/www.gamiac.com\/wp-content\/uploads\/2024\/01\/HS71-FH-7-700x365.jpg 700w, https:\/\/www.gamiac.com\/wp-content\/uploads\/2024\/01\/HS71-FH-7-300x156.jpg 300w, https:\/\/www.gamiac.com\/wp-content\/uploads\/2024\/01\/HS71-FH-7-600x313.jpg 600w, https:\/\/www.gamiac.com\/wp-content\/uploads\/2024\/01\/HS71-FH-7-450x235.jpg 450w\" sizes=\"(max-width: 746px) 100vw, 746px\" \/><\/div><\/div><\/div><\/div><\/div><div class=\"w-separator size_medium\"><\/div><\/div><\/div><\/div><\/div><\/section>\n","protected":false},"excerpt":{"rendered":"[vc_row width=\"full\" height=\"auto\" content_placement=\"middle\" css=\"%7B%22default%22%3A%7B%22color%22%3A%22%23ffffff%22%7D%7D\"][vc_column width=\"1\/1\"][vc_column_text]<\/p>\n<p>Sum\u00e9rgete en el pa\u00eds de las maravillas sonoras con los auriculares gaming HS71. Su dise\u00f1o ligero de 293 g, la banda de cabeza flexible y sus auriculares ajustables ofrecen una comodidad de primer nivel. Juega con estilo gracias a la iluminaci\u00f3n RGB a\u00f1adida, el cable trenzado desmontable y el micr\u00f3fono con cancelaci\u00f3n de ruido.<\/p>\n<p>[\/vc_column_text][\/vc_column][\/vc_row]\n[vc_row width=\"full\" height=\"auto\" bg_type=\"bg_color\" bg_color_value=\"#DEBE40\"][vc_column width=\"1\/1\"][vc_tta_accordion toggle=\"1\" title_size=\"max( 1rem, 1vw )\" c_icon=\"plus\"][vc_tta_section title=\"SPEC DETAILS\" tab_link=\"%7B%22url%22%3A%22%22%7D\" i_position=\"right\" bg_color=\"#333333\" text_color=\"#DCDBDB\"][vc_column_text]<\/p>\n<table style=\"height: auto; width: 100%; border-collapse: collapse;\" border=\"0\" cellspacing=\"2px\">\n<tbody>\n<tr style=\"height: auto;\">\n<td style=\"font-size: 0.8em; font-weight: 300; width: 100%; height: auto;\"><strong>Tipo<\/strong><\/td>\n<\/tr>\n<tr style=\"height: auto;\">\n<td style=\"font-size: 0.8em; font-weight: 300; width: 100%; height: auto;\">Sobre la oreja<\/td>\n<\/tr>\n<tr style=\"height: auto;\">\n<td style=\"font-size: 0.8em; font-weight: 300; width: 100%; height: auto;\"><strong>Modo de conexi\u00f3n<\/strong><\/td>\n<\/tr>\n<tr style=\"height: auto;\">\n<td style=\"font-size: 0.8em; font-weight: 300; width: 100%; height: auto;\">Cableado<\/td>\n<\/tr>\n<tr style=\"height: auto;\">\n<td style=\"font-size: 0.8em; font-weight: 300; width: 100%; height: auto;\"><strong>Canal de sonido<\/strong><\/td>\n<\/tr>\n<tr style=\"height: auto;\">\n<td style=\"font-size: 0.8em; font-weight: 300; width: 100%; height: auto;\">Canales 7.1 virtuales<\/td>\n<\/tr>\n<tr style=\"height: auto;\">\n<td style=\"font-size: 0.8em; font-weight: 300; width: 100%; height: auto;\"><strong>Tama\u00f1o del disco<\/strong><\/td>\n<\/tr>\n<tr style=\"height: auto;\">\n<td style=\"font-size: 0.8em; font-weight: 300; width: 100%; height: auto;\">50mm<\/td>\n<\/tr>\n<tr style=\"height: auto;\">\n<td style=\"font-size: 0.8em; font-weight: 300; width: 100%; height: auto;\"><strong>N\u00fameros de disco<\/strong><\/td>\n<\/tr>\n<tr>\n<td style=\"font-size: 0.8em; font-weight: 300; width: 100%; height: auto;\">2<\/td>\n<\/tr>\n<tr>\n<td style=\"font-size: 0.8em; font-weight: 300; width: 100%; height: auto;\"><strong>Control de volumen<\/strong><\/td>\n<\/tr>\n<tr>\n<td style=\"font-size: 0.8em; font-weight: 300; width: 100%; height: auto;\">S\u00ed<\/td>\n<\/tr>\n<tr>\n<td style=\"font-size: 0.8em; font-weight: 300; width: 100%; height: auto;\"><strong>Sensibilidad de los auriculares<\/strong><\/td>\n<\/tr>\n<tr>\n<td style=\"font-size: 0.8em; font-weight: 300; width: 100%; height: auto;\">103dB\u00b13<\/td>\n<\/tr>\n<tr>\n<td style=\"font-size: 0.8em; font-weight: 300; width: 100%; height: auto;\"><strong>Sensibilidad del micr\u00f3fono<\/strong><\/td>\n<\/tr>\n<tr>\n<td style=\"font-size: 0.8em; font-weight: 300; width: 100%; height: auto;\">-22dB\u00b12<\/td>\n<\/tr>\n<tr>\n<td style=\"font-size: 0.8em; font-weight: 300; width: 100%; height: auto;\"><strong> Impedancia de los altavoces<\/strong><\/td>\n<\/tr>\n<tr>\n<td style=\"font-size: 0.8em; font-weight: 300; width: 100%; height: auto;\">24\u03a9<\/td>\n<\/tr>\n<tr>\n<td style=\"font-size: 0.8em; font-weight: 300; width: 100%; height: auto;\"><strong> Frecuencia de respuesta<\/strong><\/td>\n<\/tr>\n<tr>\n<td style=\"font-size: 0.8em; font-weight: 300; width: 100%; height: auto;\">20Hz-20KHz<\/td>\n<\/tr>\n<tr>\n<td style=\"font-size: 0.8em; font-weight: 300; width: 100%; height: auto;\"><strong>Efecto RGB<\/strong><\/td>\n<\/tr>\n<tr>\n<td style=\"font-size: 0.8em; font-weight: 300; width: 100%; height: auto;\">16.8M RGB<\/td>\n<\/tr>\n<tr>\n<td style=\"font-size: 0.8em; font-weight: 300; width: 100%; height: auto;\"><strong>Longitud del cable (mm)<\/strong><\/td>\n<\/tr>\n<tr>\n<td style=\"font-size: 0.8em; font-weight: 300; width: 100%; height: auto;\">220 mm, trenzado<\/td>\n<\/tr>\n<tr>\n<td style=\"font-size: 0.8em; font-weight: 300; width: 100%; height: auto;\"><strong>Dimensiones (AnxPrxAl)<\/strong><\/td>\n<\/tr>\n<tr>\n<td style=\"font-size: 0.8em; font-weight: 300; width: 100%; height: auto;\">220x210x9mm<\/td>\n<\/tr>\n<tr>\n<td style=\"font-size: 0.8em; font-weight: 300; width: 100%; height: auto;\"><strong>Peso<\/strong><\/td>\n<\/tr>\n<tr>\n<td style=\"font-size: 0.8em; font-weight: 300; width: 100%; height: auto;\">293g<\/td>\n<\/tr>\n<\/tbody>\n<\/table>\n<p>[\/vc_column_text][\/vc_tta_section][vc_tta_section title=\"COMPATIBILITY\" tab_link=\"%7B%22url%22%3A%22%22%7D\" i_position=\"right\" bg_color=\"#333333\" text_color=\"#DCDBDB\"][vc_column_text]<\/p>\n<table style=\"height: auto; width: 100%; border-collapse: collapse;\" cellspacing=\"3px\">\n<tbody>\n<tr style=\"height: auto;\">\n<td style=\"font-size: 0.8em; font-weight: 300; width: 100%; height: auto;\"><strong>Tipo de conector USB<\/strong><\/td>\n<\/tr>\n<tr style=\"height: auto;\">\n<td style=\"font-size: 0.8em; font-weight: 300; width: 100%; height: auto;\">Desmontable, 2 cables USB tipo-C adaptados a USB tipo-A o conector de 3,5 mm<\/td>\n<\/tr>\n<tr style=\"height: auto;\">\n<td style=\"font-size: 0.8em; font-weight: 300; width: 100%; height: auto;\"><strong>OS compatible<\/strong><\/td>\n<\/tr>\n<tr style=\"height: auto;\">\n<td style=\"font-size: 0.8em; font-weight: 300; width: 100%; height: auto;\">Window 8\/10\/11<\/td>\n<\/tr>\n<\/tbody>\n<\/table>\n<p>[\/vc_column_text][\/vc_tta_section][vc_tta_section title=\"compatible\" tab_link=\"%7B%22url%22%3A%22%22%7D\" i_position=\"right\" bg_color=\"#333333\" text_color=\"#DCDBDB\"][us_text text=\"HS71 User Manual\" link=\"%7B%22url%22%3A%22%2Fhs71-usermanual%22%2C%22target%22%3A%22_blank%22%2C%22rel%22%3A%22nofollow%22%7D\" icon=\"fas|download\" iconpos=\"right\" css=\"%7B%22default%22%3A%7B%22color%22%3A%22%23f5f5f5%22%2C%22font-family%22%3A%22body%22%2C%22font-weight%22%3A%22400%22%7D%7D\"][\/vc_tta_section][\/vc_tta_accordion][\/vc_column][\/vc_row]\n","protected":false},"featured_media":1705,"comment_status":"open","ping_status":"closed","template":"","meta":{"inline_featured_image":false},"product_cat":[77],"product_tag":[134],"class_list":{"0":"post-1704","1":"product","2":"type-product","3":"status-publish","4":"has-post-thumbnail","6":"product_cat-gaming-headsets-es","7":"product_tag-auriculares-gaming-ligeros-7-1","9":"first","10":"instock","11":"shipping-taxable","12":"purchasable","13":"product-type-variable","14":"has-default-attributes","15":"wvs-archive-product-wrapper"},"_links":{"self":[{"href":"https:\/\/www.gamiac.com\/es\/wp-json\/wp\/v2\/product\/1704"}],"collection":[{"href":"https:\/\/www.gamiac.com\/es\/wp-json\/wp\/v2\/product"}],"about":[{"href":"https:\/\/www.gamiac.com\/es\/wp-json\/wp\/v2\/types\/product"}],"replies":[{"embeddable":true,"href":"https:\/\/www.gamiac.com\/es\/wp-json\/wp\/v2\/comments?post=1704"}],"wp:featuredmedia":[{"embeddable":true,"href":"https:\/\/www.gamiac.com\/es\/wp-json\/wp\/v2\/media\/1705"}],"wp:attachment":[{"href":"https:\/\/www.gamiac.com\/es\/wp-json\/wp\/v2\/media?parent=1704"}],"wp:term":[{"taxonomy":"product_cat","embeddable":true,"href":"https:\/\/www.gamiac.com\/es\/wp-json\/wp\/v2\/product_cat?post=1704"},{"taxonomy":"product_tag","embeddable":true,"href":"https:\/\/www.gamiac.com\/es\/wp-json\/wp\/v2\/product_tag?post=1704"}],"curies":[{"name":"wp","href":"https:\/\/api.w.org\/{rel}","templated":true}]}}