{"id":2412,"date":"2024-01-29T03:28:51","date_gmt":"2024-01-29T03:28:51","guid":{"rendered":"https:\/\/www.gamiac.com\/about-us\/"},"modified":"2024-03-18T05:43:30","modified_gmt":"2024-03-18T05:43:30","slug":"about-us","status":"publish","type":"page","link":"https:\/\/www.gamiac.com\/fi\/about-us\/","title":{"rendered":"Tietoa meist\u00e4"},"content":{"rendered":"<section class=\"l-section wpb_row us_custom_b7a68ffe height_medium\"><div class=\"l-section-h i-cf\"><div class=\"g-cols vc_row via_grid cols_1 laptops-cols_inherit tablets-cols_inherit mobiles-cols_1 valign_top type_default stacking_default\"><div class=\"wpb_column vc_column_container\"><div class=\"vc_column-inner\"><div class=\"g-cols wpb_row via_grid cols_1 laptops-cols_inherit tablets-cols_inherit mobiles-cols_1 valign_top type_default stacking_default\" style=\"--gap:3rem;\"><div class=\"wpb_column vc_column_container\"><div class=\"vc_column-inner\"><div class=\"w-image align_center\"><div class=\"w-image-h\"><img decoding=\"async\" width=\"150\" height=\"150\" src=\"https:\/\/www.gamiac.com\/wp-content\/uploads\/2024\/01\/Gamiac-logo-V1.png\" class=\"attachment-us_150_0 size-us_150_0 wvs-archive-product-image\" alt=\"\" loading=\"lazy\" srcset=\"https:\/\/www.gamiac.com\/wp-content\/uploads\/2024\/01\/Gamiac-logo-V1.png 300w, https:\/\/www.gamiac.com\/wp-content\/uploads\/2024\/01\/Gamiac-logo-V1-100x100.png 100w, https:\/\/www.gamiac.com\/wp-content\/uploads\/2024\/01\/Gamiac-logo-V1-50x50.png 50w\" sizes=\"(max-width: 150px) 100vw, 150px\" \/><\/div><\/div><\/div><\/div><\/div><div class=\"w-separator size_small\"><\/div><div class=\"g-cols wpb_row via_grid cols_custom laptops-cols_inherit tablets-cols_inherit mobiles-cols_1 valign_top type_default stacking_default\" style=\"--gap:3rem;--custom-columns:0.5fr 5fr 0.5fr \"><div class=\"wpb_column vc_column_container\"><div class=\"vc_column-inner\"><\/div><\/div><div class=\"wpb_column vc_column_container\"><div class=\"vc_column-inner\">[vc_custom_heading text=&#8221;Tietoja GAMIAC:sta&#8221; font_container=&#8221;tag:h2|text_align:center&#8221; use_theme_fonts=&#8221;yes&#8221; css=&#8221;%7B%22default%22%3A%7B%22color%22%3A%22%23DCDBDB%22%7D%7D&#8221;]<div class=\"wpb_text_column us_custom_6df4bc3a has_text_color\"><div class=\"wpb_wrapper\"><p style=\"text-align: center;\">Tervetuloa GAMIACiin! T\u00e4\u00e4ll\u00e4 pelaaminen ei ole pelkk\u00e4 harrastus, vaan v\u00e4rik\u00e4s, korkeaoktaaninen el\u00e4m\u00e4ntapa! Me GAMIACilla ymm\u00e4rr\u00e4mme asian olemuksen. Olet pelihullu, ja ansaitset varusteet, jotka pysyv\u00e4t intohimosi tahdissa. Siksi olemme t\u00e4\u00e4ll\u00e4, ja tarjoamme kattavan valikoiman pelikuulokkeita, n\u00e4pp\u00e4imist\u00f6j\u00e4, hiiri\u00e4 ja hiirimattoja. Uskomme, ett\u00e4 hyvin valmistettujen peliv\u00e4lineiden ei pit\u00e4isi olla ylellisyytt\u00e4 &#8211; ne ovat v\u00e4ltt\u00e4m\u00e4tt\u00f6myys jokaiselle pelaajalle.    <\/p>\n<\/div><\/div><\/div><\/div><div class=\"wpb_column vc_column_container\"><div class=\"vc_column-inner\"><\/div><\/div><\/div><\/div><\/div><\/div><\/div><\/section><section class=\"l-section wpb_row us_custom_e9899b5c height_small\"><div class=\"l-section-h i-cf\"><div class=\"g-cols vc_row via_grid cols_1 laptops-cols_inherit tablets-cols_inherit mobiles-cols_1 valign_top type_default stacking_default\"><div class=\"wpb_column vc_column_container\"><div class=\"vc_column-inner\"><div class=\"g-cols wpb_row via_grid cols_2-3 laptops-cols_inherit tablets-cols_inherit mobiles-cols_1 valign_top type_default stacking_default\" style=\"--gap:4rem;\"><div class=\"wpb_column vc_column_container\"><div class=\"vc_column-inner\"><div class=\"w-separator size_medium\"><\/div><div class=\"wpb_text_column us_custom_6df4bc3a has_text_color\"><div class=\"wpb_wrapper\"><p style=\"text-align: left;\">Mantramme? Laatua kohtuulliseen hintaan. Haluamme tuoda sinulle varusteita, jotka saavat sinut n\u00e4ytt\u00e4m\u00e4\u00e4n siistilt\u00e4, tuntemaan olosi mahtavaksi ja toimimaan kuin ammattilainen. Olitpa sitten viikonloppusoturi, keskiy\u00f6n ry\u00f6st\u00e4j\u00e4 tai aamuy\u00f6ll\u00e4 riehuva desperado, GAMIAC-varusteet on suunniteltu ruokkimaan pelipaloa.    <\/p>\n<p>Salainen reseptimme on j\u00e4senyytemme Pro Gamers Groupissa &#8211; huippuluokan kehityksen ja alan tiet\u00e4myksen l\u00e4hde, jonka avulla voimme el\u00e4\u00e4 arvojemme mukaisesti. T\u00e4m\u00e4n ainutlaatuisen suhteen ansiosta voimme luoda tuotteita, jotka eiv\u00e4t ole vain siistej\u00e4 ja v\u00e4rikk\u00e4it\u00e4, vaan ne on suunniteltu nostamaan pelaamisesi huipputasolle. Liity siis GAMIAC-jengiin ja valmistaudu kunniaan!  <\/p>\n<\/div><\/div><\/div><\/div><div class=\"wpb_column vc_column_container\"><div class=\"vc_column-inner\"><div class=\"w-image style_shadow-1 has_ratio align_center\"><div class=\"w-image-h\"><div style=\"padding-bottom:75%\"><\/div><img decoding=\"async\" width=\"2560\" height=\"1400\" src=\"https:\/\/www.gamiac.com\/wp-content\/uploads\/2024\/01\/Category-mice-bg-2x_1.jpg\" class=\"attachment-full size-full wvs-archive-product-image\" alt=\"\" loading=\"lazy\" srcset=\"https:\/\/www.gamiac.com\/wp-content\/uploads\/2024\/01\/Category-mice-bg-2x_1.jpg 2560w, https:\/\/www.gamiac.com\/wp-content\/uploads\/2024\/01\/Category-mice-bg-2x_1-700x383.jpg 700w, https:\/\/www.gamiac.com\/wp-content\/uploads\/2024\/01\/Category-mice-bg-2x_1-300x164.jpg 300w, https:\/\/www.gamiac.com\/wp-content\/uploads\/2024\/01\/Category-mice-bg-2x_1-600x328.jpg 600w, https:\/\/www.gamiac.com\/wp-content\/uploads\/2024\/01\/Category-mice-bg-2x_1-450x246.jpg 450w, https:\/\/www.gamiac.com\/wp-content\/uploads\/2024\/01\/Category-mice-bg-2x_1-150x82.jpg 150w\" sizes=\"(max-width: 2560px) 100vw, 2560px\" \/><\/div><\/div><\/div><\/div><\/div><div class=\"w-separator size_medium\"><\/div><\/div><\/div><\/div><\/div><\/section>\n","protected":false},"excerpt":{"rendered":"[vc_custom_heading text=\"Tietoja GAMIAC:sta\" font_container=\"tag:h2|text_align:center\" use_theme_fonts=\"yes\" css=\"%7B%22default%22%3A%7B%22color%22%3A%22%23DCDBDB%22%7D%7D\"] Tervetuloa GAMIACiin! T\u00e4\u00e4ll\u00e4 pelaaminen ei ole pelkk\u00e4 harrastus, vaan v\u00e4rik\u00e4s, korkeaoktaaninen el\u00e4m\u00e4ntapa! Me GAMIACilla ymm\u00e4rr\u00e4mme asian olemuksen. Olet pelihullu, ja ansaitset varusteet, jotka pysyv\u00e4t intohimosi tahdissa. Siksi olemme t\u00e4\u00e4ll\u00e4, ja tarjoamme kattavan valikoiman pelikuulokkeita, n\u00e4pp\u00e4imist\u00f6j\u00e4, hiiri\u00e4 ja hiirimattoja. Uskomme, ett\u00e4 hyvin valmistettujen peliv\u00e4lineiden ei pit\u00e4isi olla ylellisyytt\u00e4 &#8211; ne...","protected":false},"author":7,"featured_media":0,"parent":0,"menu_order":0,"comment_status":"closed","ping_status":"closed","template":"","meta":{"inline_featured_image":false,"footnotes":""},"class_list":["post-2412","page","type-page","status-publish","hentry"],"_links":{"self":[{"href":"https:\/\/www.gamiac.com\/fi\/wp-json\/wp\/v2\/pages\/2412"}],"collection":[{"href":"https:\/\/www.gamiac.com\/fi\/wp-json\/wp\/v2\/pages"}],"about":[{"href":"https:\/\/www.gamiac.com\/fi\/wp-json\/wp\/v2\/types\/page"}],"author":[{"embeddable":true,"href":"https:\/\/www.gamiac.com\/fi\/wp-json\/wp\/v2\/users\/7"}],"replies":[{"embeddable":true,"href":"https:\/\/www.gamiac.com\/fi\/wp-json\/wp\/v2\/comments?post=2412"}],"version-history":[{"count":5,"href":"https:\/\/www.gamiac.com\/fi\/wp-json\/wp\/v2\/pages\/2412\/revisions"}],"predecessor-version":[{"id":2803,"href":"https:\/\/www.gamiac.com\/fi\/wp-json\/wp\/v2\/pages\/2412\/revisions\/2803"}],"wp:attachment":[{"href":"https:\/\/www.gamiac.com\/fi\/wp-json\/wp\/v2\/media?parent=2412"}],"curies":[{"name":"wp","href":"https:\/\/api.w.org\/{rel}","templated":true}]}}