{"id":2546,"date":"2023-08-01T07:46:25","date_gmt":"2023-08-01T07:46:25","guid":{"rendered":"https:\/\/www.gamiac.com\/?page_id=2546"},"modified":"2024-02-29T02:48:59","modified_gmt":"2024-02-29T02:48:59","slug":"privacy-policy","status":"publish","type":"page","link":"https:\/\/www.gamiac.com\/fi\/privacy-policy\/","title":{"rendered":"Tietosuojak\u00e4yt\u00e4nt\u00f6"},"content":{"rendered":"<section class=\"l-section wpb_row us_custom_e9899b5c height_auto width_custom\" style=\"--site-content-width:1330px;\"><div class=\"l-section-h i-cf\"><div class=\"g-cols vc_row via_grid cols_1 laptops-cols_inherit tablets-cols_inherit mobiles-cols_1 valign_middle type_default stacking_default\"><div class=\"wpb_column vc_column_container\"><div class=\"vc_column-inner\"><div class=\"w-separator size_custom\" style=\"height:10px\" id=\"l582\"><style><\/style><\/div><div class=\"g-cols wpb_row via_grid cols_2 laptops-cols_inherit tablets-cols_inherit mobiles-cols_1 valign_middle type_default stacking_default\" style=\"--gap:3rem;\"><div class=\"wpb_column vc_column_container\"><div class=\"vc_column-inner\"><div class=\"wpb_text_column us_custom_6df4bc3a has_text_color\"><div class=\"wpb_wrapper\"><p>Lue seuraavat tiedot saadaksesi lis\u00e4tietoja tietosuojak\u00e4yt\u00e4nn\u00f6st\u00e4mme.<\/p>\n<\/div><\/div><\/div><\/div><div class=\"wpb_column vc_column_container\"><div class=\"vc_column-inner\"><div class=\"w-image align_center\"><div class=\"w-image-h\"><img decoding=\"async\" width=\"150\" height=\"150\" src=\"https:\/\/www.gamiac.com\/wp-content\/uploads\/2024\/01\/Gamiac-logo-V1.png\" class=\"attachment-us_150_0 size-us_150_0 wvs-archive-product-image\" alt=\"\" loading=\"lazy\" srcset=\"https:\/\/www.gamiac.com\/wp-content\/uploads\/2024\/01\/Gamiac-logo-V1.png 300w, https:\/\/www.gamiac.com\/wp-content\/uploads\/2024\/01\/Gamiac-logo-V1-100x100.png 100w, https:\/\/www.gamiac.com\/wp-content\/uploads\/2024\/01\/Gamiac-logo-V1-50x50.png 50w\" sizes=\"(max-width: 150px) 100vw, 150px\" \/><\/div><\/div><\/div><\/div><\/div><div class=\"w-separator size_custom\" style=\"height:10px\" id=\"m817\"><style><\/style><\/div><\/div><\/div><\/div><\/div><\/section><section class=\"l-section wpb_row height_medium width_custom\" style=\"--site-content-width:1330px;\"><div class=\"l-section-h i-cf\"><div class=\"g-cols vc_row via_grid cols_1 laptops-cols_inherit tablets-cols_inherit mobiles-cols_1 valign_middle type_default stacking_default\"><div class=\"wpb_column vc_column_container\"><div class=\"vc_column-inner\"><div class=\"g-cols wpb_row via_grid cols_1 laptops-cols_inherit tablets-cols_inherit mobiles-cols_1 valign_middle type_default stacking_default\" style=\"--gap:3rem;\"><div class=\"wpb_column vc_column_container\"><div class=\"vc_column-inner\"><div class=\"wpb_text_column\"><div class=\"wpb_wrapper\"><p><strong>Mit\u00e4 t\u00e4m\u00e4 tietosuojak\u00e4yt\u00e4nt\u00f6 kattaa<\/strong><\/p>\n<ul>\n<li>T\u00e4m\u00e4 politiikka kattaa seuraavat seikat GAMIAC k\u00e4sittelee henkil\u00f6tietoja, joita GAMIAC ker\u00e4\u00e4 ja vastaanottaa, mukaan lukien tiedot, jotka liittyv\u00e4t aiempaan k\u00e4ytt\u00f6\u00f6si koskien GAMIAC-tuotteita ja palveluita. Henkil\u00f6kohtaiset tiedot ovat sinua koskevia tietoja, jotka ovat henkil\u00f6kohtaisesti tunnistettavissa, kuten nimesi, osoitteesi, s\u00e4hk\u00f6postiosoitteesi tai puhelinnumerosi, ja jotka eiv\u00e4t ole muuten julkisesti saatavilla.<\/li>\n<li>T\u00e4t\u00e4 k\u00e4yt\u00e4nt\u00f6\u00e4 ei sovelleta sellaisten yritysten k\u00e4yt\u00e4nt\u00f6ihin, jotka ovat GAMIAC ei omista tai hallitse, tai henkil\u00f6ihin, joita GAMIAC ty\u00f6llist\u00e4 tai johda. Lis\u00e4ksi tietyill\u00e4 GAMIAC:iin liittyvill\u00e4 yrityksill\u00e4 voi olla omat tietosuojaselosteensa.<\/li>\n<\/ul>\n<\/div><\/div><div class=\"w-separator size_small\"><\/div><div class=\"wpb_text_column\"><div class=\"wpb_wrapper\"><p><strong>Tietojen ker\u00e4\u00e4minen ja k\u00e4ytt\u00f6<\/strong><\/p>\n<ul>\n<li>GAMIAC ker\u00e4\u00e4 ja tallentaa henkil\u00f6tietosi, kun rekister\u00f6idyt osoitteeseen GAMIAC, kun k\u00e4yt\u00e4t GAMIAC tuotteita tai palveluja, k\u00e4yt GAMIAC sivuilla tai tiettyjen GAMIAC:n yhteisty\u00f6kumppaneiden sivuilla ja osallistut kampanjoihin tai arvontoihin.<\/li>\n<li>GAMIAC pyyt\u00e4\u00e4 sinua t\u00e4ytt\u00e4m\u00e4\u00e4n joitakin henkil\u00f6kohtaisia tietoja, kuten nimesi, osoitteesi, s\u00e4hk\u00f6postiosoitteesi, syntym\u00e4aikasi, sukupuolesi, postinumerosi, ammattisi, toimialasi, henkil\u00f6kohtaiset kiinnostuksen kohteesi ja muita tietoja omaisuudestasi, kun rekister\u00f6idyt GAMIAC-verkkosivustollamme, tallennetaan ja k\u00e4ytet\u00e4\u00e4n GAMIAC:n toimesta suostumuksesi perusteella. Suostumuksesi katsotaan vahvistetuksi, jos rekister\u00f6idyt onnistuneesti verkkosivustollamme. Kun rekister\u00f6idyt verkkosivustollamme ja kirjaudut palveluihimme, lakkaat olemasta anonyymi k\u00e4ytt\u00e4j\u00e4 GAMIAC:n puitteissa.<\/li>\n<li>Parantaakseen palvelua ja yll\u00e4pit\u00e4\u00e4kseen erinomaista viestint\u00e4\u00e4 asiakkaiden kanssa, GAMIAC k\u00e4ytt\u00e4\u00e4 edell\u00e4 mainittuja tietoja seuraaviin yleisiin tarkoituksiin:\n<ul>\n<li>Mainonnan ja sis\u00e4ll\u00f6n r\u00e4\u00e4t\u00e4l\u00f6intiin, tuotepyynt\u00f6jesi ja palvelupyynt\u00f6jesi t\u00e4ytt\u00e4miseen, palveluidemme parantamiseen, yhteydenottoihin, tutkimuksiin ja anonyymien raporttien laatimiseen sis\u00e4isille ja ulkoisille asiakkaille.<\/li>\n<li>Tietojen ker\u00e4\u00e4minen, tallentaminen ja yhdist\u00e4minen sek\u00e4 jakaminen seuraavien tahojen kuten GAMIAC-tyt\u00e4ryhti\u00f6iden ja luotettavien kumppaneiden kanssa, jotka ty\u00f6skentelev\u00e4t GAMIAC:n puolesta tai t\u00e4m\u00e4n kanssa luottamuksellisuussopimusten mukaisesti asiakkaiden julkisen hallintaj\u00e4rjestelm\u00e4n perustamiseksi. N\u00e4m\u00e4 yritykset voivat k\u00e4ytt\u00e4\u00e4 henkil\u00f6tietojasi auttaakseen GAMIAC:ia viestim\u00e4\u00e4n sinulle tarjouksista koskien GAMIAC:n ja markkinointikumppaneidemme tarjouksia. N\u00e4ill\u00e4 yrityksill\u00e4 ei kuitenkaan ole itsen\u00e4ist\u00e4 oikeutta jakaa n\u00e4it\u00e4 tietoja.<\/li>\n<li>Viestitt\u00e4\u00e4ksemme sinulle tai vahvistaaksemme pyynt\u00f6si online-kyselylomakkeilla, kun k\u00e4yt\u00e4t tietoja, jotka GAMIAC:n liikekumppanit tai alihankkijat ovat toimittaneet suositellakseen tai esitell\u00e4kseen asiakkailleen GAMIAC:n tuote-, palvelu- ja myyntitietoja.<\/li>\n<\/ul>\n<\/li>\n<\/ul>\n<p>Sinun katsotaan suostuvan siihen, ett\u00e4 annat GAMIAC:lle luvan ker\u00e4t\u00e4 ja k\u00e4ytt\u00e4\u00e4 edell\u00e4 mainittuja tietoja t\u00e4m\u00e4n tietosuojak\u00e4yt\u00e4nn\u00f6n perusteella, mutta sinulla on kuitenkin edelleen oikeus vet\u00e4\u00e4 pois tiedot, jotka olet toimittanut GAMIAC:lle. Voit suojella oikeuksiasi l\u00e4hett\u00e4m\u00e4ll\u00e4 peruutuspyynn\u00f6n seuraavaan osoitteeseen GAMIAC:lle postitse allekirjoitettuna. Pyynt\u00f6si k\u00e4sitell\u00e4\u00e4n seitsem\u00e4n (7) ty\u00f6p\u00e4iv\u00e4n kuluessa. GAMIAC k\u00e4sittelee tietojasi Kiinan tasavallan (Taiwan) lakien ja asetusten mukaisesti.<\/p>\n<\/div><\/div><div class=\"w-separator size_small\"><\/div><div class=\"wpb_text_column\"><div class=\"wpb_wrapper\"><p><strong>Ev\u00e4steet<\/strong><\/p>\n<p>Ev\u00e4steet ovat pieni\u00e4 tiedostoja, jotka sivusto tai sen palveluntarjoaja siirt\u00e4\u00e4 tietokoneesi kiintolevylle selaimesi kautta (jos sallit sen) ja joiden avulla sivuston tai palveluntarjoajan j\u00e4rjestelm\u00e4t voivat tunnistaa selaimesi ja tallentaa ja s\u00e4ilytt\u00e4\u00e4 tiettyj\u00e4 tietoja. K\u00e4yt\u00e4mme esimerkiksi ev\u00e4steit\u00e4, joiden avulla voimme ker\u00e4t\u00e4 ja k\u00e4sitell\u00e4 ostoskorissasi olevia tuotteita. Niit\u00e4 k\u00e4ytet\u00e4\u00e4n my\u00f6s auttamaan meit\u00e4 ymm\u00e4rt\u00e4m\u00e4\u00e4n mieltymyksi\u00e4si, jotka perustuvat aiempaan tai nykyiseen sivustolla tapahtuvaan toimintaan, jonka ansiosta voimme tarjota sinulle parempia palveluja. K\u00e4yt\u00e4mme ev\u00e4steit\u00e4 my\u00f6s auttaaksemme meit\u00e4 ker\u00e4\u00e4m\u00e4\u00e4n yhteenvetotietoja sivuston liikenteest\u00e4 ja vuorovaikutuksesta, jotta voimme tarjota parempia sivustokokemuksia ja ty\u00f6kaluja tulevaisuudessa.<\/p>\n<p><strong>K\u00e4yt\u00e4mme ev\u00e4steit\u00e4:<\/strong><\/p>\n<ul>\n<li>Ymm\u00e4rt\u00e4\u00e4 ja tallentaa k\u00e4ytt\u00e4j\u00e4n mieltymykset tulevia vierailuja varten.<\/li>\n<li>Seuraa mainontaa.<\/li>\n<\/ul>\n<p>Voit valita, ett\u00e4 tietokoneesi varoittaa sinua aina, kun ev\u00e4ste l\u00e4hetet\u00e4\u00e4n, tai voit poistaa kaikki ev\u00e4steet k\u00e4yt\u00f6st\u00e4. Voit tehd\u00e4 t\u00e4m\u00e4n selaimesi v\u00e4lityksell\u00e4 (esim.: Internet Explorer) asetukset. Jokaisella selaimella on erilaiset asetukset, joten katso selaimesi Ohje-valikosta, miten ev\u00e4steiden muuttaminen on oikein. Jos poistat ev\u00e4steet k\u00e4yt\u00f6st\u00e4, jotkin toiminnot eiv\u00e4t ehk\u00e4 tee sivustokokemuksestasi yht\u00e4 tehokasta ja jotkin palvelumme eiv\u00e4t ehk\u00e4 toimi oikein.<\/p>\n<\/div><\/div><div class=\"w-separator size_small\"><\/div><div class=\"wpb_text_column\"><div class=\"wpb_wrapper\"><p><strong>Vastuuvapaus<\/strong><\/p>\n<p>T\u00e4m\u00e4n verkkosivuston omistaa GAMIAC, mutta GAMIAC ei takaa milt\u00e4\u00e4n osin turvallisuutta, yksityisyytt\u00e4 tai muuta asiaankuuluvaa sis\u00e4lt\u00f6\u00e4 muilla verkkosivustoilla, joihin t\u00e4m\u00e4 verkkosivusto on linkitetty, eik\u00e4 linkit ole luoneet mit\u00e4\u00e4n ty\u00f6ntekij\u00e4-, toimisto-, edustus- tai kumppanuussuhdetta.<\/p>\n<p><strong>Luottamuksellisuus ja turvallisuus<\/strong><\/p>\n<ul>\n<li>Turvallisuutesi ja yksityisyytesi suojaamiseksi GAMIAC-tilill\u00e4 olevat tietosi suojataan salasanalla.<\/li>\n<li>Joissakin tapauksissa GAMIAC k\u00e4ytt\u00e4\u00e4 SSL turvaj\u00e4rjestelm\u00e4\u00e4 tietojen suojaamiseksi siirron aikana.<\/li>\n<li>Rajoitamme p\u00e4\u00e4syn sinua koskeviin henkil\u00f6tietoihin ty\u00f6ntekij\u00f6ihin, joiden uskomme kohtuudella tarvitsevan kyseisi\u00e4 tietoja tuotteiden tai palveluiden tarjoamiseksi sinulle tai teht\u00e4viens\u00e4 hoitamiseksi.<\/li>\n<li>Meill\u00e4 on liittovaltion s\u00e4\u00e4nn\u00f6sten mukaiset fyysiset, s\u00e4hk\u00f6iset ja menettelylliset suojatoimet henkil\u00f6tietojesi suojaamiseksi.<\/li>\n<\/ul>\n<\/div><\/div><div class=\"w-separator size_small\"><\/div><div class=\"wpb_text_column\"><div class=\"wpb_wrapper\"><p><strong>Muutokset t\u00e4h\u00e4n tietosuojak\u00e4yt\u00e4nt\u00f6\u00f6n<\/strong><\/p>\n<p>GAMIAC pid\u00e4tt\u00e4\u00e4 oikeuden muuttaa tai peruuttaa t\u00e4t\u00e4 k\u00e4yt\u00e4nt\u00f6\u00e4 ajoittain uusimpien tilannevaatimusten mukaan. Suosittelemme, ett\u00e4 luet t\u00e4m\u00e4n k\u00e4yt\u00e4nteen huolellisesti aina, kun se on tarpeen uuden tilanteen k\u00e4sittelemiseksi. Ilmoitamme kaikista merkitt\u00e4vist\u00e4 muutoksista t\u00e4ll\u00e4 verkkosivustolla.<\/p>\n<p><strong>Kysymyksi\u00e4 ja ehdotuksia<\/strong><\/p>\n<p>Jos sinulla on kysytt\u00e4v\u00e4\u00e4 tai ehdotuksia, voit ottaa meihin yhteytt\u00e4 seuraavalla tavalla:<\/p>\n<ol>\n<li>S\u00e4hk\u00f6postitse: <span><a style=\"color: #1e1e1e;\" href=\"mailto:info@gamiac.onmicrosoft.com\" target=\"_blank\" rel=\"noopener\">info@gamiac.onmicrosoft.com<\/a><\/span><\/li>\n<\/ol>\n<\/div><\/div><\/div><\/div><\/div><\/div><\/div><\/div><\/div><\/section>\n","protected":false},"excerpt":{"rendered":"Lue seuraavat tiedot saadaksesi lis\u00e4tietoja tietosuojak\u00e4yt\u00e4nn\u00f6st\u00e4mme. Mit\u00e4 t\u00e4m\u00e4 tietosuojak\u00e4yt\u00e4nt\u00f6 kattaa T\u00e4m\u00e4 politiikka kattaa seuraavat seikat GAMIAC k\u00e4sittelee henkil\u00f6tietoja, joita GAMIAC ker\u00e4\u00e4 ja vastaanottaa, mukaan lukien tiedot, jotka liittyv\u00e4t aiempaan k\u00e4ytt\u00f6\u00f6si koskien GAMIAC-tuotteita ja palveluita. Henkil\u00f6kohtaiset tiedot ovat sinua koskevia tietoja, jotka ovat henkil\u00f6kohtaisesti tunnistettavissa, kuten nimesi, osoitteesi, s\u00e4hk\u00f6postiosoitteesi tai puhelinnumerosi, ja jotka eiv\u00e4t ole muuten...","protected":false},"author":7,"featured_media":0,"parent":0,"menu_order":0,"comment_status":"closed","ping_status":"closed","template":"","meta":{"inline_featured_image":false,"footnotes":""},"class_list":["post-2546","page","type-page","status-publish","hentry"],"_links":{"self":[{"href":"https:\/\/www.gamiac.com\/fi\/wp-json\/wp\/v2\/pages\/2546"}],"collection":[{"href":"https:\/\/www.gamiac.com\/fi\/wp-json\/wp\/v2\/pages"}],"about":[{"href":"https:\/\/www.gamiac.com\/fi\/wp-json\/wp\/v2\/types\/page"}],"author":[{"embeddable":true,"href":"https:\/\/www.gamiac.com\/fi\/wp-json\/wp\/v2\/users\/7"}],"replies":[{"embeddable":true,"href":"https:\/\/www.gamiac.com\/fi\/wp-json\/wp\/v2\/comments?post=2546"}],"version-history":[{"count":4,"href":"https:\/\/www.gamiac.com\/fi\/wp-json\/wp\/v2\/pages\/2546\/revisions"}],"predecessor-version":[{"id":2599,"href":"https:\/\/www.gamiac.com\/fi\/wp-json\/wp\/v2\/pages\/2546\/revisions\/2599"}],"wp:attachment":[{"href":"https:\/\/www.gamiac.com\/fi\/wp-json\/wp\/v2\/media?parent=2546"}],"curies":[{"name":"wp","href":"https:\/\/api.w.org\/{rel}","templated":true}]}}