{"id":2617,"date":"2024-01-26T06:48:56","date_gmt":"2024-01-26T06:48:56","guid":{"rendered":"https:\/\/www.gamiac.com\/gamiac-homepage\/"},"modified":"2024-11-18T09:57:46","modified_gmt":"2024-11-18T09:57:46","slug":"gamiac-homepage","status":"publish","type":"page","link":"https:\/\/www.gamiac.com\/fi\/","title":{"rendered":"Gamiac Homepage"},"content":{"rendered":"<section class=\"l-section wpb_row height_medium full_height valign_center with_video\"><div id=\"us_bg_video_x6d3\" class=\"l-section-video\"><script>!function(w){var node = document.getElementById( 'us_bg_video_x6d3' );if ( w.innerWidth <= 100 ) { node.remove() }}(window);<\/script><style>@media(max-width:100px){#us_bg_video_x6d3{display:none!important}}<\/style><video  autoplay loop muted playsinline preload=\"auto\"><source type=\"video\/mp4\" src=\"\/wp-content\/uploads\/2024\/01\/GAMICA-FP-Video.mp4\" \/><\/video><\/div><div class=\"l-section-h i-cf\"><div class=\"g-cols vc_row via_grid cols_1 laptops-cols_inherit tablets-cols_inherit mobiles-cols_1 valign_middle type_default stacking_default\"><div class=\"wpb_column vc_column_container\"><div class=\"vc_column-inner\"><div class=\"g-cols wpb_row via_grid cols_1-2-1 laptops-cols_inherit tablets-cols_inherit mobiles-cols_1 valign_top type_default stacking_default\" style=\"--gap:3rem;\"><div class=\"wpb_column vc_column_container\"><div class=\"vc_column-inner\"><\/div><\/div><div class=\"wpb_column vc_column_container\"><div class=\"vc_column-inner\">[vc_custom_heading text=&#8221;Oletko sin\u00e4kin GAMIAC?&#8221; font_container=&#8221;tag:h2|text_align:center&#8221; use_theme_fonts=&#8221;yes&#8221; css=&#8221;%7B%22default%22%3A%7B%22color%22%3A%22%23DCDBDB%22%7D%7D&#8221;]<\/div><\/div><div class=\"wpb_column vc_column_container\"><div class=\"vc_column-inner\"><\/div><\/div><\/div><\/div><\/div><\/div><\/div><\/section><section class=\"l-section wpb_row us_custom_0d15be52 height_large width_custom\" style=\"--site-content-width:1640px;\"><div class=\"l-section-h i-cf\"><div class=\"g-cols vc_row via_grid cols_1 laptops-cols_inherit tablets-cols_inherit mobiles-cols_1 valign_top type_default stacking_default\"><div class=\"wpb_column vc_column_container us_custom_fa465e80 has_bg_color\"><div class=\"vc_column-inner\"><div class=\"w-separator size_custom\" style=\"height:9dvh\" id=\"mdf8\"><style>@media(max-width:1024px){ #mdf8{height:5dvh!important}}@media(max-width:600px){ #mdf8{height:0dvh!important}}<\/style><\/div><div class=\"g-cols wpb_row via_grid cols_custom laptops-cols_inherit tablets-cols_inherit mobiles-cols_1 valign_top type_default stacking_default\" style=\"--gap:3rem;--custom-columns:0.5fr 2.5fr 3fr \"><div class=\"wpb_column vc_column_container\"><div class=\"vc_column-inner\"><\/div><\/div><div class=\"wpb_column vc_column_container\"><div class=\"vc_column-inner\">[vc_custom_heading text=&#8221;HIIRET&#8221; use_theme_fonts=&#8221;yes&#8221; css=&#8221;%7B%22default%22%3A%7B%22color%22%3A%22%23f8f8f8%22%7D%7D&#8221;]<div class=\"wpb_text_column us_custom_d5f80afc has_text_color\"><div class=\"wpb_wrapper\"><p style=\"text-align: left;\">Mutkittele ja kurvaile RGB-pelihiirill\u00e4mme: kevyit\u00e4 kuin h\u00f6yhen, mutta kovia taisteluissa. PixArt-antureilla varustettuina ja pikselintarkkoina ne ovat luotettavia apureitasi pelitaisteluissa.<\/p>\n<\/div><\/div><div class=\"w-separator size_small\"><\/div><div class=\"w-btn-wrapper default_align_none laptops_align_none tablets_align_none mobiles_align_center\"><a class=\"w-btn us-btn-style_3\" href=\"https:\/\/www.gamiac.com\/fi\/products\/#mice-category\"><span class=\"w-btn-label\">Tutustu<\/span><\/a><\/div><\/div><\/div><div class=\"wpb_column vc_column_container\"><div class=\"vc_column-inner\"><\/div><\/div><\/div><div class=\"g-cols wpb_row hide_on_mobiles via_grid cols_1 laptops-cols_inherit tablets-cols_inherit mobiles-cols_1 valign_top type_default stacking_default\" style=\"--gap:3rem;\"><div class=\"wpb_column vc_column_container\"><div class=\"vc_column-inner\"><div id=\"ult-easy-separator-354085875569f4c9f6bc2bf\" class=\"ult-easy-separator-wrapper ult-responsive ult-top-easy-separator ult-easy-separator-no-default ult-right-img\" style=\"transform: translate(0,-90%)!important;-ms-transform: translate(0,-90%)!important;-webkit-transform: translate(0,-90%)!important;right:15%;transform: translate(15%,-90%);-ms-transform: translate(15%,-90%);-webkit-transform: translate(15%,-90%);\" data-vc-row=\"wpb_row\"  data-ultimate-target='#ult-easy-separator-354085875569f4c9f6bc2bf'  data-responsive-json-new='{\"width\":\"desktop:530px;tablet:250px;tablet_portrait:200px;mobile_landscape:200px;\"}' ><div class=\"ult-easy-separator-inner-wrapper\"><div class=\"ult-no-animation\" style=\"opacity:0;\"   ><img decoding=\"async\" class=\"ult-easy-separator-img\" alt=\"null\" src=\"https:\/\/www.gamiac.com\/wp-content\/uploads\/2024\/01\/FP-mouse-banner-1-1.png\" \/><\/div><\/div><\/div><\/div><\/div><\/div><div class=\"g-cols wpb_row hide_on_default hide_on_laptops hide_on_tablets via_grid cols_1 laptops-cols_inherit tablets-cols_inherit mobiles-cols_1 valign_top type_default stacking_default\" style=\"--gap:3rem;\"><div class=\"wpb_column vc_column_container\"><div class=\"vc_column-inner\"><div class=\"w-image align_center\"><div class=\"w-image-h\"><img decoding=\"async\" width=\"300\" height=\"300\" src=\"https:\/\/www.gamiac.com\/wp-content\/uploads\/2024\/01\/FP-mouse-banner-1-1-300x300.png\" class=\"attachment-us_300_0 size-us_300_0 wvs-archive-product-image\" alt=\"\" loading=\"lazy\" srcset=\"https:\/\/www.gamiac.com\/wp-content\/uploads\/2024\/01\/FP-mouse-banner-1-1-300x300.png 300w, https:\/\/www.gamiac.com\/wp-content\/uploads\/2024\/01\/FP-mouse-banner-1-1-100x100.png 100w, https:\/\/www.gamiac.com\/wp-content\/uploads\/2024\/01\/FP-mouse-banner-1-1-400x400.png 400w, https:\/\/www.gamiac.com\/wp-content\/uploads\/2024\/01\/FP-mouse-banner-1-1-450x450.png 450w, https:\/\/www.gamiac.com\/wp-content\/uploads\/2024\/01\/FP-mouse-banner-1-1-50x50.png 50w, https:\/\/www.gamiac.com\/wp-content\/uploads\/2024\/01\/FP-mouse-banner-1-1.png 600w\" sizes=\"(max-width: 300px) 100vw, 300px\" \/><\/div><\/div><\/div><\/div><\/div><div class=\"w-separator size_custom\" style=\"height:10dvh\" id=\"n025\"><style>@media(max-width:1024px){ #n025{height:5dvh!important}}@media(max-width:600px){ #n025{height:0dvh!important}}<\/style><\/div><\/div><\/div><\/div><\/div><\/section><section class=\"l-section wpb_row us_custom_8cd4af33 height_large width_custom\" style=\"--site-content-width:1640px;\"><div class=\"l-section-h i-cf\"><div class=\"g-cols vc_row via_grid cols_1 laptops-cols_inherit tablets-cols_inherit mobiles-cols_1 valign_middle type_default stacking_default\"><div class=\"wpb_column vc_column_container us_custom_e4992ac4 has_bg_color\"><div class=\"vc_column-inner\"><div class=\"w-separator size_custom\" style=\"height:9dvh\" id=\"o70c\"><style>@media(max-width:1024px){ #o70c{height:5dvh!important}}@media(max-width:600px){ #o70c{height:0dvh!important}}<\/style><\/div><div class=\"g-cols wpb_row via_grid cols_2 laptops-cols_inherit tablets-cols_inherit mobiles-cols_1 valign_middle type_default reversed stacking_default\" style=\"--gap:3rem;\"><div class=\"wpb_column vc_column_container\"><div class=\"vc_column-inner\"><div class=\"w-image align_center\"><div class=\"w-image-h\"><img decoding=\"async\" width=\"800\" height=\"350\" src=\"https:\/\/www.gamiac.com\/wp-content\/uploads\/2024\/01\/FP-keyboard-banner-01-2.png\" class=\"attachment-full size-full wvs-archive-product-image\" alt=\"\" loading=\"lazy\" \/><\/div><\/div><\/div><\/div><div class=\"wpb_column vc_column_container us_custom_5701f5bf\"><div class=\"vc_column-inner\">[vc_custom_heading text=&#8221;N\u00e4pp\u00e4imist\u00f6t&#8221; use_theme_fonts=&#8221;yes&#8221; css=&#8221;%7B%22default%22%3A%7B%22color%22%3A%22%23DCDBDB%22%7D%2C%22laptops%22%3A%7B%22color%22%3A%22%23DCDBDB%22%7D%2C%22tablets%22%3A%7B%22color%22%3A%22%23DCDBDB%22%7D%2C%22mobiles%22%3A%7B%22color%22%3A%22%23DCDBDB%22%7D%7D&#8221;]<div class=\"wpb_text_column us_custom_d5f80afc has_text_color\"><div class=\"wpb_wrapper\"><p style=\"text-align: left;\">P\u00e4\u00e4st\u00e4 potentiaalisi valloilleen pelin\u00e4pp\u00e4imist\u00f6valikoimamme avulla. Tyylikk\u00e4\u00e4n RGB-valaistuksen, vaihdettavien kytkimien ja PBT-n\u00e4pp\u00e4inhattujen ansiosta ne ovat kannettavia rikoskumppaneitasi. Ihanteellinen valinta tyylitietoisille pelaajille, jotka pelaavat dominoidakseen.<\/p>\n<\/div><\/div><div class=\"w-separator size_small\"><\/div><div class=\"w-btn-wrapper default_align_none laptops_align_none tablets_align_none mobiles_align_center\"><a class=\"w-btn us-btn-style_3\" href=\"https:\/\/www.gamiac.com\/fi\/products\/#gaming-keyboards\"><span class=\"w-btn-label\">Tutustu<\/span><\/a><\/div><\/div><\/div><\/div><div class=\"w-separator size_custom\" style=\"height:10dvh\" id=\"z636\"><style>@media(max-width:1024px){ #z636{height:5dvh!important}}@media(max-width:600px){ #z636{height:0dvh!important}}<\/style><\/div><\/div><\/div><\/div><\/div><\/section><section class=\"l-section wpb_row us_custom_4fb9e5a3 height_medium width_custom\" style=\"--site-content-width:1640px;\"><div class=\"l-section-h i-cf\"><div class=\"g-cols vc_row via_grid cols_1 laptops-cols_inherit tablets-cols_inherit mobiles-cols_1 valign_top type_default stacking_default\"><div class=\"wpb_column vc_column_container us_custom_9c0790cc has_bg_color\"><div class=\"vc_column-inner\"><div class=\"w-separator size_custom\" style=\"height:9dvh\" id=\"rcb8\"><style>@media(max-width:1024px){ #rcb8{height:5dvh!important}}@media(max-width:600px){ #rcb8{height:0dvh!important}}<\/style><\/div><div class=\"g-cols wpb_row via_grid cols_2 laptops-cols_inherit tablets-cols_inherit mobiles-cols_1 valign_top type_default stacking_default\" style=\"--gap:3rem;\"><div class=\"wpb_column vc_column_container us_custom_32e5f36f\"><div class=\"vc_column-inner\">[vc_custom_heading text=&#8221;Kuulokkeet&#8221; use_theme_fonts=&#8221;yes&#8221; css=&#8221;%7B%22default%22%3A%7B%22color%22%3A%22%23333333%22%7D%7D&#8221;]<div class=\"wpb_text_column us_custom_4076faf9 has_text_color\"><div class=\"wpb_wrapper\"><p style=\"text-align: left;\">Sukella mukavuuteen RGB-pelikuulokkeidemme kanssa: uppoudu niiden pilvim\u00e4iseen tuntumaan ja 7.1 surround-\u00e4\u00e4nen autuuteen. Taustamelua vaimentava mikrofoni pit\u00e4\u00e4 keskustelut kristallinkirkkaina.<\/p>\n<\/div><\/div><div class=\"w-separator size_small\"><\/div><div class=\"w-btn-wrapper default_align_none laptops_align_none tablets_align_none mobiles_align_center\"><a class=\"w-btn us-btn-style_3\" href=\"https:\/\/www.gamiac.com\/fi\/products\/#gaming-headsets\"><span class=\"w-btn-label\">Tutustu<\/span><\/a><\/div><\/div><\/div><div class=\"wpb_column vc_column_container us_custom_c481fbcc\"><div class=\"vc_column-inner\"><\/div><\/div><\/div><div class=\"g-cols wpb_row hide_on_mobiles via_grid cols_1 laptops-cols_inherit tablets-cols_inherit mobiles-cols_1 valign_top type_default stacking_default\" style=\"--gap:3rem;\"><div class=\"wpb_column vc_column_container\"><div class=\"vc_column-inner\"><div id=\"ult-easy-separator-375041342669f4c9f6bf9d8\" class=\"ult-easy-separator-wrapper ult-responsive ult-top-easy-separator ult-easy-separator-no-default ult-right-img\" style=\"transform: translate(0,-70%)!important;-ms-transform: translate(0,-70%)!important;-webkit-transform: translate(0,-70%)!important;right:10%;transform: translate(10%,-70%);-ms-transform: translate(10%,-70%);-webkit-transform: translate(10%,-70%);\" data-vc-row=\"wpb_row\"  data-ultimate-target='#ult-easy-separator-375041342669f4c9f6bf9d8'  data-responsive-json-new='{\"width\":\"desktop:530px;tablet:320px;tablet_portrait:250px;mobile_landscape:200px;\"}' ><div class=\"ult-easy-separator-inner-wrapper\"><div class=\"ult-no-animation\" style=\"opacity:0;\"   ><img decoding=\"async\" class=\"ult-easy-separator-img\" alt=\"null\" src=\"https:\/\/www.gamiac.com\/wp-content\/uploads\/2024\/01\/FP-headset-banner-1.png\" \/><\/div><\/div><\/div><\/div><\/div><\/div><div class=\"w-separator size_custom\" style=\"height:8dvh\" id=\"pb3d\"><style>@media(max-width:1024px){ #pb3d{height:5dvh!important}}@media(max-width:600px){ #pb3d{height:0dvh!important}}<\/style><\/div><\/div><\/div><\/div><\/div><\/section><section class=\"l-section wpb_row us_custom_0d15be52 height_large width_custom\" style=\"--site-content-width:1640px;\"><div class=\"l-section-h i-cf\"><div class=\"g-cols vc_row via_grid cols_1 laptops-cols_inherit tablets-cols_inherit mobiles-cols_1 valign_middle type_default stacking_default\"><div class=\"wpb_column vc_column_container us_custom_11f878a8 has_bg_color\"><div class=\"vc_column-inner\"><div class=\"w-separator size_custom\" style=\"height:4dvh\" id=\"y10b\"><style>@media(max-width:1024px){ #y10b{height:2dvh!important}}@media(max-width:600px){ #y10b{height:0dvh!important}}<\/style><\/div><div class=\"g-cols wpb_row via_grid cols_2 laptops-cols_inherit tablets-cols_inherit mobiles-cols_1 valign_middle type_default reversed stacking_default\" style=\"--gap:3rem;\"><div class=\"wpb_column vc_column_container\"><div class=\"vc_column-inner\"><div class=\"w-image align_center\"><div class=\"w-image-h\"><img decoding=\"async\" width=\"700\" height=\"371\" src=\"https:\/\/www.gamiac.com\/wp-content\/uploads\/2024\/03\/FP-mousepad-banner-1-700x371.png\" class=\"attachment-woocommerce_single size-woocommerce_single wvs-archive-product-image\" alt=\"\" loading=\"lazy\" srcset=\"https:\/\/www.gamiac.com\/wp-content\/uploads\/2024\/03\/FP-mousepad-banner-1-700x371.png 700w, https:\/\/www.gamiac.com\/wp-content\/uploads\/2024\/03\/FP-mousepad-banner-1-300x159.png 300w, https:\/\/www.gamiac.com\/wp-content\/uploads\/2024\/03\/FP-mousepad-banner-1-600x318.png 600w, https:\/\/www.gamiac.com\/wp-content\/uploads\/2024\/03\/FP-mousepad-banner-1-450x239.png 450w, https:\/\/www.gamiac.com\/wp-content\/uploads\/2024\/03\/FP-mousepad-banner-1-150x80.png 150w, https:\/\/www.gamiac.com\/wp-content\/uploads\/2024\/03\/FP-mousepad-banner-1-200x106.png 200w, https:\/\/www.gamiac.com\/wp-content\/uploads\/2024\/03\/FP-mousepad-banner-1.png 762w\" sizes=\"(max-width: 700px) 100vw, 700px\" \/><\/div><\/div><\/div><\/div><div class=\"wpb_column vc_column_container us_custom_5701f5bf\"><div class=\"vc_column-inner\">[vc_custom_heading text=&#8221;Hiirimatot&#8221; use_theme_fonts=&#8221;yes&#8221; css=&#8221;%7B%22default%22%3A%7B%22color%22%3A%22%23DCDBDB%22%7D%2C%22laptops%22%3A%7B%22color%22%3A%22%23DCDBDB%22%7D%2C%22tablets%22%3A%7B%22color%22%3A%22%23DCDBDB%22%7D%2C%22mobiles%22%3A%7B%22color%22%3A%22%23DCDBDB%22%7D%7D&#8221;]<div class=\"wpb_text_column us_custom_d5f80afc has_text_color\"><div class=\"wpb_wrapper\"><p style=\"text-align: left;\">Liu&#8217;uta voittoon pelihiirimatoillamme. Sile\u00e4n pintansa ja ison kokonsa ansiosta ne ovat kuin hiiren tanssilattia. Liukumaton pohja ja roiskevedenpit\u00e4vyys varmistavat voiton hurjimmissakin pelihetkiss\u00e4.<\/p>\n<\/div><\/div><div class=\"w-separator size_small\"><\/div><div class=\"w-btn-wrapper default_align_none laptops_align_none tablets_align_none mobiles_align_center\"><a class=\"w-btn us-btn-style_3\" href=\"\/fi\/products\/#gaming-mousepad\"><span class=\"w-btn-label\">Tutustu<\/span><\/a><\/div><\/div><\/div><\/div><div class=\"w-separator size_custom\" style=\"height:4dvh\" id=\"m105\"><style>@media(max-width:1024px){ #m105{height:2dvh!important}}@media(max-width:600px){ #m105{height:0dvh!important}}<\/style><\/div><\/div><\/div><\/div><\/div><\/section>\n","protected":false},"excerpt":{"rendered":"[vc_custom_heading text=\"Oletko sin\u00e4kin GAMIAC?\" font_container=\"tag:h2|text_align:center\" use_theme_fonts=\"yes\" css=\"%7B%22default%22%3A%7B%22color%22%3A%22%23DCDBDB%22%7D%7D\"][vc_custom_heading text=\"HIIRET\" use_theme_fonts=\"yes\" css=\"%7B%22default%22%3A%7B%22color%22%3A%22%23f8f8f8%22%7D%7D\"] Mutkittele ja kurvaile RGB-pelihiirill\u00e4mme: kevyit\u00e4 kuin h\u00f6yhen, mutta kovia taisteluissa. PixArt-antureilla varustettuina ja pikselintarkkoina ne ovat luotettavia apureitasi pelitaisteluissa. Tutustu[vc_custom_heading text=\"N\u00e4pp\u00e4imist\u00f6t\" use_theme_fonts=\"yes\" css=\"%7B%22default%22%3A%7B%22color%22%3A%22%23DCDBDB%22%7D%2C%22laptops%22%3A%7B%22color%22%3A%22%23DCDBDB%22%7D%2C%22tablets%22%3A%7B%22color%22%3A%22%23DCDBDB%22%7D%2C%22mobiles%22%3A%7B%22color%22%3A%22%23DCDBDB%22%7D%7D\"] P\u00e4\u00e4st\u00e4 potentiaalisi valloilleen pelin\u00e4pp\u00e4imist\u00f6valikoimamme avulla. Tyylikk\u00e4\u00e4n RGB-valaistuksen, vaihdettavien kytkimien ja PBT-n\u00e4pp\u00e4inhattujen ansiosta ne ovat kannettavia rikoskumppaneitasi. Ihanteellinen valinta tyylitietoisille pelaajille, jotka pelaavat...","protected":false},"author":7,"featured_media":0,"parent":0,"menu_order":0,"comment_status":"closed","ping_status":"closed","template":"","meta":{"inline_featured_image":false,"footnotes":""},"class_list":["post-2617","page","type-page","status-publish","hentry"],"_links":{"self":[{"href":"https:\/\/www.gamiac.com\/fi\/wp-json\/wp\/v2\/pages\/2617"}],"collection":[{"href":"https:\/\/www.gamiac.com\/fi\/wp-json\/wp\/v2\/pages"}],"about":[{"href":"https:\/\/www.gamiac.com\/fi\/wp-json\/wp\/v2\/types\/page"}],"author":[{"embeddable":true,"href":"https:\/\/www.gamiac.com\/fi\/wp-json\/wp\/v2\/users\/7"}],"replies":[{"embeddable":true,"href":"https:\/\/www.gamiac.com\/fi\/wp-json\/wp\/v2\/comments?post=2617"}],"version-history":[{"count":9,"href":"https:\/\/www.gamiac.com\/fi\/wp-json\/wp\/v2\/pages\/2617\/revisions"}],"predecessor-version":[{"id":4058,"href":"https:\/\/www.gamiac.com\/fi\/wp-json\/wp\/v2\/pages\/2617\/revisions\/4058"}],"wp:attachment":[{"href":"https:\/\/www.gamiac.com\/fi\/wp-json\/wp\/v2\/media?parent=2617"}],"curies":[{"name":"wp","href":"https:\/\/api.w.org\/{rel}","templated":true}]}}