{"id":2408,"date":"2024-01-29T03:28:51","date_gmt":"2024-01-29T03:28:51","guid":{"rendered":"https:\/\/www.gamiac.com\/about-us\/"},"modified":"2024-03-18T05:42:56","modified_gmt":"2024-03-18T05:42:56","slug":"about-us","status":"publish","type":"page","link":"https:\/\/www.gamiac.com\/fr\/about-us\/","title":{"rendered":"\u00c0 propos de nous"},"content":{"rendered":"<section class=\"l-section wpb_row us_custom_b7a68ffe height_medium\"><div class=\"l-section-h i-cf\"><div class=\"g-cols vc_row via_grid cols_1 laptops-cols_inherit tablets-cols_inherit mobiles-cols_1 valign_top type_default stacking_default\"><div class=\"wpb_column vc_column_container\"><div class=\"vc_column-inner\"><div class=\"g-cols wpb_row via_grid cols_1 laptops-cols_inherit tablets-cols_inherit mobiles-cols_1 valign_top type_default stacking_default\" style=\"--gap:3rem;\"><div class=\"wpb_column vc_column_container\"><div class=\"vc_column-inner\"><div class=\"w-image align_center\"><div class=\"w-image-h\"><img decoding=\"async\" width=\"150\" height=\"150\" src=\"https:\/\/www.gamiac.com\/wp-content\/uploads\/2024\/01\/Gamiac-logo-V1.png\" class=\"attachment-us_150_0 size-us_150_0 wvs-archive-product-image\" alt=\"\" loading=\"lazy\" srcset=\"https:\/\/www.gamiac.com\/wp-content\/uploads\/2024\/01\/Gamiac-logo-V1.png 300w, https:\/\/www.gamiac.com\/wp-content\/uploads\/2024\/01\/Gamiac-logo-V1-100x100.png 100w, https:\/\/www.gamiac.com\/wp-content\/uploads\/2024\/01\/Gamiac-logo-V1-50x50.png 50w\" sizes=\"(max-width: 150px) 100vw, 150px\" \/><\/div><\/div><\/div><\/div><\/div><div class=\"w-separator size_small\"><\/div><div class=\"g-cols wpb_row via_grid cols_custom laptops-cols_inherit tablets-cols_inherit mobiles-cols_1 valign_top type_default stacking_default\" style=\"--gap:3rem;--custom-columns:0.5fr 5fr 0.5fr \"><div class=\"wpb_column vc_column_container\"><div class=\"vc_column-inner\"><\/div><\/div><div class=\"wpb_column vc_column_container\"><div class=\"vc_column-inner\">[vc_custom_heading text=\u00a0\u00bb\u00c0 propos de GAMIAC\u00a0\u00bb font_container=\u00a0\u00bbtag:h2|text_align:center\u00a0\u00bb use_theme_fonts=\u00a0\u00bbyes\u00a0\u00bb css=\u00a0\u00bb%7B%22default%22%3A%7B%22color%22%3A%22%23DCDBDB%22%7D%7D\u00a0\u00bb]<div class=\"wpb_text_column us_custom_6df4bc3a has_text_color\"><div class=\"wpb_wrapper\"><p style=\"text-align: center;\">Bienvenue chez GAMIAC, o\u00f9 le jeu n&rsquo;est pas seulement un passe-temps, mais un style de vie color\u00e9 et plein d&rsquo;entrain ! Chez GAMIAC, nous comprenons cela. Les jeux vid\u00e9o vous fascinent et vous m\u00e9ritez un \u00e9quipement \u00e0 la hauteur de votre passion. C&rsquo;est pourquoi nous sommes l\u00e0 pour vous proposer un large \u00e9ventail de casques, claviers, souris et tapis de souris pour le jeu. Nous pensons qu&rsquo;un \u00e9quipement de jeu bien con\u00e7u ne devrait pas \u00eatre un luxe ; c&rsquo;est une n\u00e9cessit\u00e9 pour tous les joueurs.    <\/p>\n<\/div><\/div><\/div><\/div><div class=\"wpb_column vc_column_container\"><div class=\"vc_column-inner\"><\/div><\/div><\/div><\/div><\/div><\/div><\/div><\/section><section class=\"l-section wpb_row us_custom_e9899b5c height_small\"><div class=\"l-section-h i-cf\"><div class=\"g-cols vc_row via_grid cols_1 laptops-cols_inherit tablets-cols_inherit mobiles-cols_1 valign_top type_default stacking_default\"><div class=\"wpb_column vc_column_container\"><div class=\"vc_column-inner\"><div class=\"g-cols wpb_row via_grid cols_2-3 laptops-cols_inherit tablets-cols_inherit mobiles-cols_1 valign_top type_default stacking_default\" style=\"--gap:4rem;\"><div class=\"wpb_column vc_column_container\"><div class=\"vc_column-inner\"><div class=\"w-separator size_medium\"><\/div><div class=\"wpb_text_column us_custom_6df4bc3a has_text_color\"><div class=\"wpb_wrapper\"><p style=\"text-align: left;\">Notre mantra ? La qualit\u00e9 \u00e0 un prix \u00e9quitable. Notre objectif est de vous proposer des \u00e9quipements qui vous permettent d&rsquo;avoir l&rsquo;air cool, de vous sentir bien et de jouer comme les pros. Que vous soyez un guerrier du week-end, un maraudeur de minuit ou un desperado de l&rsquo;aube, l&rsquo;\u00e9quipement de GAMIAC est con\u00e7u pour alimenter votre flamme pour le jeu. Consid\u00e9rez-nous comme un ma\u00eetre de jeu faiseur de miracles, transformant votre configuration de \u00ab m\u00e9diocre \u00bb \u00e0 \u00ab magique \u00bb en un seul clic.    <\/p>\n<p>Notre sauce secr\u00e8te est notre appartenance \u00e0 Pro Gamers Group, une source de d\u00e9veloppement et de connaissances du secteur haut de gamme qui nous permet d&rsquo;\u00eatre \u00e0 la hauteur de nos valeurs. Cette relation unique nous permet de cr\u00e9er des produits qui ne sont pas seulement cool et color\u00e9s ; ils sont con\u00e7us pour catapulter votre jeu vers des sommets stellaires. Alors, rejoignez le gang GAMIAC et pr\u00e9parez-vous \u00e0 la gloire, car chaque aficionado des jeux m\u00e9rite de briller !  <\/p>\n<\/div><\/div><\/div><\/div><div class=\"wpb_column vc_column_container\"><div class=\"vc_column-inner\"><div class=\"w-image style_shadow-1 has_ratio align_center\"><div class=\"w-image-h\"><div style=\"padding-bottom:75%\"><\/div><img decoding=\"async\" width=\"2560\" height=\"1400\" src=\"https:\/\/www.gamiac.com\/wp-content\/uploads\/2024\/01\/Category-mice-bg-2x_1.jpg\" class=\"attachment-full size-full wvs-archive-product-image\" alt=\"\" loading=\"lazy\" srcset=\"https:\/\/www.gamiac.com\/wp-content\/uploads\/2024\/01\/Category-mice-bg-2x_1.jpg 2560w, https:\/\/www.gamiac.com\/wp-content\/uploads\/2024\/01\/Category-mice-bg-2x_1-700x383.jpg 700w, https:\/\/www.gamiac.com\/wp-content\/uploads\/2024\/01\/Category-mice-bg-2x_1-300x164.jpg 300w, https:\/\/www.gamiac.com\/wp-content\/uploads\/2024\/01\/Category-mice-bg-2x_1-600x328.jpg 600w, https:\/\/www.gamiac.com\/wp-content\/uploads\/2024\/01\/Category-mice-bg-2x_1-450x246.jpg 450w, https:\/\/www.gamiac.com\/wp-content\/uploads\/2024\/01\/Category-mice-bg-2x_1-150x82.jpg 150w\" sizes=\"(max-width: 2560px) 100vw, 2560px\" \/><\/div><\/div><\/div><\/div><\/div><div class=\"w-separator size_medium\"><\/div><\/div><\/div><\/div><\/div><\/section>\n","protected":false},"excerpt":{"rendered":"[vc_custom_heading text=\"\u00c0 propos de GAMIAC\" font_container=\"tag:h2|text_align:center\" use_theme_fonts=\"yes\" css=\"%7B%22default%22%3A%7B%22color%22%3A%22%23DCDBDB%22%7D%7D\"] Bienvenue chez GAMIAC, o\u00f9 le jeu n&rsquo;est pas seulement un passe-temps, mais un style de vie color\u00e9 et plein d&rsquo;entrain ! Chez GAMIAC, nous comprenons cela. Les jeux vid\u00e9o vous fascinent et vous m\u00e9ritez un \u00e9quipement \u00e0 la hauteur de votre passion. C&rsquo;est pourquoi nous sommes l\u00e0...","protected":false},"author":7,"featured_media":0,"parent":0,"menu_order":0,"comment_status":"closed","ping_status":"closed","template":"","meta":{"inline_featured_image":false,"footnotes":""},"class_list":["post-2408","page","type-page","status-publish","hentry"],"_links":{"self":[{"href":"https:\/\/www.gamiac.com\/fr\/wp-json\/wp\/v2\/pages\/2408"}],"collection":[{"href":"https:\/\/www.gamiac.com\/fr\/wp-json\/wp\/v2\/pages"}],"about":[{"href":"https:\/\/www.gamiac.com\/fr\/wp-json\/wp\/v2\/types\/page"}],"author":[{"embeddable":true,"href":"https:\/\/www.gamiac.com\/fr\/wp-json\/wp\/v2\/users\/7"}],"replies":[{"embeddable":true,"href":"https:\/\/www.gamiac.com\/fr\/wp-json\/wp\/v2\/comments?post=2408"}],"version-history":[{"count":5,"href":"https:\/\/www.gamiac.com\/fr\/wp-json\/wp\/v2\/pages\/2408\/revisions"}],"predecessor-version":[{"id":2800,"href":"https:\/\/www.gamiac.com\/fr\/wp-json\/wp\/v2\/pages\/2408\/revisions\/2800"}],"wp:attachment":[{"href":"https:\/\/www.gamiac.com\/fr\/wp-json\/wp\/v2\/media?parent=2408"}],"curies":[{"name":"wp","href":"https:\/\/api.w.org\/{rel}","templated":true}]}}