{"id":2481,"date":"2024-01-26T03:42:51","date_gmt":"2024-01-26T03:42:51","guid":{"rendered":"https:\/\/www.gamiac.com\/tech-support\/"},"modified":"2024-02-26T06:36:09","modified_gmt":"2024-02-26T06:36:09","slug":"tech-support","status":"publish","type":"page","link":"https:\/\/www.gamiac.com\/fr\/tech-support\/","title":{"rendered":"Support technique"},"content":{"rendered":"<section class=\"l-section wpb_row height_small width_custom\" style=\"--site-content-width:1600px;\"><div class=\"l-section-h i-cf\"><div class=\"g-cols vc_row via_grid cols_1 laptops-cols_inherit tablets-cols_inherit mobiles-cols_1 valign_middle type_default stacking_default\"><div class=\"wpb_column vc_column_container\"><div class=\"vc_column-inner\"><div class=\"g-cols wpb_row via_grid cols_1 laptops-cols_inherit tablets-cols_inherit mobiles-cols_1 valign_middle type_default stacking_default\" style=\"--gap:3rem;\"><div class=\"wpb_column vc_column_container\"><div class=\"vc_column-inner\"><div class=\"w-image us_custom_e5a1bcaa style_shadow-1 align_center\"><div class=\"w-image-h\"><img decoding=\"async\" width=\"1600\" height=\"500\" src=\"https:\/\/www.gamiac.com\/wp-content\/uploads\/2024\/01\/FP-techsupport-bg.jpg\" class=\"attachment-full size-full wvs-archive-product-image\" alt=\"\" loading=\"lazy\" srcset=\"https:\/\/www.gamiac.com\/wp-content\/uploads\/2024\/01\/FP-techsupport-bg.jpg 1600w, https:\/\/www.gamiac.com\/wp-content\/uploads\/2024\/01\/FP-techsupport-bg-700x219.jpg 700w, https:\/\/www.gamiac.com\/wp-content\/uploads\/2024\/01\/FP-techsupport-bg-300x94.jpg 300w, https:\/\/www.gamiac.com\/wp-content\/uploads\/2024\/01\/FP-techsupport-bg-600x188.jpg 600w, https:\/\/www.gamiac.com\/wp-content\/uploads\/2024\/01\/FP-techsupport-bg-450x141.jpg 450w\" sizes=\"(max-width: 1600px) 100vw, 1600px\" \/><\/div><\/div><\/div><\/div><\/div><div class=\"w-separator size_small\"><\/div><div class=\"g-cols wpb_row via_grid cols_1-3 laptops-cols_inherit tablets-cols_inherit mobiles-cols_1 valign_middle type_default stacking_default\" style=\"--gap:3rem;\"><div class=\"wpb_column vc_column_container\"><div class=\"vc_column-inner\"><span class=\"w-text us_custom_eb5d1f53 has_text_color\"><span class=\"w-text-h\"><span class=\"w-text-value\">Support technique<\/span><\/span><\/span><\/div><\/div><div class=\"wpb_column vc_column_container\"><div class=\"vc_column-inner\"><\/div><\/div><\/div><\/div><\/div><\/div><\/div><\/section><section class=\"l-section wpb_row height_small\"><div class=\"l-section-h i-cf\"><div class=\"g-cols vc_row via_grid cols_1 laptops-cols_inherit tablets-cols_inherit mobiles-cols_1 valign_top type_default stacking_default\"><div class=\"wpb_column vc_column_container\"><div class=\"vc_column-inner\"><div class=\"g-cols wpb_row via_grid cols_custom laptops-cols_inherit tablets-cols_inherit mobiles-cols_1 valign_top type_default stacking_default\" style=\"--gap:3rem;--custom-columns:1fr 4fr 1fr \"><div class=\"wpb_column vc_column_container\"><div class=\"vc_column-inner\"><\/div><\/div><div class=\"wpb_column vc_column_container\"><div class=\"vc_column-inner\"><div class=\"wpb_text_column\"><div class=\"wpb_wrapper\"><p style=\"text-align: center;\">Veuillez utiliser le formulaire ci-dessous pour toute question concernant nos produits et nous vous r\u00e9pondrons dans les plus brefs d\u00e9lais.<\/p>\n<\/div><\/div><\/div><\/div><div class=\"wpb_column vc_column_container\"><div class=\"vc_column-inner\"><\/div><\/div><\/div><div class=\"w-separator size_small\"><\/div><div class=\"g-cols wpb_row via_grid cols_custom laptops-cols_inherit tablets-cols_inherit mobiles-cols_1 valign_top type_default stacking_default\" style=\"--gap:3rem;--custom-columns:1fr 4fr 1fr \"><div class=\"wpb_column vc_column_container\"><div class=\"vc_column-inner\"><\/div><\/div><div class=\"wpb_column vc_column_container\"><div class=\"vc_column-inner\">\n<div class=\"wpcf7 no-js\" id=\"wpcf7-f2477-o1\" lang=\"fr-FR\" dir=\"ltr\">\n<div class=\"screen-reader-response\"><p role=\"status\" aria-live=\"polite\" aria-atomic=\"true\"><\/p> <ul><\/ul><\/div>\n<form action=\"\/fr\/wp-json\/wp\/v2\/pages\/2481#wpcf7-f2477-o1\" method=\"post\" class=\"wpcf7-form init\" aria-label=\"Formulaire de contact\" novalidate=\"novalidate\" data-status=\"init\">\n<div style=\"display: none;\">\n<input type=\"hidden\" name=\"_wpcf7\" value=\"2477\" \/>\n<input type=\"hidden\" name=\"_wpcf7_version\" value=\"5.9.8\" \/>\n<input type=\"hidden\" name=\"_wpcf7_locale\" value=\"fr_FR\" \/>\n<input type=\"hidden\" name=\"_wpcf7_unit_tag\" value=\"wpcf7-f2477-o1\" \/>\n<input type=\"hidden\" name=\"_wpcf7_container_post\" value=\"0\" \/>\n<input type=\"hidden\" name=\"_wpcf7_posted_data_hash\" value=\"\" \/>\n<input type=\"hidden\" name=\"_wpcf7_recaptcha_response\" value=\"\" \/>\n<\/div>\n<p><label>Type de produit*<br \/>\n<span class=\"wpcf7-form-control-wrap\" data-name=\"Product\"><select class=\"wpcf7-form-control wpcf7-select wpcf7-validates-as-required\" aria-required=\"true\" aria-invalid=\"false\" name=\"Product\"><option value=\"Select\">Select<\/option><option value=\"Souris\">Souris<\/option><option value=\"Claviers\">Claviers<\/option><option value=\"Casques\">Casques<\/option><option value=\"Tapis de souris\">Tapis de souris<\/option><\/select><\/span><br \/>\n<\/label>\n<\/p>\n<p><label>Mod\u00e8le<br \/>\n<span class=\"wpcf7-form-control-wrap\" data-name=\"Model\"><input size=\"40\" maxlength=\"400\" class=\"wpcf7-form-control wpcf7-text\" aria-invalid=\"false\" placeholder=\"Model Name\" value=\"\" type=\"text\" name=\"Model\" \/><\/span><\/label>\n<\/p>\n<p><label> Nom*<br \/>\n<span class=\"wpcf7-form-control-wrap\" data-name=\"your-name\"><input size=\"40\" maxlength=\"400\" class=\"wpcf7-form-control wpcf7-text wpcf7-validates-as-required\" aria-required=\"true\" aria-invalid=\"false\" placeholder=\"Nom*\" value=\"\" type=\"text\" name=\"your-name\" \/><\/span> <\/label>\n<\/p>\n<p><label> Email*<br \/>\n<span class=\"wpcf7-form-control-wrap\" data-name=\"your-email\"><input size=\"40\" maxlength=\"400\" class=\"wpcf7-form-control wpcf7-email wpcf7-validates-as-required wpcf7-text wpcf7-validates-as-email\" aria-required=\"true\" aria-invalid=\"false\" placeholder=\"Email*\" value=\"\" type=\"email\" name=\"your-email\" \/><\/span> <\/label>\n<\/p>\n<p><label> Pays* <\/label><br \/>\n<span class=\"wpcf7-form-control-wrap\" data-name=\"Country\"><select class=\"wpcf7-form-control wpcf7-select\" aria-invalid=\"false\" name=\"Country\"><option value=\"Aruba\">Aruba<\/option><option value=\"Afghanistan\">Afghanistan<\/option><option value=\"Angola\">Angola<\/option><option value=\"Albania\">Albania<\/option><option value=\"Andorra\">Andorra<\/option><option value=\"United Arab Emirates\">United Arab Emirates<\/option><option value=\"Argentina\">Argentina<\/option><option value=\"Armenia\">Armenia<\/option><option value=\"American Samoa\">American Samoa<\/option><option value=\"Antigua and Barbuda\">Antigua and Barbuda<\/option><option value=\"Australia\">Australia<\/option><option value=\"Austria\">Austria<\/option><option value=\"Azerbaijan\">Azerbaijan<\/option><option value=\"Burundi\">Burundi<\/option><option value=\"Belgium\">Belgium<\/option><option value=\"Benin\">Benin<\/option><option value=\"Burkina Faso\">Burkina Faso<\/option><option value=\"Bangladesh\">Bangladesh<\/option><option value=\"Bulgaria\">Bulgaria<\/option><option value=\"Bahrain\">Bahrain<\/option><option value=\"Bahamas\">Bahamas<\/option><option value=\"Bosnia and Herzegovina\">Bosnia and Herzegovina<\/option><option value=\"Belarus\">Belarus<\/option><option value=\"Belize\">Belize<\/option><option value=\"Bermuda\">Bermuda<\/option><option value=\"Bolivia, Plurinational State of\">Bolivia, Plurinational State of<\/option><option value=\"Brazil\">Brazil<\/option><option value=\"Barbados\">Barbados<\/option><option value=\"Brunei Darussalam\">Brunei Darussalam<\/option><option value=\"Bhutan\">Bhutan<\/option><option value=\"Botswana\">Botswana<\/option><option value=\"Central African Republic\">Central African Republic<\/option><option value=\"Canada\">Canada<\/option><option value=\"Switzerland\">Switzerland<\/option><option value=\"Chile\">Chile<\/option><option value=\"China\">China<\/option><option value=\"C\u00f4te d&#039;Ivoire\">C\u00f4te d&#039;Ivoire<\/option><option value=\"Cameroon\">Cameroon<\/option><option value=\"Congo, Democratic Republic of the\">Congo, Democratic Republic of the<\/option><option value=\"Congo\">Congo<\/option><option value=\"Cook Islands\">Cook Islands<\/option><option value=\"Colombia\">Colombia<\/option><option value=\"Comoros\">Comoros<\/option><option value=\"Cabo Verde\">Cabo Verde<\/option><option value=\"Costa Rica\">Costa Rica<\/option><option value=\"Cuba\">Cuba<\/option><option value=\"Cayman Islands\">Cayman Islands<\/option><option value=\"Cyprus\">Cyprus<\/option><option value=\"Czechia\">Czechia<\/option><option value=\"Germany\">Germany<\/option><option value=\"Djibouti\">Djibouti<\/option><option value=\"Dominica\">Dominica<\/option><option value=\"Denmark\">Denmark<\/option><option value=\"Dominican Republic\">Dominican Republic<\/option><option value=\"Algeria\">Algeria<\/option><option value=\"Ecuador\">Ecuador<\/option><option value=\"Egypt\">Egypt<\/option><option value=\"Eritrea\">Eritrea<\/option><option value=\"Spain\">Spain<\/option><option value=\"Estonia\">Estonia<\/option><option value=\"Ethiopia\">Ethiopia<\/option><option value=\"Finland\">Finland<\/option><option value=\"Fiji\">Fiji<\/option><option value=\"France\">France<\/option><option value=\"Micronesia, Federated States of\">Micronesia, Federated States of<\/option><option value=\"Gabon\">Gabon<\/option><option value=\"United Kingdom of Great Britain and Northern Ireland\">United Kingdom of Great Britain and Northern Ireland<\/option><option value=\"Georgia\">Georgia<\/option><option value=\"Ghana\">Ghana<\/option><option value=\"Guinea\">Guinea<\/option><option value=\"Gambia\">Gambia<\/option><option value=\"Guinea-Bissau\">Guinea-Bissau<\/option><option value=\"Equatorial Guinea\">Equatorial Guinea<\/option><option value=\"Greece\">Greece<\/option><option value=\"Grenada\">Grenada<\/option><option value=\"Guatemala\">Guatemala<\/option><option value=\"Guam\">Guam<\/option><option value=\"Guyana\">Guyana<\/option><option value=\"Hong Kong\">Hong Kong<\/option><option value=\"Honduras\">Honduras<\/option><option value=\"Croatia\">Croatia<\/option><option value=\"Haiti\">Haiti<\/option><option value=\"Hungary\">Hungary<\/option><option value=\"Indonesia\">Indonesia<\/option><option value=\"India\">India<\/option><option value=\"Ireland\">Ireland<\/option><option value=\"Iran, Islamic Republic of\">Iran, Islamic Republic of<\/option><option value=\"Iraq\">Iraq<\/option><option value=\"Iceland\">Iceland<\/option><option value=\"Israel\">Israel<\/option><option value=\"Italy\">Italy<\/option><option value=\"Jamaica\">Jamaica<\/option><option value=\"Jordan\">Jordan<\/option><option value=\"Japan\">Japan<\/option><option value=\"Kazakhstan\">Kazakhstan<\/option><option value=\"Kenya\">Kenya<\/option><option value=\"Kyrgyzstan\">Kyrgyzstan<\/option><option value=\"Cambodia\">Cambodia<\/option><option value=\"Kiribati\">Kiribati<\/option><option value=\"Saint Kitts and Nevis\">Saint Kitts and Nevis<\/option><option value=\"Korea, Republic of\">Korea, Republic of<\/option><option value=\"Kuwait\">Kuwait<\/option><option value=\"Lao People&#039;s Democratic Republic\">Lao People&#039;s Democratic Republic<\/option><option value=\"Lebanon\">Lebanon<\/option><option value=\"Liberia\">Liberia<\/option><option value=\"Libya\">Libya<\/option><option value=\"Saint Lucia\">Saint Lucia<\/option><option value=\"Liechtenstein\">Liechtenstein<\/option><option value=\"Sri Lanka\">Sri Lanka<\/option><option value=\"Lesotho\">Lesotho<\/option><option value=\"Lithuania\">Lithuania<\/option><option value=\"Luxembourg\">Luxembourg<\/option><option value=\"Latvia\">Latvia<\/option><option value=\"Morocco\">Morocco<\/option><option value=\"Monaco\">Monaco<\/option><option value=\"Moldova, Republic of\">Moldova, Republic of<\/option><option value=\"Madagascar\">Madagascar<\/option><option value=\"Maldives\">Maldives<\/option><option value=\"Mexico\">Mexico<\/option><option value=\"Marshall Islands\">Marshall Islands<\/option><option value=\"North Macedonia\">North Macedonia<\/option><option value=\"Mali\">Mali<\/option><option value=\"Malta\">Malta<\/option><option value=\"Myanmar\">Myanmar<\/option><option value=\"Montenegro\">Montenegro<\/option><option value=\"Mongolia\">Mongolia<\/option><option value=\"Mozambique\">Mozambique<\/option><option value=\"Mauritania\">Mauritania<\/option><option value=\"Mauritius\">Mauritius<\/option><option value=\"Malawi\">Malawi<\/option><option value=\"Malaysia\">Malaysia<\/option><option value=\"Namibia\">Namibia<\/option><option value=\"Niger\">Niger<\/option><option value=\"Nigeria\">Nigeria<\/option><option value=\"Nicaragua\">Nicaragua<\/option><option value=\"Netherlands, Kingdom of the\">Netherlands, Kingdom of the<\/option><option value=\"Norway\">Norway<\/option><option value=\"Nepal\">Nepal<\/option><option value=\"Nauru\">Nauru<\/option><option value=\"New Zealand\">New Zealand<\/option><option value=\"Oman\">Oman<\/option><option value=\"Pakistan\">Pakistan<\/option><option value=\"Panama\">Panama<\/option><option value=\"Peru\">Peru<\/option><option value=\"Philippines\">Philippines<\/option><option value=\"Palau\">Palau<\/option><option value=\"Papua New Guinea\">Papua New Guinea<\/option><option value=\"Poland\">Poland<\/option><option value=\"Puerto Rico\">Puerto Rico<\/option><option value=\"Korea, Democratic People&#039;s Republic of\">Korea, Democratic People&#039;s Republic of<\/option><option value=\"Portugal\">Portugal<\/option><option value=\"Paraguay\">Paraguay<\/option><option value=\"Palestine, State of\">Palestine, State of<\/option><option value=\"Qatar\">Qatar<\/option><option value=\"Romania\">Romania<\/option><option value=\"Russian Federation\">Russian Federation<\/option><option value=\"Rwanda\">Rwanda<\/option><option value=\"Saudi Arabia\">Saudi Arabia<\/option><option value=\"Sudan\">Sudan<\/option><option value=\"Senegal\">Senegal<\/option><option value=\"Singapore\">Singapore<\/option><option value=\"Solomon Islands\">Solomon Islands<\/option><option value=\"Sierra Leone\">Sierra Leone<\/option><option value=\"El Salvador\">El Salvador<\/option><option value=\"San Marino\">San Marino<\/option><option value=\"Somalia\">Somalia<\/option><option value=\"Serbia\">Serbia<\/option><option value=\"South Sudan\">South Sudan<\/option><option value=\"Sao Tome and Principe\">Sao Tome and Principe<\/option><option value=\"Suriname\">Suriname<\/option><option value=\"Slovakia\">Slovakia<\/option><option value=\"Slovenia\">Slovenia<\/option><option value=\"Sweden\">Sweden<\/option><option value=\"Eswatini\">Eswatini<\/option><option value=\"Seychelles\">Seychelles<\/option><option value=\"Syrian Arab Republic\">Syrian Arab Republic<\/option><option value=\"Chad\">Chad<\/option><option value=\"Togo\">Togo<\/option><option value=\"Thailand\">Thailand<\/option><option value=\"Tajikistan\">Tajikistan<\/option><option value=\"Turkmenistan\">Turkmenistan<\/option><option value=\"Timor-Leste\">Timor-Leste<\/option><option value=\"Tonga\">Tonga<\/option><option value=\"Trinidad and Tobago\">Trinidad and Tobago<\/option><option value=\"Tunisia\">Tunisia<\/option><option value=\"T\u00fcrkiye\">T\u00fcrkiye<\/option><option value=\"Tuvalu\">Tuvalu<\/option><option value=\"Taiwan, Province of China\">Taiwan, Province of China<\/option><option value=\"Tanzania, United Republic of\">Tanzania, United Republic of<\/option><option value=\"Uganda\">Uganda<\/option><option value=\"Ukraine\">Ukraine<\/option><option value=\"Uruguay\">Uruguay<\/option><option value=\"United States of America\">United States of America<\/option><option value=\"Uzbekistan\">Uzbekistan<\/option><option value=\"Saint Vincent and the Grenadines\">Saint Vincent and the Grenadines<\/option><option value=\"Venezuela, Bolivarian Republic of\">Venezuela, Bolivarian Republic of<\/option><option value=\"Virgin Islands, British\">Virgin Islands, British<\/option><option value=\"Virgin Islands, U.S.\">Virgin Islands, U.S.<\/option><option value=\"Viet Nam\">Viet Nam<\/option><option value=\"Vanuatu\">Vanuatu<\/option><option value=\"Samoa\">Samoa<\/option><option value=\"Yemen\">Yemen<\/option><option value=\"South Africa\">South Africa<\/option><option value=\"Zambia\">Zambia<\/option><option value=\"Zimbabwe\">Zimbabwe<\/option><\/select><\/span>\n<\/p>\n<p><label> Sujet*<br \/>\n<span class=\"wpcf7-form-control-wrap\" data-name=\"your-subject\"><input size=\"40\" maxlength=\"400\" class=\"wpcf7-form-control wpcf7-text wpcf7-validates-as-required\" aria-required=\"true\" aria-invalid=\"false\" placeholder=\"Sujet\" value=\"\" type=\"text\" name=\"your-subject\" \/><\/span> <\/label>\n<\/p>\n<p><label> Message<br \/>\n<span class=\"wpcf7-form-control-wrap\" data-name=\"your-message\"><textarea cols=\"40\" rows=\"10\" maxlength=\"2000\" class=\"wpcf7-form-control wpcf7-textarea\" aria-invalid=\"false\" placeholder=\"Veuillez \u00eatre aussi d\u00e9taill\u00e9 que possible dans votre message.\" name=\"your-message\"><\/textarea><\/span> <\/label>\n<\/p>\n<p><input class=\"wpcf7-form-control wpcf7-submit has-spinner\" type=\"submit\" value=\"Envoyer\" \/>\n<\/p><div class=\"wpcf7-response-output\" aria-hidden=\"true\"><\/div>\n<\/form>\n<\/div>\n<\/div><\/div><div class=\"wpb_column vc_column_container\"><div class=\"vc_column-inner\"><\/div><\/div><\/div><\/div><\/div><\/div><\/div><\/section>\n","protected":false},"excerpt":{"rendered":"Support technique Veuillez utiliser le formulaire ci-dessous pour toute question concernant nos produits et nous vous r\u00e9pondrons dans les plus brefs d\u00e9lais. Type de produit* SelectSourisClaviersCasquesTapis de souris Mod\u00e8le Nom* Email* Pays* ArubaAfghanistanAngolaAlbaniaAndorraUnited Arab EmiratesArgentinaArmeniaAmerican SamoaAntigua and BarbudaAustraliaAustriaAzerbaijanBurundiBelgiumBeninBurkina FasoBangladeshBulgariaBahrainBahamasBosnia and HerzegovinaBelarusBelizeBermudaBolivia, Plurinational State ofBrazilBarbadosBrunei DarussalamBhutanBotswanaCentral African RepublicCanadaSwitzerlandChileChinaC\u00f4te d&#039;IvoireCameroonCongo, Democratic Republic of theCongoCook IslandsColombiaComorosCabo VerdeCosta RicaCubaCayman...","protected":false},"author":7,"featured_media":0,"parent":0,"menu_order":0,"comment_status":"closed","ping_status":"closed","template":"","meta":{"inline_featured_image":false,"footnotes":""},"class_list":["post-2481","page","type-page","status-publish","hentry"],"_links":{"self":[{"href":"https:\/\/www.gamiac.com\/fr\/wp-json\/wp\/v2\/pages\/2481"}],"collection":[{"href":"https:\/\/www.gamiac.com\/fr\/wp-json\/wp\/v2\/pages"}],"about":[{"href":"https:\/\/www.gamiac.com\/fr\/wp-json\/wp\/v2\/types\/page"}],"author":[{"embeddable":true,"href":"https:\/\/www.gamiac.com\/fr\/wp-json\/wp\/v2\/users\/7"}],"replies":[{"embeddable":true,"href":"https:\/\/www.gamiac.com\/fr\/wp-json\/wp\/v2\/comments?post=2481"}],"version-history":[{"count":2,"href":"https:\/\/www.gamiac.com\/fr\/wp-json\/wp\/v2\/pages\/2481\/revisions"}],"predecessor-version":[{"id":2493,"href":"https:\/\/www.gamiac.com\/fr\/wp-json\/wp\/v2\/pages\/2481\/revisions\/2493"}],"wp:attachment":[{"href":"https:\/\/www.gamiac.com\/fr\/wp-json\/wp\/v2\/media?parent=2481"}],"curies":[{"name":"wp","href":"https:\/\/api.w.org\/{rel}","templated":true}]}}