{"id":2542,"date":"2023-08-01T07:46:25","date_gmt":"2023-08-01T07:46:25","guid":{"rendered":"https:\/\/www.gamiac.com\/?page_id=2542"},"modified":"2024-02-29T02:49:27","modified_gmt":"2024-02-29T02:49:27","slug":"privacy-policy","status":"publish","type":"page","link":"https:\/\/www.gamiac.com\/fr\/privacy-policy\/","title":{"rendered":"Politique de confidentialit\u00e9"},"content":{"rendered":"<section class=\"l-section wpb_row us_custom_e9899b5c height_auto width_custom\" style=\"--site-content-width:1330px;\"><div class=\"l-section-h i-cf\"><div class=\"g-cols vc_row via_grid cols_1 laptops-cols_inherit tablets-cols_inherit mobiles-cols_1 valign_middle type_default stacking_default\"><div class=\"wpb_column vc_column_container\"><div class=\"vc_column-inner\"><div class=\"w-separator size_custom\" style=\"height:10px\" id=\"r88b\"><style><\/style><\/div><div class=\"g-cols wpb_row via_grid cols_2 laptops-cols_inherit tablets-cols_inherit mobiles-cols_1 valign_middle type_default stacking_default\" style=\"--gap:3rem;\"><div class=\"wpb_column vc_column_container\"><div class=\"vc_column-inner\"><div class=\"wpb_text_column us_custom_6df4bc3a has_text_color\"><div class=\"wpb_wrapper\"><p>Veuillez lire ce qui suit pour en savoir plus sur notre politique de confidentialit\u00e9.<\/p>\n<\/div><\/div><\/div><\/div><div class=\"wpb_column vc_column_container\"><div class=\"vc_column-inner\"><div class=\"w-image align_center\"><div class=\"w-image-h\"><img decoding=\"async\" width=\"150\" height=\"150\" src=\"https:\/\/www.gamiac.com\/wp-content\/uploads\/2024\/01\/Gamiac-logo-V1.png\" class=\"attachment-us_150_0 size-us_150_0 wvs-archive-product-image\" alt=\"\" loading=\"lazy\" srcset=\"https:\/\/www.gamiac.com\/wp-content\/uploads\/2024\/01\/Gamiac-logo-V1.png 300w, https:\/\/www.gamiac.com\/wp-content\/uploads\/2024\/01\/Gamiac-logo-V1-100x100.png 100w, https:\/\/www.gamiac.com\/wp-content\/uploads\/2024\/01\/Gamiac-logo-V1-50x50.png 50w\" sizes=\"(max-width: 150px) 100vw, 150px\" \/><\/div><\/div><\/div><\/div><\/div><div class=\"w-separator size_custom\" style=\"height:10px\" id=\"we21\"><style><\/style><\/div><\/div><\/div><\/div><\/div><\/section><section class=\"l-section wpb_row height_medium width_custom\" style=\"--site-content-width:1330px;\"><div class=\"l-section-h i-cf\"><div class=\"g-cols vc_row via_grid cols_1 laptops-cols_inherit tablets-cols_inherit mobiles-cols_1 valign_middle type_default stacking_default\"><div class=\"wpb_column vc_column_container\"><div class=\"vc_column-inner\"><div class=\"g-cols wpb_row via_grid cols_1 laptops-cols_inherit tablets-cols_inherit mobiles-cols_1 valign_middle type_default stacking_default\" style=\"--gap:3rem;\"><div class=\"wpb_column vc_column_container\"><div class=\"vc_column-inner\"><div class=\"wpb_text_column\"><div class=\"wpb_wrapper\"><p><strong>Ce qui est couvert par cette politique de confidentialit\u00e9<\/strong><\/p>\n<ul>\n<li>Cette politique couvre la mani\u00e8re dont GAMIAC traite les donn\u00e9es personnelles que GAMIAC recueille et re\u00e7oit, y compris les informations relatives \u00e0 votre utilisation pass\u00e9e des produits et des services de GAMIAC. Les informations personnelles sont des informations vous concernant qui sont personnellement identifiables, comme votre nom, votre adresse, votre adresse e-mail ou votre num\u00e9ro de t\u00e9l\u00e9phone, et qui ne sont pas normalement accessibles au public.<\/li>\n<li>Cette politique ne s&rsquo;applique pas aux pratiques des entreprises qui n\u2019appartiennent pas ou ne sont pas contr\u00f4l\u00e9es par GAMIAC, ni aux personnes qui ne sont pas employ\u00e9es ou g\u00e9r\u00e9es par GAMIAC. En outre, certaines soci\u00e9t\u00e9s associ\u00e9es \u00e0 GAMIAC peuvent avoir leurs propres politiques de confidentialit\u00e9.<\/li>\n<\/ul>\n<\/div><\/div><div class=\"w-separator size_small\"><\/div><div class=\"wpb_text_column\"><div class=\"wpb_wrapper\"><p><strong>Collecte et utilisation de ces informations<\/strong><\/p>\n<ul>\n<li>GAMIAC recueillera et stockera vos informations personnelles lorsque vous vous enregistrez avec GAMIAC, lorsque vous utilisez des produits ou des services de GAMIAC, lorsque vous visitez les pages de GAMIAC ou les pages de certains partenaires de GAMIAC, et lorsque vous participez \u00e0 des promotions ou \u00e0 des tirages au sort.<\/li>\n<li>GAMIAC vous demandera de fournir certaines informations personnelles telles que votre nom, votre adresse, votre adresse e-mail, votre date de naissance, votre sexe, votre code postal, votre profession, votre secteur d&rsquo;activit\u00e9, vos int\u00e9r\u00eats personnels et d&rsquo;autres informations sur vos biens lorsque vous vous enregistrez sur notre site web, ces informations seront obtenues par GAMIAC, stock\u00e9es et utilis\u00e9es par GAMIAC sur la base de votre consentement. La confirmation de votre consentement sera consid\u00e9r\u00e9e comme acquise lorsque vous vous enregistrez avec succ\u00e8s sur notre site web. Lorsque vous vous enregistrez sur notre site web et que vous vous connectez \u00e0 nos services, vous arr\u00eatez d&rsquo;\u00eatre un utilisateur anonyme pour GAMIAC.<\/li>\n<li>Pour am\u00e9liorer le service et maintenir une meilleure communication avec les clients, GAMIAC utilisera les informations susmentionn\u00e9es aux fins g\u00e9n\u00e9rales suivantes\u00a0:\n<ul>\n<li>Personnaliser les publicit\u00e9s et les contenus, r\u00e9pondre \u00e0 vos demandes de produits et de services, am\u00e9liorer nos services, vous contacter, effectuer des enqu\u00eates et fournir des rapports anonymes \u00e0 des clients internes et externes.<\/li>\n<li>Collecter, stocker et combiner ces informations et les partager avec les affili\u00e9s de GAMIAC et les partenaires de confiance qui op\u00e8rent au nom de GAMIAC dans le cadre d&rsquo;accords de confidentialit\u00e9 pour \u00e9tablir le syst\u00e8me de gestion publique des clients. Ces soci\u00e9t\u00e9s peuvent utiliser vos informations personnelles pour aider GAMIAC \u00e0 communiquer avec vous au sujet des offres de GAMIAC et de ses partenaires commerciaux. Ces soci\u00e9t\u00e9s n&rsquo;auront toutefois pas le droit de partager ces informations.<\/li>\n<li>\u00a0 Communiquer avec vous ou confirmer votre demande avec des questionnaires en ligne lors de l&rsquo;utilisation des informations par les partenaires commerciaux ou les sous-traitants de GAMIAC pour recommander ou pr\u00e9senter les produits, services et informations de vente de GAMIAC.<\/li>\n<\/ul>\n<\/li>\n<\/ul>\n<p>Il est consid\u00e9r\u00e9 que vous acceptez d&rsquo;autoriser GAMIAC \u00e0 collecter et \u00e0 utiliser les informations susmentionn\u00e9es sur la base de la pr\u00e9sente politique de confidentialit\u00e9, mais vous avez toujours le droit d\u2019effacer des informations que vous avez fournies \u00e0 GAMIAC. Pour prot\u00e9ger vos droits, vous pouvez envoyer une demande d\u2019effacement \u00e0 GAMIAC par courrier avec votre signature. Votre demande sera trait\u00e9e dans les sept (7) jours ouvrables. GAMIAC traitera vos informations conform\u00e9ment \u00e0 la loi et \u00e0 la r\u00e9glementation de la R\u00e9publique de Chine (Ta\u00efwan).<\/p>\n<\/div><\/div><div class=\"w-separator size_small\"><\/div><div class=\"wpb_text_column\"><div class=\"wpb_wrapper\"><p><strong>Cookies<\/strong><\/p>\n<p>Les cookies sont de petits fichiers qu&rsquo;un site ou un fournisseur de services place sur le disque dur de votre ordinateur par l&rsquo;interm\u00e9diaire de votre navigateur web (si vous l&rsquo;autorisez), ce qui permet aux syst\u00e8mes du site ou du fournisseur de services de reconna\u00eetre votre navigateur et de capturer et de conserver certaines informations. Par exemple, nous utilisons des cookies pour nous aider \u00e0 collecter et \u00e0 traiter les articles de votre panier d&rsquo;achat. Ils sont \u00e9galement utilis\u00e9s pour nous aider \u00e0 comprendre vos pr\u00e9f\u00e9rences en fonction de vos activit\u00e9s ant\u00e9rieures ou actuelles sur le site, ce qui nous permet d\u2019am\u00e9liorer nos services. Nous utilisons \u00e9galement des cookies pour nous aider \u00e0 compiler des donn\u00e9es globales sur le trafic et l&rsquo;interaction avec le site pour pouvoir offrir une meilleure exp\u00e9rience et de meilleurs outils \u00e0 l&rsquo;avenir.<\/p>\n<p><strong>Nous utilisons des cookies pour\u00a0:<\/strong><\/p>\n<ul>\n<li>Comprendre et enregistrer les pr\u00e9f\u00e9rences de l&rsquo;utilisateur pour les visites ult\u00e9rieures.<\/li>\n<li>Le suivi des publicit\u00e9s.<\/li>\n<\/ul>\n<p>Vous pouvez choisir que votre ordinateur vous avertisse chaque fois qu&rsquo;un cookie est envoy\u00e9, ou vous pouvez choisir de d\u00e9sactiver tous les cookies. Vous pouvez faire cela via les param\u00e8tres de votre navigateur (par exemple\u00a0: Internet Explorer). Chaque navigateur a des param\u00e8tres diff\u00e9rents, veuillez donc consulter le menu Aide de votre navigateur pour savoir comment faire pour modifier vos cookies. Si vous d\u00e9sactivez les cookies, il se peut que votre exp\u00e9rience sur le site ne soit pas aussi bonne et que certains de nos services ne fonctionnent pas correctement.<\/p>\n<\/div><\/div><div class=\"w-separator size_small\"><\/div><div class=\"wpb_text_column\"><div class=\"wpb_wrapper\"><p><strong>Non-responsabilit\u00e9<\/strong><\/p>\n<p>Ce site web est la propri\u00e9t\u00e9 de GAMIAC, mais GAMIAC ne garantit pas la s\u00e9curit\u00e9, la confidentialit\u00e9 ou tout autre contenu pertinent des autres sites web li\u00e9s \u00e0 ce site web et aucune relation d&#8217;employ\u00e9, d&rsquo;agence, de repr\u00e9sentant ou de partenariat n&rsquo;a \u00e9t\u00e9 cr\u00e9\u00e9e par ces liens.<\/p>\n<p><strong>Confidentialit\u00e9 et s\u00e9curit\u00e9<\/strong><\/p>\n<ul>\n<li>Pour prot\u00e9ger votre s\u00e9curit\u00e9 et vos informations personnelles, vos informations dans le compte GAMIAC seront prot\u00e9g\u00e9es par un mot de passe.<\/li>\n<li>Dans certains cas, GAMIAC utilisera le syst\u00e8me de s\u00e9curit\u00e9 SSL pour prot\u00e9ger ces informations pendant la transmission.<\/li>\n<li>Nous limitons l&rsquo;acc\u00e8s \u00e0 vos informations personnelles aux employ\u00e9s qui, selon nous, ont raisonnablement besoin d&rsquo;utiliser ces informations pour vous fournir des produits ou des services ou pour exercer leurs fonctions.<\/li>\n<li>Nous avons des garanties physiques, \u00e9lectroniques et proc\u00e9durales conformes aux r\u00e9glementations f\u00e9d\u00e9rales pour prot\u00e9ger vos informations personnelles.<\/li>\n<\/ul>\n<\/div><\/div><div class=\"w-separator size_small\"><\/div><div class=\"wpb_text_column\"><div class=\"wpb_wrapper\"><p><strong>Modifications de la pr\u00e9sente politique de confidentialit\u00e9<\/strong><\/p>\n<p>GAMIAC se r\u00e9serve le droit de modifier ou de r\u00e9voquer cette politique de temps \u00e0 autre pour r\u00e9pondre \u00e0 toute nouvelle situation. Nous vous conseillons de lire attentivement cette politique chaque fois que cela s&rsquo;av\u00e8re n\u00e9cessaire pour faire face \u00e0 chaque nouvelle situation. Nous annoncerons tout changement significatif directement sur ce site web.<\/p>\n<p><strong>Questions et suggestions<\/strong><\/p>\n<p>Si vous avez des questions ou des suggestions, n&rsquo;h\u00e9sitez pas \u00e0 nous contacter de la mani\u00e8re suivante\u00a0:<\/p>\n<ol>\n<li>Par e-mail\u00a0: <span><a style=\"color: #1e1e1e;\" href=\"mailto:info@gamiac.onmicrosoft.com\" target=\"_blank\" rel=\"noopener\">info@gamiac.onmicrosoft.com<\/a><\/span><\/li>\n<\/ol>\n<\/div><\/div><\/div><\/div><\/div><\/div><\/div><\/div><\/div><\/section>\n","protected":false},"excerpt":{"rendered":"Veuillez lire ce qui suit pour en savoir plus sur notre politique de confidentialit\u00e9. Ce qui est couvert par cette politique de confidentialit\u00e9 Cette politique couvre la mani\u00e8re dont GAMIAC traite les donn\u00e9es personnelles que GAMIAC recueille et re\u00e7oit, y compris les informations relatives \u00e0 votre utilisation pass\u00e9e des produits et des services de GAMIAC....","protected":false},"author":7,"featured_media":0,"parent":0,"menu_order":0,"comment_status":"closed","ping_status":"closed","template":"","meta":{"inline_featured_image":false,"footnotes":""},"class_list":["post-2542","page","type-page","status-publish","hentry"],"_links":{"self":[{"href":"https:\/\/www.gamiac.com\/fr\/wp-json\/wp\/v2\/pages\/2542"}],"collection":[{"href":"https:\/\/www.gamiac.com\/fr\/wp-json\/wp\/v2\/pages"}],"about":[{"href":"https:\/\/www.gamiac.com\/fr\/wp-json\/wp\/v2\/types\/page"}],"author":[{"embeddable":true,"href":"https:\/\/www.gamiac.com\/fr\/wp-json\/wp\/v2\/users\/7"}],"replies":[{"embeddable":true,"href":"https:\/\/www.gamiac.com\/fr\/wp-json\/wp\/v2\/comments?post=2542"}],"version-history":[{"count":4,"href":"https:\/\/www.gamiac.com\/fr\/wp-json\/wp\/v2\/pages\/2542\/revisions"}],"predecessor-version":[{"id":2600,"href":"https:\/\/www.gamiac.com\/fr\/wp-json\/wp\/v2\/pages\/2542\/revisions\/2600"}],"wp:attachment":[{"href":"https:\/\/www.gamiac.com\/fr\/wp-json\/wp\/v2\/media?parent=2542"}],"curies":[{"name":"wp","href":"https:\/\/api.w.org\/{rel}","templated":true}]}}