{"id":2584,"date":"2023-08-01T07:46:25","date_gmt":"2023-08-01T07:46:25","guid":{"rendered":"https:\/\/www.gamiac.com\/?page_id=2584"},"modified":"2024-02-29T02:50:05","modified_gmt":"2024-02-29T02:50:05","slug":"privacy-policy","status":"publish","type":"page","link":"https:\/\/www.gamiac.com\/pt-pt\/privacy-policy\/","title":{"rendered":"Pol\u00edtica de privacidade"},"content":{"rendered":"<section class=\"l-section wpb_row us_custom_e9899b5c height_auto width_custom\" style=\"--site-content-width:1330px;\"><div class=\"l-section-h i-cf\"><div class=\"g-cols vc_row via_grid cols_1 laptops-cols_inherit tablets-cols_inherit mobiles-cols_1 valign_middle type_default stacking_default\"><div class=\"wpb_column vc_column_container\"><div class=\"vc_column-inner\"><div class=\"w-separator size_custom\" style=\"height:10px\" id=\"wf37\"><style><\/style><\/div><div class=\"g-cols wpb_row via_grid cols_2 laptops-cols_inherit tablets-cols_inherit mobiles-cols_1 valign_middle type_default stacking_default\" style=\"--gap:3rem;\"><div class=\"wpb_column vc_column_container\"><div class=\"vc_column-inner\"><div class=\"wpb_text_column us_custom_6df4bc3a has_text_color\"><div class=\"wpb_wrapper\"><p>L\u00ea a sec\u00e7\u00e3o seguinte para saber mais sobre a nossa pol\u00edtica de privacidade.<\/p>\n<\/div><\/div><\/div><\/div><div class=\"wpb_column vc_column_container\"><div class=\"vc_column-inner\"><div class=\"w-image align_center\"><div class=\"w-image-h\"><img decoding=\"async\" width=\"150\" height=\"150\" src=\"https:\/\/www.gamiac.com\/wp-content\/uploads\/2024\/01\/Gamiac-logo-V1.png\" class=\"attachment-us_150_0 size-us_150_0 wvs-archive-product-image\" alt=\"\" loading=\"lazy\" srcset=\"https:\/\/www.gamiac.com\/wp-content\/uploads\/2024\/01\/Gamiac-logo-V1.png 300w, https:\/\/www.gamiac.com\/wp-content\/uploads\/2024\/01\/Gamiac-logo-V1-100x100.png 100w, https:\/\/www.gamiac.com\/wp-content\/uploads\/2024\/01\/Gamiac-logo-V1-50x50.png 50w\" sizes=\"(max-width: 150px) 100vw, 150px\" \/><\/div><\/div><\/div><\/div><\/div><div class=\"w-separator size_custom\" style=\"height:10px\" id=\"n430\"><style><\/style><\/div><\/div><\/div><\/div><\/div><\/section><section class=\"l-section wpb_row height_medium width_custom\" style=\"--site-content-width:1330px;\"><div class=\"l-section-h i-cf\"><div class=\"g-cols vc_row via_grid cols_1 laptops-cols_inherit tablets-cols_inherit mobiles-cols_1 valign_middle type_default stacking_default\"><div class=\"wpb_column vc_column_container\"><div class=\"vc_column-inner\"><div class=\"g-cols wpb_row via_grid cols_1 laptops-cols_inherit tablets-cols_inherit mobiles-cols_1 valign_middle type_default stacking_default\" style=\"--gap:3rem;\"><div class=\"wpb_column vc_column_container\"><div class=\"vc_column-inner\"><div class=\"wpb_text_column\"><div class=\"wpb_wrapper\"><p><strong>O que aborda esta pol\u00edtica de privacidade<\/strong><\/p>\n<ul>\n<li>Esta pol\u00edtica aborda a forma como a GAMIAC trata as informa\u00e7\u00f5es pessoais que a GAMIAC recolhe e recebe sobre o utilizador, incluindo informa\u00e7\u00f5es relacionadas com a sua anterior utiliza\u00e7\u00e3o dos produtos e servi\u00e7os GAMIAC. As informa\u00e7\u00f5es pessoais s\u00e3o informa\u00e7\u00f5es que permitem identificar o utilizador, como o nome, morada, endere\u00e7o de e-mail ou n\u00famero de telefone, e que n\u00e3o est\u00e3o dispon\u00edveis publicamente de outra forma<\/li>\n<li>Esta pol\u00edtica n\u00e3o se aplica \u00e0s pr\u00e1ticas de empresas que a GAMIAC n\u00e3o det\u00e9m ou controla, ou \u00e0s pessoas que a GAMIAC n\u00e3o emprega ou gere. Al\u00e9m disso, certas empresas associadas \u00e0 GAMIAC podem ter as suas pr\u00f3prias declara\u00e7\u00f5es de privacidade.<\/li>\n<\/ul>\n<\/div><\/div><div class=\"w-separator size_small\"><\/div><div class=\"wpb_text_column\"><div class=\"wpb_wrapper\"><p><strong>Recolha e utiliza\u00e7\u00e3o de informa\u00e7\u00f5es<\/strong><\/p>\n<ul>\n<li>A GAMIAC recolhe e armazena as informa\u00e7\u00f5es pessoais do utilizador quando efetua o seu registo com a GAMIAC, quando utiliza os produtos ou servi\u00e7os da GAMIAC, quando visita as p\u00e1ginas da GAMIAC ou as p\u00e1ginas de determinados parceiros da GAMIAC, e quando participa em promo\u00e7\u00f5es ou sorteios.<\/li>\n<li>A GAMIAC solicita ao utilizador que preencha algumas informa\u00e7\u00f5es pessoais, como nome, morada, endere\u00e7o de e-mail, data de nascimento, c\u00f3digo postal, profiss\u00e3o, ind\u00fastria, interesses pessoais e outras informa\u00e7\u00f5es sobre os ativos do utilizador quando o mesmo se regista no website da GAMIAC, e as informa\u00e7\u00f5es acima referidas ser\u00e3o divulgadas \u00e0 GAMIAC, armazenadas e utilizadas pela mesma com o consentimento do utilizador. O utilizador confirma o seu consentimento quando efetua o registo com \u00eaxito no nosso website. Quando se regista no nosso website e acede aos nossos servi\u00e7os, o utilizador deixa de ser um utilizador an\u00f3nimo da GAMIAC.<\/li>\n<li>\u00a0 Para melhorar o servi\u00e7o e preservar uma comunica\u00e7\u00e3o de excel\u00eancia com os clientes, a GAMIAC utiliza as informa\u00e7\u00f5es acima referidas para as seguintes finalidades gerais:\n<ul>\n<li>Para personalizar a publicidade e o conte\u00fado, satisfazer os pedidos de produtos e servi\u00e7os do utilizador, melhorar os nossos servi\u00e7os, entrar em contacto com o utilizador, realizar investiga\u00e7\u00f5es e fornecer relat\u00f3rios an\u00f3nimos a clientes internos e externos.<\/li>\n<li>Para recolher, armazenar e combinar as informa\u00e7\u00f5es e partilhar com os afiliados e parceiros de confian\u00e7a da GAMIAC que trabalham com a GAMIAC ou em nome da mesma ao abrigo de acordo de confidencialidade para estabelecer o sistema de gest\u00e3o p\u00fablica dos clientes. Estas empresas podem utilizar as informa\u00e7\u00f5es pessoais do utilizador para ajudar a GAMIAC a comunicar com o utilizador sobre ofertas da GAMIAC e dos nossos parceiros de marketing. No entanto, estas empresas n\u00e3o t\u00eam nenhum direito independente de partilhar estas informa\u00e7\u00f5es.<\/li>\n<li>Para comunicar com o utilizador ou confirmar o seu pedido atrav\u00e9s de question\u00e1rios online ap\u00f3s a utiliza\u00e7\u00e3o das informa\u00e7\u00f5es por parte de parceiros de neg\u00f3cios ou subcontratantes da GAMIAC, ou para introduzir informa\u00e7\u00f5es sobre produtos, servi\u00e7os e vendas da GAMIAC.<\/li>\n<\/ul>\n<\/li>\n<\/ul>\n<p>Considera-se que autoriza a GAMIAC a recolher e utilizar as informa\u00e7\u00f5es acima referidas com base nesta pol\u00edtica de privacidade, por\u00e9m o utilizador continua a ter o direito de suprimir as informa\u00e7\u00f5es que forneceu \u00e0 GAMIAC. Para proteger os direitos do utilizador, pode enviar um pedido de rescis\u00e3o \u00e0 GAMIAC por e-mail com a sua assinatura. O seu pedido ser\u00e1 processado no prazo de sete (7) dias \u00fateis. A GAMIAC ir\u00e1 tratar as suas informa\u00e7\u00f5es de acordo com as leis e regulamenta\u00e7\u00f5es da Rep\u00fablica da China (Taiwan).<\/p>\n<\/div><\/div><div class=\"w-separator size_small\"><\/div><div class=\"wpb_text_column\"><div class=\"wpb_wrapper\"><p><strong>Cookies<\/strong><\/p>\n<p>Os cookies s\u00e3o ficheiros pequenos que os sites utilizam ou os seus fornecedores de servi\u00e7os transferem para o disco r\u00edgido do computador do utilizado atrav\u00e9s do navegador Web (se o utilizador permitir). Estes ficheiros permitem que os sistemas dos sites ou dos fornecedores de servi\u00e7os reconhe\u00e7am o navegador do utilizador e recolham e guardem determinadas informa\u00e7\u00f5es. Por exemplo, utilizamos cookies para recolhermos e processarmos os itens no seu carrinho de compras. Tamb\u00e9m s\u00e3o utilizados para nos ajudar a compreender as prefer\u00eancias do utilizador com base na sua atividade anterior ou atual do site, o que nos permite fornecer-lhe servi\u00e7os melhorados. Tamb\u00e9m utilizamos cookies para compilar dados agregados sobre o tr\u00e1fego do site e a intera\u00e7\u00e3o do site, para que possamos oferecer melhores experi\u00eancias de utiliza\u00e7\u00e3o do site e melhores ferramentas no futuro.<\/p>\n<p><strong>Utilizamos cookies para:<\/strong><\/p>\n<ul>\n<li>Determinar e guardar as prefer\u00eancias do utilizador para visitas futuras.<\/li>\n<li>Monitorizar a publicidade.<\/li>\n<\/ul>\n<p>O utilizador pode optar por ser avisado pelo computador sempre que um cookie \u00e9 enviado, ou pode escolher desativar todos os cookies. Pode faz\u00ea-lo atrav\u00e9s das defini\u00e7\u00f5es do seu navegador (por exemplo: Internet Explorer). Cada navegador possui defini\u00e7\u00f5es diferentes, portanto consulte o menu Ajuda do navegador para saber como modificar os seus cookies. Se desativar os cookies, algumas funcionalidades podem afetar a efici\u00eancia da experi\u00eancia no site e alguns dos nossos servi\u00e7os podem funcionar incorretamente.<\/p>\n<\/div><\/div><div class=\"w-separator size_small\"><\/div><div class=\"wpb_text_column\"><div class=\"wpb_wrapper\"><p><strong>Isen\u00e7\u00e3o de responsabilidade<\/strong><\/p>\n<p>Este website \u00e9 da propriedade da GAMIAC, mas a GAMIAC n\u00e3o garante qualquer seguran\u00e7a, privacidade ou outros conte\u00fados relevantes de outros websites ligados a este website, e nenhum trabalhador, ag\u00eancia ou parceria foi criada atrav\u00e9s pelas liga\u00e7\u00f5es.<\/p>\n<p><strong>Confidencialidade e seguran\u00e7a<br \/>\n<\/strong><\/p>\n<ul>\n<li>\u00a0 Para proteger a seguran\u00e7a e privacidade do utilizador, as suas informa\u00e7\u00f5es na Conta GAMIAC ser\u00e3o protegidas por palavra-passe<\/li>\n<li>Ocasionalmente, a GAMIAC utilizar\u00e1 o sistema de seguran\u00e7a SSL para proteger as informa\u00e7\u00f5es durante a transmiss\u00e3o.<\/li>\n<li>Limitamos o acesso \u00e0s informa\u00e7\u00f5es pessoais do utilizador aos trabalhadores que consideramos razoavelmente necess\u00e1rios para utilizar essas informa\u00e7\u00f5es para fornecer produtos ou servi\u00e7os ao utilizador ou para desempenharem as suas fun\u00e7\u00f5es.<\/li>\n<li>Dispomos de medidas de seguran\u00e7a f\u00edsicas, eletr\u00f3nicas e processuais que cumprem os regulamentos federais para proteger as informa\u00e7\u00f5es pessoais do utilizador.<\/li>\n<\/ul>\n<\/div><\/div><div class=\"w-separator size_small\"><\/div><div class=\"wpb_text_column\"><div class=\"wpb_wrapper\"><p><strong>Altera\u00e7\u00f5es a esta pol\u00edtica de privacidade<\/strong><\/p>\n<p>A GAMIAC reserva o direito de modificar ou descontinuar esta pol\u00edtica para fazer face a qualquer situa\u00e7\u00e3o atual que surja. Recomendamos que leia atentamente esta pol\u00edtica sempre que necess\u00e1rio para fazer face a qualquer situa\u00e7\u00e3o nova. Qualquer altera\u00e7\u00e3o significativa ser\u00e1 anunciada neste website.<\/p>\n<p><strong>Perguntas e sugest\u00f5es<\/strong><\/p>\n<p>Se tiver alguma d\u00favida ou sugest\u00e3o, n\u00e3o hesite em contactar-nos da seguinte forma:<\/p>\n<ol>\n<li>Por e-mail: <span><a style=\"color: #1e1e1e;\" href=\"mailto:info@gamiac.onmicrosoft.com\" target=\"_blank\" rel=\"noopener\">info@gamiac.onmicrosoft.com<\/a><\/span><\/li>\n<\/ol>\n<\/div><\/div><\/div><\/div><\/div><\/div><\/div><\/div><\/div><\/section>\n","protected":false},"excerpt":{"rendered":"L\u00ea a sec\u00e7\u00e3o seguinte para saber mais sobre a nossa pol\u00edtica de privacidade. O que aborda esta pol\u00edtica de privacidade Esta pol\u00edtica aborda a forma como a GAMIAC trata as informa\u00e7\u00f5es pessoais que a GAMIAC recolhe e recebe sobre o utilizador, incluindo informa\u00e7\u00f5es relacionadas com a sua anterior utiliza\u00e7\u00e3o dos produtos e servi\u00e7os GAMIAC. As...","protected":false},"author":7,"featured_media":0,"parent":0,"menu_order":0,"comment_status":"closed","ping_status":"closed","template":"","meta":{"inline_featured_image":false,"footnotes":""},"class_list":["post-2584","page","type-page","status-publish","hentry"],"_links":{"self":[{"href":"https:\/\/www.gamiac.com\/pt-pt\/wp-json\/wp\/v2\/pages\/2584"}],"collection":[{"href":"https:\/\/www.gamiac.com\/pt-pt\/wp-json\/wp\/v2\/pages"}],"about":[{"href":"https:\/\/www.gamiac.com\/pt-pt\/wp-json\/wp\/v2\/types\/page"}],"author":[{"embeddable":true,"href":"https:\/\/www.gamiac.com\/pt-pt\/wp-json\/wp\/v2\/users\/7"}],"replies":[{"embeddable":true,"href":"https:\/\/www.gamiac.com\/pt-pt\/wp-json\/wp\/v2\/comments?post=2584"}],"version-history":[{"count":2,"href":"https:\/\/www.gamiac.com\/pt-pt\/wp-json\/wp\/v2\/pages\/2584\/revisions"}],"predecessor-version":[{"id":2601,"href":"https:\/\/www.gamiac.com\/pt-pt\/wp-json\/wp\/v2\/pages\/2584\/revisions\/2601"}],"wp:attachment":[{"href":"https:\/\/www.gamiac.com\/pt-pt\/wp-json\/wp\/v2\/media?parent=2584"}],"curies":[{"name":"wp","href":"https:\/\/api.w.org\/{rel}","templated":true}]}}